{"id":6221,"date":"2023-01-19T16:21:08","date_gmt":"2023-01-19T16:21:08","guid":{"rendered":"https:\/\/tavapy.gov.py\/biblioteca\/?post_type=product&#038;p=6221"},"modified":"2023-01-19T16:21:08","modified_gmt":"2023-01-19T16:21:08","slug":"alucinaciones","status":"publish","type":"product","link":"https:\/\/tavapy.gov.py\/biblioteca\/product\/alucinaciones\/","title":{"rendered":"ALUCINACIONES."},"content":{"rendered":"","protected":false},"excerpt":{"rendered":"<p>Oliver Sacks con esta obra publicada en el 2.012, nos adentra en los entresijos de la mente humana con la fascinante maestr\u00eda a la que nos tiene acostumbrados.<\/p>\n<p>No vemos con los ojos, sino con el cerebro; de ah\u00ed que muchas veces veamos cosas que no est\u00e1n delante de nosotros, cosas que a veces llamamos apariciones, fantasmas o visiones, conceptos, todos ellos, que obedecen al t\u00e9rmino gen\u00e9rico de \u00abalucinaciones\u00bb. Pero las alucinaciones no son s\u00f3lo visuales.<\/p>\n<p>Como nos explica Oliver Sacks en su nuevo y fascinante libro, las alucinaciones tambi\u00e9n pueden ser olfativas o auditivas. Cu\u00e1ntas veces hemos \u00abo\u00eddo\u00bb que alguien nos llamaba y al volvernos no hab\u00eda nadie; o hemos experimentado un olor cuya presencia es f\u00edsicamente imposible; o hemos cre\u00eddo que alguien nos segu\u00eda; o hemos \u00abvisto\u00bb algo que la raz\u00f3n nos dice que no pertenece a nuestro mundo.<\/p>\n<p>Asociadas en la mentalidad popular con la locura, las alucinaciones obedecen muchas veces a un simple problema neurol\u00f3gico con nombre y apellido, y tienen m\u00e1s que ver con la privaci\u00f3n sensorial, la ebriedad, la enfermedad o alg\u00fan tipo de lesi\u00f3n. Quienes padecen migra\u00f1as pueden ver arcos de luz o figuras liliputienses. La gente que pierde la vista puede compensar su carencia con un rico mundo visual alucinatorio, e incluso el simple hecho de dormirnos o despertarnos puede causar que el mundo on\u00edrico y el real se fusionen en una imaginer\u00eda imposible. Gran parte de nuestra fantas\u00eda popular y nuestro folklore se basa en las alucinaciones, sin las cuales no podemos comprender figuras como los \u00e1ngeles, las brujas y los alien\u00edgenas, ni tampoco algunas obras de autores tan conocidos como Dostoievski, Evelyn Waugh, August Strindberg o Amy Tan, v\u00edctimas todos ellos de alucinaciones en alg\u00fan momento de su vida.<\/p>\n<p>Pero las alucinaciones no son fen\u00f3menos negativos sino positivos, y constituyen, de hecho, una de las mejores ventanas que poseemos para asomarnos a la complejidad de los circuitos cerebrales y a la forma en que \u00e9stos nos muestran la realidad o, a veces, crean la suya propia.<\/p>\n<p>Oliver Sacks vuelve a hacer gala de su singular talento como narrador, su sentido del humor y su inmensa cultura para plantear cuestiones que ponen en entredicho nuestra percepci\u00f3n del mundo y, muchas veces, nuestra propia identidad.<\/p>\n<p><a href=\"https:\/\/tavapy.gov.py\/biblioteca\/wp-content\/uploads\/2023\/01\/SacksO-Alucinaciones.pdf\" target=\"_blank\" rel=\"attachment noopener wp-att-6109\"><img loading=\"lazy\" decoding=\"async\" class=\"size-full wp-image-6109 alignleft\" src=\"https:\/\/tavapy.gov.py\/biblioteca\/wp-content\/uploads\/2023\/01\/icono-PDF-copia-2-2.png\" alt=\"\" width=\"121\" height=\"140\" \/><\/a><\/p>\n","protected":false},"featured_media":6044,"comment_status":"open","ping_status":"closed","template":"","meta":{"spay_email":""},"product_cat":[531],"product_tag":[],"class_list":{"0":"post-6221","1":"product","2":"type-product","3":"status-publish","4":"has-post-thumbnail","6":"book_author-oliver-sacks","7":"product_cat-neurociencia-medicina","8":"entry"},"_links":{"self":[{"href":"https:\/\/tavapy.gov.py\/biblioteca\/wp-json\/wp\/v2\/product\/6221","targetHints":{"allow":["GET"]}}],"collection":[{"href":"https:\/\/tavapy.gov.py\/biblioteca\/wp-json\/wp\/v2\/product"}],"about":[{"href":"https:\/\/tavapy.gov.py\/biblioteca\/wp-json\/wp\/v2\/types\/product"}],"replies":[{"embeddable":true,"href":"https:\/\/tavapy.gov.py\/biblioteca\/wp-json\/wp\/v2\/comments?post=6221"}],"wp:featuredmedia":[{"embeddable":true,"href":"https:\/\/tavapy.gov.py\/biblioteca\/wp-json\/wp\/v2\/media\/6044"}],"wp:attachment":[{"href":"https:\/\/tavapy.gov.py\/biblioteca\/wp-json\/wp\/v2\/media?parent=6221"}],"wp:term":[{"taxonomy":"product_cat","embeddable":true,"href":"https:\/\/tavapy.gov.py\/biblioteca\/wp-json\/wp\/v2\/product_cat?post=6221"},{"taxonomy":"product_tag","embeddable":true,"href":"https:\/\/tavapy.gov.py\/biblioteca\/wp-json\/wp\/v2\/product_tag?post=6221"}],"curies":[{"name":"wp","href":"https:\/\/api.w.org\/{rel}","templated":true}]}}