{"id":6222,"date":"2023-01-19T16:25:10","date_gmt":"2023-01-19T16:25:10","guid":{"rendered":"https:\/\/tavapy.gov.py\/biblioteca\/?post_type=product&#038;p=6222"},"modified":"2023-01-19T16:25:10","modified_gmt":"2023-01-19T16:25:10","slug":"un-antropologo-en-marte","status":"publish","type":"product","link":"https:\/\/tavapy.gov.py\/biblioteca\/product\/un-antropologo-en-marte\/","title":{"rendered":"UN ANTROP\u00d3LOGO EN MARTE."},"content":{"rendered":"","protected":false},"excerpt":{"rendered":"<p>Considerado uno de los grandes escritores cl\u00ednicos del siglo, Oliver Sacks nos presenta en este libro siete casos neurol\u00f3gicos que constituyen una profunda reflexi\u00f3n sobre la esencia de la identidad y los mecanismos del conocimiento.<\/p>\n<p>Un pintor que tras un accidente de coche deja de ver el color; un cirujano cuyos continuos tics y convulsiones s\u00f3lo remiten cuando opera o pilota su aeroplano; un hombre que tras toda una vida de ceguera recupera la vista s\u00f3lo para darse cuenta de que no sabe ver; una profesora autista capaz tan s\u00f3lo de tratar y comprender a los animales, y a quien la complejidad de las emociones humanas deja tan perpleja que se siente como \u00abun antrop\u00f3logo en Marte\u00bb: \u00e9stos son algunos de estos \u00abrelatos parad\u00f3jicos\u00bb que nos presentan un aspecto de la existencia que nos ser\u00eda imposible conocer sin esa anomal\u00eda denominada enfermedad.<\/p>\n<p>La tesis que mantiene el autor en esta obra publicada en 1.995 es que no se trata tanto de \u00abcurarse\u00bb de la enfermedad \u2013pues algunas de las que aqu\u00ed aparecen, como el autismo, el s\u00edndrome de Tourette, la acromatopsia, no admiten el concepto de curaci\u00f3n\u2013 sino de aprender a vivir con ella, a pesar de lo grotescos que puedan ser algunos s\u00edntomas, de lo diferente que pueda sentirse el paciente respecto a los as\u00ed denominados normales.<\/p>\n<p>En estas siete par\u00e1bolas sobre la mutabilidad de la condici\u00f3n humana, Sacks demuestra otra vez su excepcional talento como narrador, su vast\u00edsima cultura y su capacidad para hacer que estos personajes a primera vista estramb\u00f3ticos acaben pareci\u00e9ndonos familiares y normales.<\/p>\n<p><a href=\"https:\/\/tavapy.gov.py\/biblioteca\/wp-content\/uploads\/2023\/01\/SacksO-Un-antropologo-en-Marte.pdf\" target=\"_blank\" rel=\"attachment noopener wp-att-6109\"><img loading=\"lazy\" decoding=\"async\" class=\"size-full wp-image-6109 alignleft\" src=\"https:\/\/tavapy.gov.py\/biblioteca\/wp-content\/uploads\/2023\/01\/icono-PDF-copia-2-2.png\" alt=\"\" width=\"121\" height=\"140\" \/><\/a><\/p>\n","protected":false},"featured_media":6046,"comment_status":"open","ping_status":"closed","template":"","meta":{"spay_email":""},"product_cat":[531],"product_tag":[],"class_list":{"0":"post-6222","1":"product","2":"type-product","3":"status-publish","4":"has-post-thumbnail","6":"book_author-oliver-sacks","7":"product_cat-neurociencia-medicina","8":"entry"},"_links":{"self":[{"href":"https:\/\/tavapy.gov.py\/biblioteca\/wp-json\/wp\/v2\/product\/6222","targetHints":{"allow":["GET"]}}],"collection":[{"href":"https:\/\/tavapy.gov.py\/biblioteca\/wp-json\/wp\/v2\/product"}],"about":[{"href":"https:\/\/tavapy.gov.py\/biblioteca\/wp-json\/wp\/v2\/types\/product"}],"replies":[{"embeddable":true,"href":"https:\/\/tavapy.gov.py\/biblioteca\/wp-json\/wp\/v2\/comments?post=6222"}],"wp:featuredmedia":[{"embeddable":true,"href":"https:\/\/tavapy.gov.py\/biblioteca\/wp-json\/wp\/v2\/media\/6046"}],"wp:attachment":[{"href":"https:\/\/tavapy.gov.py\/biblioteca\/wp-json\/wp\/v2\/media?parent=6222"}],"wp:term":[{"taxonomy":"product_cat","embeddable":true,"href":"https:\/\/tavapy.gov.py\/biblioteca\/wp-json\/wp\/v2\/product_cat?post=6222"},{"taxonomy":"product_tag","embeddable":true,"href":"https:\/\/tavapy.gov.py\/biblioteca\/wp-json\/wp\/v2\/product_tag?post=6222"}],"curies":[{"name":"wp","href":"https:\/\/api.w.org\/{rel}","templated":true}]}}