{"id":6223,"date":"2023-01-19T21:21:06","date_gmt":"2023-01-19T21:21:06","guid":{"rendered":"https:\/\/tavapy.gov.py\/biblioteca\/?post_type=product&#038;p=6223"},"modified":"2023-01-19T21:21:06","modified_gmt":"2023-01-19T21:21:06","slug":"la-figura-historica-de-jesus","status":"publish","type":"product","link":"https:\/\/tavapy.gov.py\/biblioteca\/product\/la-figura-historica-de-jesus\/","title":{"rendered":"LA FIGURA HIST\u00d3RICA DE JES\u00daS."},"content":{"rendered":"","protected":false},"excerpt":{"rendered":"<p>La figura hist\u00f3rica de Jes\u00fas, obra publicada en 1.993, proporciona una convincente visi\u00f3n de conjunto de la vida del Jes\u00fas real y es una demostraci\u00f3n pr\u00e1ctica de c\u00f3mo distinguir en los evangelios entre informaci\u00f3n hist\u00f3rica y elaboraci\u00f3n teol\u00f3gica.<\/p>\n<p>Sanders nos conduce paso a paso a lo largo de la actividad p\u00fablica de Jes\u00fas y examina con detalle los problemas m\u00e1s notables para su comprensi\u00f3n, como los milagros, los seguidores de Jes\u00fas y sus adversarios, su \u00faltima semana en Jerusal\u00e9n, su juicio y ejecuci\u00f3n, la resurrecci\u00f3n&#8230; Una obra de referencia en la b\u00fasqueda del Jes\u00fas hist\u00f3rico.<\/p>\n<p><a href=\"https:\/\/tavapy.gov.py\/biblioteca\/wp-content\/uploads\/2023\/01\/SandersE.P-La-figura-historica-de-Jesus.pdf\" target=\"_blank\" rel=\"attachment noopener wp-att-6109\"><img loading=\"lazy\" decoding=\"async\" class=\"size-full wp-image-6109 alignleft\" src=\"https:\/\/tavapy.gov.py\/biblioteca\/wp-content\/uploads\/2023\/01\/icono-PDF-copia-2-2.png\" alt=\"\" width=\"121\" height=\"140\" \/><\/a><\/p>\n","protected":false},"featured_media":6048,"comment_status":"open","ping_status":"closed","template":"","meta":{"spay_email":""},"product_cat":[173],"product_tag":[],"class_list":{"0":"post-6223","1":"product","2":"type-product","3":"status-publish","4":"has-post-thumbnail","6":"book_author-ed-parish-sanders","7":"product_cat-estudios-biblicos","8":"entry"},"_links":{"self":[{"href":"https:\/\/tavapy.gov.py\/biblioteca\/wp-json\/wp\/v2\/product\/6223","targetHints":{"allow":["GET"]}}],"collection":[{"href":"https:\/\/tavapy.gov.py\/biblioteca\/wp-json\/wp\/v2\/product"}],"about":[{"href":"https:\/\/tavapy.gov.py\/biblioteca\/wp-json\/wp\/v2\/types\/product"}],"replies":[{"embeddable":true,"href":"https:\/\/tavapy.gov.py\/biblioteca\/wp-json\/wp\/v2\/comments?post=6223"}],"wp:featuredmedia":[{"embeddable":true,"href":"https:\/\/tavapy.gov.py\/biblioteca\/wp-json\/wp\/v2\/media\/6048"}],"wp:attachment":[{"href":"https:\/\/tavapy.gov.py\/biblioteca\/wp-json\/wp\/v2\/media?parent=6223"}],"wp:term":[{"taxonomy":"product_cat","embeddable":true,"href":"https:\/\/tavapy.gov.py\/biblioteca\/wp-json\/wp\/v2\/product_cat?post=6223"},{"taxonomy":"product_tag","embeddable":true,"href":"https:\/\/tavapy.gov.py\/biblioteca\/wp-json\/wp\/v2\/product_tag?post=6223"}],"curies":[{"name":"wp","href":"https:\/\/api.w.org\/{rel}","templated":true}]}}