{"id":6224,"date":"2023-01-19T21:28:17","date_gmt":"2023-01-19T21:28:17","guid":{"rendered":"https:\/\/tavapy.gov.py\/biblioteca\/?post_type=product&#038;p=6224"},"modified":"2023-01-19T21:28:18","modified_gmt":"2023-01-19T21:28:18","slug":"el-ser-y-la-nada","status":"publish","type":"product","link":"https:\/\/tavapy.gov.py\/biblioteca\/product\/el-ser-y-la-nada\/","title":{"rendered":"EL SER Y LA NADA."},"content":{"rendered":"","protected":false},"excerpt":{"rendered":"<p>El Ser y la Nada \u00a0es la obra donde Jean-Paul Sartre expone t\u00e9cnica y acabadamente su \u00abexistencialismo\u00bb y aquella que facilita la plena comprensi\u00f3n de su obra literaria. La primera edici\u00f3n francesa fue publicada en 1943, es decir, en el seno de una Europa arrasada por la guerra. Sartre ten\u00eda entonces 38 a\u00f1os y ya hab\u00eda escrito tres obras de car\u00e1cter filos\u00f3fico en las cuales explicaba el m\u00e9todo de Husserl con vistas a la constituci\u00f3n de una psicolog\u00eda fenomenol\u00f3gica.<\/p>\n<p>Hab\u00eda publicado tambi\u00e9n su primera novela, La n\u00e1usea, y una serie de cuentos, El muro. A partir de ese momento la producci\u00f3n de Sartre se suceder\u00e1 sin pausa, abarcando todas las modalidades del pensamiento y de la literatura, pero las tesis centrales de este ensayo de ontolog\u00eda fenomenol\u00f3gica seguir\u00e1n nutriendo y otorgando significado a tan diversificada producci\u00f3n.<\/p>\n<p>Y lo que en sus comienzos fue pura expresi\u00f3n te\u00f3rica desbord\u00f3 el \u00e1mbito especializado para convertirse, con el nombre de existencialismo, en uno de los fen\u00f3menos culturales m\u00e1s importantes de la segunda mitad del siglo pasado.<\/p>\n<p><a href=\"https:\/\/tavapy.gov.py\/biblioteca\/wp-content\/uploads\/2023\/01\/SartreJ-El-Ser-y-la-nada.pdf\" target=\"_blank\" rel=\"attachment noopener wp-att-6109\"><img loading=\"lazy\" decoding=\"async\" class=\"size-full wp-image-6109 alignleft\" src=\"https:\/\/tavapy.gov.py\/biblioteca\/wp-content\/uploads\/2023\/01\/icono-PDF-copia-2-2.png\" alt=\"\" width=\"121\" height=\"140\" \/><\/a><\/p>\n","protected":false},"featured_media":6050,"comment_status":"open","ping_status":"closed","template":"","meta":{"spay_email":""},"product_cat":[59],"product_tag":[],"class_list":{"0":"post-6224","1":"product","2":"type-product","3":"status-publish","4":"has-post-thumbnail","6":"book_author-jean-paul-sartre","7":"product_cat-filosofia","8":"entry"},"_links":{"self":[{"href":"https:\/\/tavapy.gov.py\/biblioteca\/wp-json\/wp\/v2\/product\/6224","targetHints":{"allow":["GET"]}}],"collection":[{"href":"https:\/\/tavapy.gov.py\/biblioteca\/wp-json\/wp\/v2\/product"}],"about":[{"href":"https:\/\/tavapy.gov.py\/biblioteca\/wp-json\/wp\/v2\/types\/product"}],"replies":[{"embeddable":true,"href":"https:\/\/tavapy.gov.py\/biblioteca\/wp-json\/wp\/v2\/comments?post=6224"}],"wp:featuredmedia":[{"embeddable":true,"href":"https:\/\/tavapy.gov.py\/biblioteca\/wp-json\/wp\/v2\/media\/6050"}],"wp:attachment":[{"href":"https:\/\/tavapy.gov.py\/biblioteca\/wp-json\/wp\/v2\/media?parent=6224"}],"wp:term":[{"taxonomy":"product_cat","embeddable":true,"href":"https:\/\/tavapy.gov.py\/biblioteca\/wp-json\/wp\/v2\/product_cat?post=6224"},{"taxonomy":"product_tag","embeddable":true,"href":"https:\/\/tavapy.gov.py\/biblioteca\/wp-json\/wp\/v2\/product_tag?post=6224"}],"curies":[{"name":"wp","href":"https:\/\/api.w.org\/{rel}","templated":true}]}}