{"id":6226,"date":"2023-01-19T21:39:09","date_gmt":"2023-01-19T21:39:09","guid":{"rendered":"https:\/\/tavapy.gov.py\/biblioteca\/?post_type=product&#038;p=6226"},"modified":"2023-01-19T21:39:09","modified_gmt":"2023-01-19T21:39:09","slug":"el-precio-de-la-desigualdad","status":"publish","type":"product","link":"https:\/\/tavapy.gov.py\/biblioteca\/product\/el-precio-de-la-desigualdad\/","title":{"rendered":"EL PRECIO DE LA DESIGUALDAD."},"content":{"rendered":"","protected":false},"excerpt":{"rendered":"<p>Un argumento contundente contra una sociedad en desequilibrio de la mano del premio Nobel de Econom\u00eda Joseph Stiglitz.<\/p>\n<p>El 1 % de la poblaci\u00f3n disfruta de las mejores viviendas, la mejor educaci\u00f3n, los mejores m\u00e9dicos y el mejor nivel de vida, pero hay una cosa que el dinero no puede comprar: la comprensi\u00f3n de que su destino est\u00e1 ligado a c\u00f3mo vive el otro 99 %. A lo largo de la historia esto es algo que esa minor\u00eda solo ha logrado entender, cuando ya era demasiado tarde.<\/p>\n<p>Las consecuencias de la desigualdad son conocidas: altos \u00edndices de criminalidad, problemas sanitarios, menores niveles de educaci\u00f3n, de cohesi\u00f3n social y de esperanza de vida. Pero \u00bfcu\u00e1les son sus causas, por qu\u00e9 est\u00e1 creciendo con tanta rapidez y cu\u00e1l es su efecto sobre la econom\u00eda. El precio de la desigualdad proporciona las esperadas respuestas a estas apremiantes cuestiones en una de las m\u00e1s brillantes contribuciones de un economista al debate p\u00fablico de los \u00faltimos a\u00f1os.<\/p>\n<p>El premio Nobel Joseph Stiglitz muestra c\u00f3mo los mercados por s\u00ed solos no son ni eficientes ni estables y tienden a acumular la riqueza en manos de unos pocos m\u00e1s que a promover la competencia. Revela adem\u00e1s c\u00f3mo las pol\u00edticas de gobiernos e instituciones son propensas a acentuar esta tendencia, influyendo sobre los mercados en modos que dan ventaja a los m\u00e1s ricos frente al resto. La democracia y el imperio de la ley se ven a su vez debilitados por la cada vez mayor concentraci\u00f3n del poder en manos de los m\u00e1s privilegiados.<\/p>\n<p>Este libro publicado en el 2.012 constituye una contundente cr\u00edtica a las ideas del libre mercado y a la direcci\u00f3n que Estados Unidos de Am\u00e9rica y muchas otras sociedades han tomado durante los \u00faltimos treinta a\u00f1os, demostrando por qu\u00e9 no es solo injusta sino adem\u00e1s insensata. Stiglitz ofrece esperanza en la forma de un concreto conjunto de reformas que contribuir\u00edan a crear una sociedad m\u00e1s justa y equitativa, adem\u00e1s de una econom\u00eda m\u00e1s s\u00f3lida y estable.<\/p>\n<p><a href=\"https:\/\/tavapy.gov.py\/biblioteca\/wp-content\/uploads\/2023\/01\/StiglitzJ-El-Precio-de-la-Desigualdad.pdf\" target=\"_blank\" rel=\"attachment noopener wp-att-6109\"><img loading=\"lazy\" decoding=\"async\" class=\"size-full wp-image-6109 alignleft\" src=\"https:\/\/tavapy.gov.py\/biblioteca\/wp-content\/uploads\/2023\/01\/icono-PDF-copia-2-2.png\" alt=\"\" width=\"121\" height=\"140\" \/><\/a><\/p>\n","protected":false},"featured_media":6054,"comment_status":"open","ping_status":"closed","template":"","meta":{"spay_email":""},"product_cat":[755],"product_tag":[],"class_list":{"0":"post-6226","1":"product","2":"type-product","3":"status-publish","4":"has-post-thumbnail","6":"book_author-joseph-stiglitz","7":"product_cat-economia-ensayo","8":"entry"},"_links":{"self":[{"href":"https:\/\/tavapy.gov.py\/biblioteca\/wp-json\/wp\/v2\/product\/6226","targetHints":{"allow":["GET"]}}],"collection":[{"href":"https:\/\/tavapy.gov.py\/biblioteca\/wp-json\/wp\/v2\/product"}],"about":[{"href":"https:\/\/tavapy.gov.py\/biblioteca\/wp-json\/wp\/v2\/types\/product"}],"replies":[{"embeddable":true,"href":"https:\/\/tavapy.gov.py\/biblioteca\/wp-json\/wp\/v2\/comments?post=6226"}],"wp:featuredmedia":[{"embeddable":true,"href":"https:\/\/tavapy.gov.py\/biblioteca\/wp-json\/wp\/v2\/media\/6054"}],"wp:attachment":[{"href":"https:\/\/tavapy.gov.py\/biblioteca\/wp-json\/wp\/v2\/media?parent=6226"}],"wp:term":[{"taxonomy":"product_cat","embeddable":true,"href":"https:\/\/tavapy.gov.py\/biblioteca\/wp-json\/wp\/v2\/product_cat?post=6226"},{"taxonomy":"product_tag","embeddable":true,"href":"https:\/\/tavapy.gov.py\/biblioteca\/wp-json\/wp\/v2\/product_tag?post=6226"}],"curies":[{"name":"wp","href":"https:\/\/api.w.org\/{rel}","templated":true}]}}