{"id":6227,"date":"2023-01-19T21:45:11","date_gmt":"2023-01-19T21:45:11","guid":{"rendered":"https:\/\/tavapy.gov.py\/biblioteca\/?post_type=product&#038;p=6227"},"modified":"2023-01-19T21:48:22","modified_gmt":"2023-01-19T21:48:22","slug":"colorido-local-y-contexto-historico-en-los-evangelios","status":"publish","type":"product","link":"https:\/\/tavapy.gov.py\/biblioteca\/product\/colorido-local-y-contexto-historico-en-los-evangelios\/","title":{"rendered":"COLORIDO LOCAL Y CONTEXTO HIST\u00d3RICO EN LOS EVANGELIOS."},"content":{"rendered":"","protected":false},"excerpt":{"rendered":"<p>Es muy frecuente calificar la ex\u00e9gesis hist\u00f3rico-cr\u00edtica de desfasada. Se va imponiendo la vaga impresi\u00f3n de que todo lo investigable por su medio ya est\u00e1 investigado, y de que se necesitan m\u00e9todos alternativos para abrir nuevos accesos al texto que colmen las exigencias de ciertos postulados teol\u00f3gicos.<\/p>\n<p>En esta situaci\u00f3n, el presente estudio de Gerd Theissen publicado en 1.997, nos revela que el tema m\u00e1s antiguo de la investigaci\u00f3n hist\u00f3rico-cr\u00edtica, la cuesti\u00f3n cronol\u00f3gica y topogr\u00e1fica de los evangelios, todav\u00eda est\u00e1 abierta.<\/p>\n<p>Theissen nos ofrece una serie de observaciones que confluyen en una exposici\u00f3n global de la historia de la tradici\u00f3n sin\u00f3ptica. A la luz de los testimonios de la \u00e9poca en que surgieron las tradiciones evang\u00e9licas, va tejiendo una red de relaciones que acaban dise\u00f1ando un cuadro completo de la prehistoria de los evangelios, esencial para comprender los textos.<\/p>\n<p><a href=\"https:\/\/tavapy.gov.py\/biblioteca\/wp-content\/uploads\/2023\/01\/TheissenG-Contexto-Historico-De-Los-Evangelios.pdf\" target=\"_blank\" rel=\"attachment noopener wp-att-6109\"><img loading=\"lazy\" decoding=\"async\" class=\"size-full wp-image-6109 alignleft\" src=\"https:\/\/tavapy.gov.py\/biblioteca\/wp-content\/uploads\/2023\/01\/icono-PDF-copia-2-2.png\" alt=\"\" width=\"121\" height=\"140\" \/><\/a><\/p>\n","protected":false},"featured_media":6056,"comment_status":"open","ping_status":"closed","template":"","meta":{"spay_email":""},"product_cat":[674],"product_tag":[],"class_list":{"0":"post-6227","1":"product","2":"type-product","3":"status-publish","4":"has-post-thumbnail","6":"book_author-gerd-theissen","7":"product_cat-estudios-biblicos-geografia-historia","8":"entry"},"_links":{"self":[{"href":"https:\/\/tavapy.gov.py\/biblioteca\/wp-json\/wp\/v2\/product\/6227","targetHints":{"allow":["GET"]}}],"collection":[{"href":"https:\/\/tavapy.gov.py\/biblioteca\/wp-json\/wp\/v2\/product"}],"about":[{"href":"https:\/\/tavapy.gov.py\/biblioteca\/wp-json\/wp\/v2\/types\/product"}],"replies":[{"embeddable":true,"href":"https:\/\/tavapy.gov.py\/biblioteca\/wp-json\/wp\/v2\/comments?post=6227"}],"wp:featuredmedia":[{"embeddable":true,"href":"https:\/\/tavapy.gov.py\/biblioteca\/wp-json\/wp\/v2\/media\/6056"}],"wp:attachment":[{"href":"https:\/\/tavapy.gov.py\/biblioteca\/wp-json\/wp\/v2\/media?parent=6227"}],"wp:term":[{"taxonomy":"product_cat","embeddable":true,"href":"https:\/\/tavapy.gov.py\/biblioteca\/wp-json\/wp\/v2\/product_cat?post=6227"},{"taxonomy":"product_tag","embeddable":true,"href":"https:\/\/tavapy.gov.py\/biblioteca\/wp-json\/wp\/v2\/product_tag?post=6227"}],"curies":[{"name":"wp","href":"https:\/\/api.w.org\/{rel}","templated":true}]}}