{"id":6228,"date":"2023-01-19T21:54:56","date_gmt":"2023-01-19T21:54:56","guid":{"rendered":"https:\/\/tavapy.gov.py\/biblioteca\/?post_type=product&#038;p=6228"},"modified":"2023-01-19T21:54:56","modified_gmt":"2023-01-19T21:54:56","slug":"la-religion-de-los-primeros-cristianos","status":"publish","type":"product","link":"https:\/\/tavapy.gov.py\/biblioteca\/product\/la-religion-de-los-primeros-cristianos\/","title":{"rendered":"LA RELIGI\u00d3N DE LOS PRIMEROS CRISTIANOS."},"content":{"rendered":"","protected":false},"excerpt":{"rendered":"<p>Gerd Theissen aborda en este libro publicado en el 2.000, el an\u00e1lisis de la religi\u00f3n de los primeros cristianos no desde una perspectiva teol\u00f3gica sino desde la ciencia de la religi\u00f3n. Partiendo de la definici\u00f3n de religi\u00f3n como un sistema cultural de signos, con tres formas de expresi\u00f3n b\u00e1sicas \u2013el mito, el rito y la \u00e9tica\u2013, el autor analiza el proceso por el cual cada uno de estos elementos va adquiriendo una configuraci\u00f3n propia en las comunidades cristianas, un proceso que llevar\u00e1 a los cristianos, que nacieron y en un principio se mantuvieron en el \u00e1mbito del juda\u00edsmo, a constituirse en una religi\u00f3n independiente.<\/p>\n<p>Estudiando cronol\u00f3gicamente los primitivos textos cristianos se puede documentar muy bien ese proceso hacia una autonom\u00eda cada vez mayor respecto del juda\u00edsmo, autonom\u00eda a la que contribuyeron en gran medida no s\u00f3lo la confrontaci\u00f3n con la religi\u00f3n madre, sino tambi\u00e9n las crisis sufridas dentro del propio cristianismo. Asimismo, los textos dejan constancia de c\u00f3mo cada una de las comunidades en las que fueron escritos ten\u00eda acentos y matices propios en su comprensi\u00f3n y vivencia de la fe en Jes\u00fas.<\/p>\n<p>Esto no impide, sin embargo, proponer y formular unos axiomas y motivos comunes a todas ellas. Uno de los frutos m\u00e1s tempranos de esta unidad dentro de la pluralidad fue la formaci\u00f3n del canon de libros b\u00edblicos.<\/p>\n<p><a href=\"https:\/\/tavapy.gov.py\/biblioteca\/wp-content\/uploads\/2023\/01\/TheissenG-La-religion-de-los-primeros-cristianos.pdf\" target=\"_blank\" rel=\"attachment noopener wp-att-6109\"><img loading=\"lazy\" decoding=\"async\" class=\"size-full wp-image-6109 alignleft\" src=\"https:\/\/tavapy.gov.py\/biblioteca\/wp-content\/uploads\/2023\/01\/icono-PDF-copia-2-2.png\" alt=\"\" width=\"121\" height=\"140\" \/><\/a><\/p>\n","protected":false},"featured_media":6058,"comment_status":"open","ping_status":"closed","template":"","meta":{"spay_email":""},"product_cat":[756],"product_tag":[],"class_list":{"0":"post-6228","1":"product","2":"type-product","3":"status-publish","4":"has-post-thumbnail","6":"book_author-gerd-theissen","7":"product_cat-ciencia-de-la-religion","8":"entry"},"_links":{"self":[{"href":"https:\/\/tavapy.gov.py\/biblioteca\/wp-json\/wp\/v2\/product\/6228","targetHints":{"allow":["GET"]}}],"collection":[{"href":"https:\/\/tavapy.gov.py\/biblioteca\/wp-json\/wp\/v2\/product"}],"about":[{"href":"https:\/\/tavapy.gov.py\/biblioteca\/wp-json\/wp\/v2\/types\/product"}],"replies":[{"embeddable":true,"href":"https:\/\/tavapy.gov.py\/biblioteca\/wp-json\/wp\/v2\/comments?post=6228"}],"wp:featuredmedia":[{"embeddable":true,"href":"https:\/\/tavapy.gov.py\/biblioteca\/wp-json\/wp\/v2\/media\/6058"}],"wp:attachment":[{"href":"https:\/\/tavapy.gov.py\/biblioteca\/wp-json\/wp\/v2\/media?parent=6228"}],"wp:term":[{"taxonomy":"product_cat","embeddable":true,"href":"https:\/\/tavapy.gov.py\/biblioteca\/wp-json\/wp\/v2\/product_cat?post=6228"},{"taxonomy":"product_tag","embeddable":true,"href":"https:\/\/tavapy.gov.py\/biblioteca\/wp-json\/wp\/v2\/product_tag?post=6228"}],"curies":[{"name":"wp","href":"https:\/\/api.w.org\/{rel}","templated":true}]}}