{"id":6230,"date":"2023-01-19T22:28:15","date_gmt":"2023-01-19T22:28:15","guid":{"rendered":"https:\/\/tavapy.gov.py\/biblioteca\/?post_type=product&#038;p=6230"},"modified":"2023-01-19T22:28:16","modified_gmt":"2023-01-19T22:28:16","slug":"el-diablo","status":"publish","type":"product","link":"https:\/\/tavapy.gov.py\/biblioteca\/product\/el-diablo\/","title":{"rendered":"EL DIABLO."},"content":{"rendered":"","protected":false},"excerpt":{"rendered":"<p>El diablo es una novela corta acerca del deseo y el adulterio, y en esta edici\u00f3n presentamos las dos versiones que el escritor redact\u00f3, la segunda de ellas para no despertar las iras de su mujer. La obra tuvo que esperar a la muerte de su autor para ver la luz.<\/p>\n<p>Se public\u00f3 por primera vez en 1911 incluido en las Obras literarias p\u00f3stumas de Le\u00f3n Tolst\u00f3i, bajo la direcci\u00f3n de Vlad\u00edmir Chertkov, mano derecha del conde y pesadilla de la condesa, que ve\u00eda en \u00e9l al responsable de todas las locuras de su marido.<\/p>\n<p>El propio Tolst\u00f3i, que escribi\u00f3 esta breve novela en diez d\u00edas, le puso la fecha del 19 de noviembre de 1889, aunque regres\u00f3 a ella en abril del a\u00f1o siguiente, que es cuando redact\u00f3 un segundo desenlace para la obra.<\/p>\n<p><a href=\"https:\/\/tavapy.gov.py\/biblioteca\/wp-content\/uploads\/2023\/01\/TolstoiL-El-Diablo.pdf\" target=\"_blank\" rel=\"attachment noopener wp-att-6109\"><img loading=\"lazy\" decoding=\"async\" class=\"size-full wp-image-6109 alignleft\" src=\"https:\/\/tavapy.gov.py\/biblioteca\/wp-content\/uploads\/2023\/01\/icono-PDF-copia-2-2.png\" alt=\"\" width=\"121\" height=\"140\" \/><\/a><\/p>\n","protected":false},"featured_media":6062,"comment_status":"open","ping_status":"closed","template":"","meta":{"spay_email":""},"product_cat":[57],"product_tag":[],"class_list":{"0":"post-6230","1":"product","2":"type-product","3":"status-publish","4":"has-post-thumbnail","6":"book_author-leon-tolstoi","7":"product_cat-novela","8":"entry"},"_links":{"self":[{"href":"https:\/\/tavapy.gov.py\/biblioteca\/wp-json\/wp\/v2\/product\/6230","targetHints":{"allow":["GET"]}}],"collection":[{"href":"https:\/\/tavapy.gov.py\/biblioteca\/wp-json\/wp\/v2\/product"}],"about":[{"href":"https:\/\/tavapy.gov.py\/biblioteca\/wp-json\/wp\/v2\/types\/product"}],"replies":[{"embeddable":true,"href":"https:\/\/tavapy.gov.py\/biblioteca\/wp-json\/wp\/v2\/comments?post=6230"}],"wp:featuredmedia":[{"embeddable":true,"href":"https:\/\/tavapy.gov.py\/biblioteca\/wp-json\/wp\/v2\/media\/6062"}],"wp:attachment":[{"href":"https:\/\/tavapy.gov.py\/biblioteca\/wp-json\/wp\/v2\/media?parent=6230"}],"wp:term":[{"taxonomy":"product_cat","embeddable":true,"href":"https:\/\/tavapy.gov.py\/biblioteca\/wp-json\/wp\/v2\/product_cat?post=6230"},{"taxonomy":"product_tag","embeddable":true,"href":"https:\/\/tavapy.gov.py\/biblioteca\/wp-json\/wp\/v2\/product_tag?post=6230"}],"curies":[{"name":"wp","href":"https:\/\/api.w.org\/{rel}","templated":true}]}}