{"id":6231,"date":"2023-01-19T22:32:30","date_gmt":"2023-01-19T22:32:30","guid":{"rendered":"https:\/\/tavapy.gov.py\/biblioteca\/?post_type=product&#038;p=6231"},"modified":"2023-01-19T22:32:30","modified_gmt":"2023-01-19T22:32:30","slug":"resurreccion","status":"publish","type":"product","link":"https:\/\/tavapy.gov.py\/biblioteca\/product\/resurreccion\/","title":{"rendered":"RESURRECCI\u00d3N."},"content":{"rendered":"","protected":false},"excerpt":{"rendered":"<p>Cuando el pr\u00edncipe Nejli\u00fadov acude al tribunal para ejercer su deber ciudadano como jurado, no se imagina que una de las acusadas es Katia M\u00e1slova, la antigua criada de sus t\u00edas, la joven a la que sedujo a\u00f1os atr\u00e1s. Ahora, convencido de su inocencia, se siente culpable de la dif\u00edcil situaci\u00f3n en la que se encuentra Katia y de la posibilidad de que sea condenada a trabajos forzados en Siberia.<\/p>\n<p>Con Resurrecci\u00f3n, obra publicada en 1.899, la \u00faltima de sus tres grandes novelas, Le\u00f3n Tolstoi aborda el complejo proceso de cambios a los que tuvo que enfrentarse la sociedad rusa en los convulsos a\u00f1os finales del siglo XIX. A partir de los esfuerzos del pr\u00edncipe Nejli\u00fadov por redimir a Katia del estigma que le provoc\u00f3 en su juventud, Tolstoi refleja su propia indignaci\u00f3n ante las injusticias sociales de un pa\u00eds en decadencia y de una aristocracia anacr\u00f3nica y autocomplaciente.<\/p>\n<p>Un relato \u00edntimo de culpa, rabia y arrepentimiento dominado por la redenci\u00f3n y la condena de la violencia.<\/p>\n<p><a href=\"https:\/\/tavapy.gov.py\/biblioteca\/wp-content\/uploads\/2023\/01\/TolstoiL-Resurreccion.pdf\" target=\"_blank\" rel=\"attachment noopener wp-att-6109\"><img loading=\"lazy\" decoding=\"async\" class=\"size-full wp-image-6109 alignleft\" src=\"https:\/\/tavapy.gov.py\/biblioteca\/wp-content\/uploads\/2023\/01\/icono-PDF-copia-2-2.png\" alt=\"\" width=\"121\" height=\"140\" \/><\/a><\/p>\n","protected":false},"featured_media":6064,"comment_status":"open","ping_status":"closed","template":"","meta":{"spay_email":""},"product_cat":[57],"product_tag":[],"class_list":{"0":"post-6231","1":"product","2":"type-product","3":"status-publish","4":"has-post-thumbnail","6":"book_author-leon-tolstoi","7":"product_cat-novela","8":"entry"},"_links":{"self":[{"href":"https:\/\/tavapy.gov.py\/biblioteca\/wp-json\/wp\/v2\/product\/6231","targetHints":{"allow":["GET"]}}],"collection":[{"href":"https:\/\/tavapy.gov.py\/biblioteca\/wp-json\/wp\/v2\/product"}],"about":[{"href":"https:\/\/tavapy.gov.py\/biblioteca\/wp-json\/wp\/v2\/types\/product"}],"replies":[{"embeddable":true,"href":"https:\/\/tavapy.gov.py\/biblioteca\/wp-json\/wp\/v2\/comments?post=6231"}],"wp:featuredmedia":[{"embeddable":true,"href":"https:\/\/tavapy.gov.py\/biblioteca\/wp-json\/wp\/v2\/media\/6064"}],"wp:attachment":[{"href":"https:\/\/tavapy.gov.py\/biblioteca\/wp-json\/wp\/v2\/media?parent=6231"}],"wp:term":[{"taxonomy":"product_cat","embeddable":true,"href":"https:\/\/tavapy.gov.py\/biblioteca\/wp-json\/wp\/v2\/product_cat?post=6231"},{"taxonomy":"product_tag","embeddable":true,"href":"https:\/\/tavapy.gov.py\/biblioteca\/wp-json\/wp\/v2\/product_tag?post=6231"}],"curies":[{"name":"wp","href":"https:\/\/api.w.org\/{rel}","templated":true}]}}