{"id":6232,"date":"2023-01-19T22:35:57","date_gmt":"2023-01-19T22:35:57","guid":{"rendered":"https:\/\/tavapy.gov.py\/biblioteca\/?post_type=product&#038;p=6232"},"modified":"2023-01-19T22:36:55","modified_gmt":"2023-01-19T22:36:55","slug":"guerra-y-paz","status":"publish","type":"product","link":"https:\/\/tavapy.gov.py\/biblioteca\/product\/guerra-y-paz\/","title":{"rendered":"GUERRA Y PAZ."},"content":{"rendered":"","protected":false},"excerpt":{"rendered":"<p>\u00abLa Guerra y la Paz\u00bb, es considerado como una de las obras cumbre de la literatura rusa. En esta gran novela Tolstoi narra los avatares de la vida de numerosos personajes de todo tipo y condici\u00f3n a lo largo de unos cincuenta a\u00f1os de historia rusa, desde las guerras napole\u00f3nicas hasta m\u00e1s all\u00e1 de mediado el siglo XIX.<\/p>\n<p>Sobre este contexto, la campa\u00f1a de los rusos en Prusia con la famosa batalla de Austerlitz, la campa\u00f1a de los ej\u00e9rcitos franceses en Rusia con la batalla de Borod\u00edn y el incendio de Mosc\u00fa, se entrelazan las vicisitudes de dos familias nobles rusas, los Bolkonska y los Rostov, entre cuyos miembros se halla como c\u00edrculo de conexi\u00f3n la figura del conde Pedro Bezeschov, en torno al cual se estrechan los numerosos y complicados hilos que parten de las cr\u00f3nicas familiares.<\/p>\n<p>El personaje de Pedro refleja la presencia viva de Tolstoi en esta monumental novela. Mezclando con supremo arte la historia y la imaginaci\u00f3n, el autor ofrece la epopeya de dos emperadores, Napole\u00f3n y Alejandro. Es dif\u00edcil igualar la profundidad y grandeza de este relato que discurre en los salones de San Petersburgo y en las c\u00e1rceles de Mosc\u00fa, en majestuosos palacios y en los campos de batalla.<\/p>\n<p>&#8216;La Guerra y la Paz&#8217;, obra publicada en 1.867, es un electroshock para el alma. Sus p\u00e1ginas est\u00e1n llenas de cientos de consejos, de reflexiones, de meditaciones, as\u00ed como de vivos di\u00e1logos sobre la muerte. Adem\u00e1s de exhaustivo manual de historia de las guerras napole\u00f3nicas (en 1.867 Tolstoi visit\u00f3 Borodin\u00f3 para trazar croquis del campo de batalla), &#8216;La Guerra y la Paz&#8217; quiz\u00e1 sea el libro de autoayuda m\u00e1s extenso jam\u00e1s escrito. \u00a1\u00a1\u00a1\u00a1Una obra fuera de serie\u00a1\u00a1\u00a1\u00a1<\/p>\n<p><a href=\"https:\/\/tavapy.gov.py\/biblioteca\/wp-content\/uploads\/2023\/01\/TolstoiL-Guerra-y-paz.pdf\" target=\"_blank\" rel=\"attachment noopener wp-att-6109\"><img loading=\"lazy\" decoding=\"async\" class=\"size-full wp-image-6109 alignleft\" src=\"https:\/\/tavapy.gov.py\/biblioteca\/wp-content\/uploads\/2023\/01\/icono-PDF-copia-2-2.png\" alt=\"\" width=\"121\" height=\"140\" \/><\/a><\/p>\n","protected":false},"featured_media":6066,"comment_status":"open","ping_status":"closed","template":"","meta":{"spay_email":""},"product_cat":[57],"product_tag":[],"class_list":{"0":"post-6232","1":"product","2":"type-product","3":"status-publish","4":"has-post-thumbnail","6":"book_author-leon-tolstoi","7":"product_cat-novela","8":"entry"},"_links":{"self":[{"href":"https:\/\/tavapy.gov.py\/biblioteca\/wp-json\/wp\/v2\/product\/6232","targetHints":{"allow":["GET"]}}],"collection":[{"href":"https:\/\/tavapy.gov.py\/biblioteca\/wp-json\/wp\/v2\/product"}],"about":[{"href":"https:\/\/tavapy.gov.py\/biblioteca\/wp-json\/wp\/v2\/types\/product"}],"replies":[{"embeddable":true,"href":"https:\/\/tavapy.gov.py\/biblioteca\/wp-json\/wp\/v2\/comments?post=6232"}],"wp:featuredmedia":[{"embeddable":true,"href":"https:\/\/tavapy.gov.py\/biblioteca\/wp-json\/wp\/v2\/media\/6066"}],"wp:attachment":[{"href":"https:\/\/tavapy.gov.py\/biblioteca\/wp-json\/wp\/v2\/media?parent=6232"}],"wp:term":[{"taxonomy":"product_cat","embeddable":true,"href":"https:\/\/tavapy.gov.py\/biblioteca\/wp-json\/wp\/v2\/product_cat?post=6232"},{"taxonomy":"product_tag","embeddable":true,"href":"https:\/\/tavapy.gov.py\/biblioteca\/wp-json\/wp\/v2\/product_tag?post=6232"}],"curies":[{"name":"wp","href":"https:\/\/api.w.org\/{rel}","templated":true}]}}