{"id":6233,"date":"2023-01-19T22:42:08","date_gmt":"2023-01-19T22:42:08","guid":{"rendered":"https:\/\/tavapy.gov.py\/biblioteca\/?post_type=product&#038;p=6233"},"modified":"2023-01-19T22:42:08","modified_gmt":"2023-01-19T22:42:08","slug":"por-que-cooperamos","status":"publish","type":"product","link":"https:\/\/tavapy.gov.py\/biblioteca\/product\/por-que-cooperamos\/","title":{"rendered":"\u00bfPOR QU\u00c9 COOPERAMOS?"},"content":{"rendered":"","protected":false},"excerpt":{"rendered":"<p>\u00bfQu\u00e9 es lo que distingue a la naturaleza humana? Los te\u00f3logos han insistido en su propensi\u00f3n al vicio; Hobbes, en su disposici\u00f3n a la guerra; los padres, en las tendencias ego\u00edstas de los ni\u00f1os. Sin embargo, si dejamos caer un objeto frente a un ni\u00f1o de 2 a\u00f1os, lo m\u00e1s probable es que lo alce y nos lo alcance. Y eso, seg\u00fan Michael Tomasello -uno de los expertos de mayor reconocimiento internacional en el campo de las ciencias cognitivas- no es producto de una conducta aprendida.<\/p>\n<p>A partir de la observaci\u00f3n de ni\u00f1os peque\u00f1os, Tomasello afirma que ellos cooperan naturalmente, a diferencia por ejemplo de los chimpanc\u00e9s, que en situaciones experimentales demuestran cierta capacidad para el trabajo en conjunto pero fundamentalmente lo eluden.<\/p>\n<p>En &#8216;\u00bfPor qu\u00e9 cooperamos?&#8217;, obra publicada en el 2.009, Tomasello individualiza los procesos psicol\u00f3gicos que probablemente dieron sustento a las formas m\u00e1s tempranas de colaboraci\u00f3n compleja entre los seres humanos, procesos que fueron el germen de nuestras formas de organizaci\u00f3n cultural, desde el aumento de la tolerancia y la confianza, hasta la creaci\u00f3n de estructuras grupales como las normas y las instituciones culturales.<\/p>\n<p><a href=\"https:\/\/tavapy.gov.py\/biblioteca\/wp-content\/uploads\/2023\/01\/TomaselloM-Por-que-cooperamos.pdf\" target=\"_blank\" rel=\"attachment noopener wp-att-6109\"><img loading=\"lazy\" decoding=\"async\" class=\"size-full wp-image-6109 alignleft\" src=\"https:\/\/tavapy.gov.py\/biblioteca\/wp-content\/uploads\/2023\/01\/icono-PDF-copia-2-2.png\" alt=\"\" width=\"121\" height=\"140\" \/><\/a><\/p>\n","protected":false},"featured_media":6068,"comment_status":"open","ping_status":"closed","template":"","meta":{"spay_email":""},"product_cat":[758],"product_tag":[],"class_list":{"0":"post-6233","1":"product","2":"type-product","3":"status-publish","4":"has-post-thumbnail","6":"book_author-michael-tomasello","7":"product_cat-ciencias-politicas-y-sociales-sociologia","8":"entry"},"_links":{"self":[{"href":"https:\/\/tavapy.gov.py\/biblioteca\/wp-json\/wp\/v2\/product\/6233","targetHints":{"allow":["GET"]}}],"collection":[{"href":"https:\/\/tavapy.gov.py\/biblioteca\/wp-json\/wp\/v2\/product"}],"about":[{"href":"https:\/\/tavapy.gov.py\/biblioteca\/wp-json\/wp\/v2\/types\/product"}],"replies":[{"embeddable":true,"href":"https:\/\/tavapy.gov.py\/biblioteca\/wp-json\/wp\/v2\/comments?post=6233"}],"wp:featuredmedia":[{"embeddable":true,"href":"https:\/\/tavapy.gov.py\/biblioteca\/wp-json\/wp\/v2\/media\/6068"}],"wp:attachment":[{"href":"https:\/\/tavapy.gov.py\/biblioteca\/wp-json\/wp\/v2\/media?parent=6233"}],"wp:term":[{"taxonomy":"product_cat","embeddable":true,"href":"https:\/\/tavapy.gov.py\/biblioteca\/wp-json\/wp\/v2\/product_cat?post=6233"},{"taxonomy":"product_tag","embeddable":true,"href":"https:\/\/tavapy.gov.py\/biblioteca\/wp-json\/wp\/v2\/product_tag?post=6233"}],"curies":[{"name":"wp","href":"https:\/\/api.w.org\/{rel}","templated":true}]}}