{"id":6235,"date":"2023-01-19T22:50:59","date_gmt":"2023-01-19T22:50:59","guid":{"rendered":"https:\/\/tavapy.gov.py\/biblioteca\/?post_type=product&#038;p=6235"},"modified":"2023-01-19T22:50:59","modified_gmt":"2023-01-19T22:50:59","slug":"que-es-la-dignidad-humana","status":"publish","type":"product","link":"https:\/\/tavapy.gov.py\/biblioteca\/product\/que-es-la-dignidad-humana\/","title":{"rendered":"\u00bfQU\u00c9 ES LA DIGNIDAD HUMANA?"},"content":{"rendered":"","protected":false},"excerpt":{"rendered":"<p>\u00bfSe ha convertido la palabra dignidad en una palabra vac\u00eda? \u00bfQu\u00e9 significados alberga esta expresi\u00f3n? \u00bfPor qu\u00e9 se reitera en las grandes declaraciones universales, en las constituciones democr\u00e1ticas y en los c\u00f3digos deontol\u00f3gicos? \u00bfQu\u00e9 significa vivir con dignidad? \u00bfQu\u00e9 significa morir con dignidad?<\/p>\n<p>El objeto central de este libro publicado en el 2.005 consiste en explorar el concepto de dignidad humana, tanto desde un punto de vista conceptual como hist\u00f3rico y abordar las propuestas \u00e9ticas de tres pensadores contempor\u00e1neos, Peter Singer, Hugo Tristram Engelhardt y John Harris, que discuten la tesis de la sublime dignidad de la persona humana.<\/p>\n<p>La idea seg\u00fan la cual la persona ocupa el lugar sublime en la creaci\u00f3n y es poseedora de una intr\u00ednseca dignidad se ha convertido en un objeto inquietante del pensar en la filosof\u00eda contempor\u00e1nea. A lo largo del ensayo, el autor trata de responder cr\u00edticamente a sus objeciones y, finalmente, propone un concepto renovado de persona.<\/p>\n<p><a href=\"https:\/\/tavapy.gov.py\/biblioteca\/wp-content\/uploads\/2023\/01\/TorralbaF-Que-es-la-dignidad-humana.pdf\" target=\"_blank\" rel=\"attachment noopener wp-att-6109\"><img loading=\"lazy\" decoding=\"async\" class=\"size-full wp-image-6109 alignleft\" src=\"https:\/\/tavapy.gov.py\/biblioteca\/wp-content\/uploads\/2023\/01\/icono-PDF-copia-2-2.png\" alt=\"\" width=\"121\" height=\"140\" \/><\/a><\/p>\n","protected":false},"featured_media":6072,"comment_status":"open","ping_status":"closed","template":"","meta":{"spay_email":""},"product_cat":[268],"product_tag":[],"class_list":{"0":"post-6235","1":"product","2":"type-product","3":"status-publish","4":"has-post-thumbnail","6":"book_author-francesc-torralba","7":"product_cat-filosofia-antropologia","8":"entry"},"_links":{"self":[{"href":"https:\/\/tavapy.gov.py\/biblioteca\/wp-json\/wp\/v2\/product\/6235","targetHints":{"allow":["GET"]}}],"collection":[{"href":"https:\/\/tavapy.gov.py\/biblioteca\/wp-json\/wp\/v2\/product"}],"about":[{"href":"https:\/\/tavapy.gov.py\/biblioteca\/wp-json\/wp\/v2\/types\/product"}],"replies":[{"embeddable":true,"href":"https:\/\/tavapy.gov.py\/biblioteca\/wp-json\/wp\/v2\/comments?post=6235"}],"wp:featuredmedia":[{"embeddable":true,"href":"https:\/\/tavapy.gov.py\/biblioteca\/wp-json\/wp\/v2\/media\/6072"}],"wp:attachment":[{"href":"https:\/\/tavapy.gov.py\/biblioteca\/wp-json\/wp\/v2\/media?parent=6235"}],"wp:term":[{"taxonomy":"product_cat","embeddable":true,"href":"https:\/\/tavapy.gov.py\/biblioteca\/wp-json\/wp\/v2\/product_cat?post=6235"},{"taxonomy":"product_tag","embeddable":true,"href":"https:\/\/tavapy.gov.py\/biblioteca\/wp-json\/wp\/v2\/product_tag?post=6235"}],"curies":[{"name":"wp","href":"https:\/\/api.w.org\/{rel}","templated":true}]}}