{"id":6236,"date":"2023-01-19T22:58:40","date_gmt":"2023-01-19T22:58:40","guid":{"rendered":"https:\/\/tavapy.gov.py\/biblioteca\/?post_type=product&#038;p=6236"},"modified":"2023-01-19T22:58:40","modified_gmt":"2023-01-19T22:58:40","slug":"el-heroe-discreto","status":"publish","type":"product","link":"https:\/\/tavapy.gov.py\/biblioteca\/product\/el-heroe-discreto\/","title":{"rendered":"EL H\u00c9ROE DISCRETO."},"content":{"rendered":"","protected":false},"excerpt":{"rendered":"<p>\u00abEl h\u00e9roe discreto, obra publicada en el 2.013, narra la historia paralela de dos personajes: el ordenado y entra\u00f1able Fel\u00edcito Yanaqu\u00e9, un peque\u00f1o empresario de Piura, que es extorsionado; y de Ismael Carrera, un exitoso hombre de negocios, due\u00f1o de una aseguradora en Lima, quien urde una sorpresiva venganza contra sus dos hijos holgazanes que quisieron verlo muerto.<\/p>\n<p>Ambos personajes son, a su modo, discretos rebeldes que intentan hacerse cargo de sus propios destinos, pues tanto Ismael como Fel\u00edcito le echan un pulso al curso de los acontecimientos. Mientras Ismael desaf\u00eda todas las convenciones de su clase, Fel\u00edcito se aferra a unas pocas m\u00e1ximas para plantar cara al chantaje.<\/p>\n<p>No son justicieros, pero est\u00e1n por encima de las mezquindades de su entorno para vivir seg\u00fan sus ideales y deseos. Viejos conocidos del mundo vargasllosiano aparecen en estas p\u00e1ginas: el sargento Lituma y los inconquistables, don Rigoberto, do\u00f1a Lucrecia y Fonchito, todos movi\u00e9ndose ahora en un Per\u00fa muy pr\u00f3spero.<\/p>\n<p>Un libro lleno de humor, con elementos propios del melodrama, donde Piura y Lima ya no son espacios f\u00edsicos, sino reinos de la imaginaci\u00f3n poblados por los personajes del gran escritor que es Mario Vargas Llosa.\u00bb<\/p>\n<p><a href=\"https:\/\/tavapy.gov.py\/biblioteca\/wp-content\/uploads\/2023\/01\/Vargas-LlosaM-El-heroe-discreto.pdf\" target=\"_blank\" rel=\"attachment noopener wp-att-6109\"><img loading=\"lazy\" decoding=\"async\" class=\"size-full wp-image-6109 alignleft\" src=\"https:\/\/tavapy.gov.py\/biblioteca\/wp-content\/uploads\/2023\/01\/icono-PDF-copia-2-2.png\" alt=\"\" width=\"121\" height=\"140\" \/><\/a><\/p>\n","protected":false},"featured_media":6074,"comment_status":"open","ping_status":"closed","template":"","meta":{"spay_email":""},"product_cat":[57],"product_tag":[],"class_list":{"0":"post-6236","1":"product","2":"type-product","3":"status-publish","4":"has-post-thumbnail","6":"book_author-mario-vargas-llosa","7":"product_cat-novela","8":"entry"},"_links":{"self":[{"href":"https:\/\/tavapy.gov.py\/biblioteca\/wp-json\/wp\/v2\/product\/6236","targetHints":{"allow":["GET"]}}],"collection":[{"href":"https:\/\/tavapy.gov.py\/biblioteca\/wp-json\/wp\/v2\/product"}],"about":[{"href":"https:\/\/tavapy.gov.py\/biblioteca\/wp-json\/wp\/v2\/types\/product"}],"replies":[{"embeddable":true,"href":"https:\/\/tavapy.gov.py\/biblioteca\/wp-json\/wp\/v2\/comments?post=6236"}],"wp:featuredmedia":[{"embeddable":true,"href":"https:\/\/tavapy.gov.py\/biblioteca\/wp-json\/wp\/v2\/media\/6074"}],"wp:attachment":[{"href":"https:\/\/tavapy.gov.py\/biblioteca\/wp-json\/wp\/v2\/media?parent=6236"}],"wp:term":[{"taxonomy":"product_cat","embeddable":true,"href":"https:\/\/tavapy.gov.py\/biblioteca\/wp-json\/wp\/v2\/product_cat?post=6236"},{"taxonomy":"product_tag","embeddable":true,"href":"https:\/\/tavapy.gov.py\/biblioteca\/wp-json\/wp\/v2\/product_tag?post=6236"}],"curies":[{"name":"wp","href":"https:\/\/api.w.org\/{rel}","templated":true}]}}