{"id":6237,"date":"2023-01-19T23:02:28","date_gmt":"2023-01-19T23:02:28","guid":{"rendered":"https:\/\/tavapy.gov.py\/biblioteca\/?post_type=product&#038;p=6237"},"modified":"2023-01-19T23:02:28","modified_gmt":"2023-01-19T23:02:28","slug":"la-guerra-del-fin-del-mundo","status":"publish","type":"product","link":"https:\/\/tavapy.gov.py\/biblioteca\/product\/la-guerra-del-fin-del-mundo\/","title":{"rendered":"LA GUERRA DEL FIN DEL MUNDO."},"content":{"rendered":"","protected":false},"excerpt":{"rendered":"<p>La guerra del fin del mundo, publicada en \u200b1.981, es la sexta novela del escritor peruano y Premio Nobel de literatura Mario Vargas Llosa, reconocida como una de sus grandes creaciones.<\/p>\n<p>La guerra del fin del mundo recrea literariamente la guerra de Canudos, acontecimiento hist\u00f3rico ocurrido en 1897, en el que se movilizaron hacia el nordeste brasile\u00f1o m\u00e1s de 10 000 soldados. La trama ocurre en el nordeste brasile\u00f1o, azotado por sequ\u00edas y plagas, donde los terratenientes han tenido tradicionalmente el poder, en una narraci\u00f3n apocal\u00edptica, pues se acerca el cambio de siglo y el posible fin del mundo.<\/p>\n<p>La novela desarrolla la narraci\u00f3n de este conflicto desde su inicio hasta su dram\u00e1tico final. El tema central es el enfrentamiento entre los yagunzos o campesinos, dirigidos por el Consejero Antonio Conselheiro, en una especie de cruzada por restaurar los principios del Buen Jes\u00fas, y los militares que representan el poder y los intereses particulares de la reci\u00e9n creada rep\u00fablica en el Brasil, a\u00fan en contradicciones con los intereses mon\u00e1rquicos supuestamente apoyados por los brit\u00e1nicos. A la rep\u00fablica y a sus ej\u00e9rcitos se pliegan finalmente los terratenientes, representados en la novela por el Bar\u00f3n de Ca\u00f1abrava, que a\u00f1oraban la monarqu\u00eda.<\/p>\n<p>Consta de cuatro partes que se corresponden con las cuatro campa\u00f1as del ej\u00e9rcito contra Canudos, el poblado centro de la rebeli\u00f3n de los seguidores del Consejero, en la llamada guerra de Canudos, cada una de dichas campa\u00f1as con mayor n\u00famero de efectivos y superior potencia de fuego.\u200b La descripci\u00f3n precisa de las campa\u00f1as y el asedio a Canudos muestran el arte narrativo y el conocimiento del aparato militar por parte de Mario Vargas Llosa.<\/p>\n<p><a href=\"https:\/\/tavapy.gov.py\/biblioteca\/wp-content\/uploads\/2023\/01\/Vargas-LlosaM-La-guerra-del-fin-del-mundo.pdf\" target=\"_blank\" rel=\"attachment noopener wp-att-6109\"><img loading=\"lazy\" decoding=\"async\" class=\"size-full wp-image-6109 alignleft\" src=\"https:\/\/tavapy.gov.py\/biblioteca\/wp-content\/uploads\/2023\/01\/icono-PDF-copia-2-2.png\" alt=\"\" width=\"121\" height=\"140\" \/><\/a><\/p>\n","protected":false},"featured_media":6076,"comment_status":"open","ping_status":"closed","template":"","meta":{"spay_email":""},"product_cat":[57],"product_tag":[],"class_list":{"0":"post-6237","1":"product","2":"type-product","3":"status-publish","4":"has-post-thumbnail","6":"book_author-mario-vargas-llosa","7":"product_cat-novela","8":"entry"},"_links":{"self":[{"href":"https:\/\/tavapy.gov.py\/biblioteca\/wp-json\/wp\/v2\/product\/6237","targetHints":{"allow":["GET"]}}],"collection":[{"href":"https:\/\/tavapy.gov.py\/biblioteca\/wp-json\/wp\/v2\/product"}],"about":[{"href":"https:\/\/tavapy.gov.py\/biblioteca\/wp-json\/wp\/v2\/types\/product"}],"replies":[{"embeddable":true,"href":"https:\/\/tavapy.gov.py\/biblioteca\/wp-json\/wp\/v2\/comments?post=6237"}],"wp:featuredmedia":[{"embeddable":true,"href":"https:\/\/tavapy.gov.py\/biblioteca\/wp-json\/wp\/v2\/media\/6076"}],"wp:attachment":[{"href":"https:\/\/tavapy.gov.py\/biblioteca\/wp-json\/wp\/v2\/media?parent=6237"}],"wp:term":[{"taxonomy":"product_cat","embeddable":true,"href":"https:\/\/tavapy.gov.py\/biblioteca\/wp-json\/wp\/v2\/product_cat?post=6237"},{"taxonomy":"product_tag","embeddable":true,"href":"https:\/\/tavapy.gov.py\/biblioteca\/wp-json\/wp\/v2\/product_tag?post=6237"}],"curies":[{"name":"wp","href":"https:\/\/api.w.org\/{rel}","templated":true}]}}