{"id":6238,"date":"2023-01-19T23:06:05","date_gmt":"2023-01-19T23:06:05","guid":{"rendered":"https:\/\/tavapy.gov.py\/biblioteca\/?post_type=product&#038;p=6238"},"modified":"2023-01-19T23:06:05","modified_gmt":"2023-01-19T23:06:05","slug":"el-sueno-del-celta","status":"publish","type":"product","link":"https:\/\/tavapy.gov.py\/biblioteca\/product\/el-sueno-del-celta\/","title":{"rendered":"EL SUE\u00d1O DEL CELTA."},"content":{"rendered":"","protected":false},"excerpt":{"rendered":"<p>Aqu\u00ed se cuenta la peripecia vital de un hombre de leyenda: el irland\u00e9s Roger Casement. H\u00e9roe y villano, traidor y libertario, moral e inmoral, su figura m\u00faltiple se apaga y renace tras su muerte.<\/p>\n<p>Casement fue uno de los primeros europeos en denunciar los horrores del colonialismo. De sus viajes al Congo Belga y a la Amazon\u00eda sudamericana quedaron dos informes memorables que conmocionaron a la sociedad de su tiempo. Estos dos viajes y lo que all\u00ed vio cambiar\u00edan a Casement para siempre, haci\u00e9ndole emprender otra traves\u00eda, en este caso intelectual y c\u00edvica, tanto o m\u00e1s devastadora. La que lo llev\u00f3 a enfrentarse a una Inglaterra a la que admiraba y a militar activamente en la causa del nacionalismo irland\u00e9s.<\/p>\n<p>Tambi\u00e9n en la intimidad, Roger Casement fue un personaje m\u00faltiple: la publicaci\u00f3n de fragmentos de unos diarios, de veracidad dudosa, en los \u00faltimos d\u00edas de su vida, airearon unas escabrosas aventuras sexuales que le valieron el desprecio de muchos compatriotas.<\/p>\n<p>El sue\u00f1o del celta, obra publicada en el 2.010, describe una aventura existencial, en la que la oscuridad del alma humana aparece en su estado m\u00e1s puro y, por tanto, m\u00e1s enfangado.<\/p>\n<p><a href=\"https:\/\/tavapy.gov.py\/biblioteca\/wp-content\/uploads\/2023\/01\/Vargas-Llosa-El-Sueno-del-Celta.pdf\" target=\"_blank\" rel=\"attachment noopener wp-att-6109\"><img loading=\"lazy\" decoding=\"async\" class=\"size-full wp-image-6109 alignleft\" src=\"https:\/\/tavapy.gov.py\/biblioteca\/wp-content\/uploads\/2023\/01\/icono-PDF-copia-2-2.png\" alt=\"\" width=\"121\" height=\"140\" \/><\/a><\/p>\n","protected":false},"featured_media":6078,"comment_status":"open","ping_status":"closed","template":"","meta":{"spay_email":""},"product_cat":[57],"product_tag":[],"class_list":{"0":"post-6238","1":"product","2":"type-product","3":"status-publish","4":"has-post-thumbnail","6":"book_author-mario-vargas-llosa","7":"product_cat-novela","8":"entry"},"_links":{"self":[{"href":"https:\/\/tavapy.gov.py\/biblioteca\/wp-json\/wp\/v2\/product\/6238","targetHints":{"allow":["GET"]}}],"collection":[{"href":"https:\/\/tavapy.gov.py\/biblioteca\/wp-json\/wp\/v2\/product"}],"about":[{"href":"https:\/\/tavapy.gov.py\/biblioteca\/wp-json\/wp\/v2\/types\/product"}],"replies":[{"embeddable":true,"href":"https:\/\/tavapy.gov.py\/biblioteca\/wp-json\/wp\/v2\/comments?post=6238"}],"wp:featuredmedia":[{"embeddable":true,"href":"https:\/\/tavapy.gov.py\/biblioteca\/wp-json\/wp\/v2\/media\/6078"}],"wp:attachment":[{"href":"https:\/\/tavapy.gov.py\/biblioteca\/wp-json\/wp\/v2\/media?parent=6238"}],"wp:term":[{"taxonomy":"product_cat","embeddable":true,"href":"https:\/\/tavapy.gov.py\/biblioteca\/wp-json\/wp\/v2\/product_cat?post=6238"},{"taxonomy":"product_tag","embeddable":true,"href":"https:\/\/tavapy.gov.py\/biblioteca\/wp-json\/wp\/v2\/product_tag?post=6238"}],"curies":[{"name":"wp","href":"https:\/\/api.w.org\/{rel}","templated":true}]}}