{"id":6239,"date":"2023-01-19T23:09:47","date_gmt":"2023-01-19T23:09:47","guid":{"rendered":"https:\/\/tavapy.gov.py\/biblioteca\/?post_type=product&#038;p=6239"},"modified":"2023-01-19T23:09:47","modified_gmt":"2023-01-19T23:09:47","slug":"de-la-tierra-a-la-luna","status":"publish","type":"product","link":"https:\/\/tavapy.gov.py\/biblioteca\/product\/de-la-tierra-a-la-luna\/","title":{"rendered":"DE LA TIERRA A LA LUNA."},"content":{"rendered":"","protected":false},"excerpt":{"rendered":"<p>Tras terminar la guerra de Secesi\u00f3n estadounidense, el presidente del Gun-Club, Impey Barbicane, propone la fabricaci\u00f3n de un ca\u00f1\u00f3n gigante para enviar un proyectil a la Luna. Junto con el secretario, J. T. Maston, y tras ser informados de los detalles astron\u00f3micos por el Observatorio de Cambridge, deben resolver una serie de cuestiones: caracter\u00edsticas del ca\u00f1\u00f3n, forma y tama\u00f1o del proyectil, clase y cantidad de p\u00f3lvora, ubicaci\u00f3n del sitio de lanzamiento, financiaci\u00f3n de la empresa, etc.<\/p>\n<p>La viabilidad del proyecto es cuestionada por el capit\u00e1n Nicholl, enemigo ac\u00e9rrimo de Barbicane (si el segundo es constructor de proyectiles, el primero lo es de corazas y escudos), el cual hace una serie de apuestas a Barbicane acerca del \u00e9xito del proyectil.<\/p>\n<p>La obra \u201cDe la tierra a la luna\u201d fue publicada en 1.865.<\/p>\n<p><a href=\"https:\/\/tavapy.gov.py\/biblioteca\/wp-content\/uploads\/2023\/01\/VerneJ-De-la-Tierra-a-la-Luna.pdf\" target=\"_blank\" rel=\"attachment noopener wp-att-6109\"><img loading=\"lazy\" decoding=\"async\" class=\"size-full wp-image-6109 alignleft\" src=\"https:\/\/tavapy.gov.py\/biblioteca\/wp-content\/uploads\/2023\/01\/icono-PDF-copia-2-2.png\" alt=\"\" width=\"121\" height=\"140\" \/><\/a><\/p>\n","protected":false},"featured_media":6080,"comment_status":"open","ping_status":"closed","template":"","meta":{"spay_email":""},"product_cat":[57],"product_tag":[],"class_list":{"0":"post-6239","1":"product","2":"type-product","3":"status-publish","4":"has-post-thumbnail","6":"book_author-julio-verne","7":"product_cat-novela","8":"entry"},"_links":{"self":[{"href":"https:\/\/tavapy.gov.py\/biblioteca\/wp-json\/wp\/v2\/product\/6239","targetHints":{"allow":["GET"]}}],"collection":[{"href":"https:\/\/tavapy.gov.py\/biblioteca\/wp-json\/wp\/v2\/product"}],"about":[{"href":"https:\/\/tavapy.gov.py\/biblioteca\/wp-json\/wp\/v2\/types\/product"}],"replies":[{"embeddable":true,"href":"https:\/\/tavapy.gov.py\/biblioteca\/wp-json\/wp\/v2\/comments?post=6239"}],"wp:featuredmedia":[{"embeddable":true,"href":"https:\/\/tavapy.gov.py\/biblioteca\/wp-json\/wp\/v2\/media\/6080"}],"wp:attachment":[{"href":"https:\/\/tavapy.gov.py\/biblioteca\/wp-json\/wp\/v2\/media?parent=6239"}],"wp:term":[{"taxonomy":"product_cat","embeddable":true,"href":"https:\/\/tavapy.gov.py\/biblioteca\/wp-json\/wp\/v2\/product_cat?post=6239"},{"taxonomy":"product_tag","embeddable":true,"href":"https:\/\/tavapy.gov.py\/biblioteca\/wp-json\/wp\/v2\/product_tag?post=6239"}],"curies":[{"name":"wp","href":"https:\/\/api.w.org\/{rel}","templated":true}]}}