{"id":6241,"date":"2023-01-19T23:16:17","date_gmt":"2023-01-19T23:16:17","guid":{"rendered":"https:\/\/tavapy.gov.py\/biblioteca\/?post_type=product&#038;p=6241"},"modified":"2023-01-19T23:16:18","modified_gmt":"2023-01-19T23:16:18","slug":"la-estrella-del-sur","status":"publish","type":"product","link":"https:\/\/tavapy.gov.py\/biblioteca\/product\/la-estrella-del-sur\/","title":{"rendered":"LA ESTRELLA DEL SUR."},"content":{"rendered":"","protected":false},"excerpt":{"rendered":"<p>Cipriano Mer\u00e9, un ingeniero franc\u00e9s que vive actualmente en los Campos de Diamantes, Griqualand, Sud\u00e1frica desea casarse con la bella hija del Se\u00f1or Watkins, quien cuenta con que Alicia se quede en Sud\u00e1frica y se case con uno de los mineros m\u00e1s adinerados de la regi\u00f3n.<\/p>\n<p>Para situarse en una posici\u00f3n favorable para hacerse con la mano de Alicia, Cipriano compra una porci\u00f3n de tierra y comienza a trabajarla, en busca del preciado tesoro. Sin embargo, Alicia lo convence para que vuelva a la qu\u00edmica y retome su teor\u00eda de la sintetizaci\u00f3n del diamante.<\/p>\n<p>El experimento parece cobrar efecto cuando el ingeniero crea un diamante al cual nombra \u00abLa estrella del sur\u00bb.<\/p>\n<p>La obra \u201cLa estrella del sur\u201d fue publicada en 1.884.<\/p>\n<p><a href=\"https:\/\/tavapy.gov.py\/biblioteca\/wp-content\/uploads\/2023\/01\/VerneJ-La-estrella-del-sur.pdf\" target=\"_blank\" rel=\"attachment noopener wp-att-6109\"><img loading=\"lazy\" decoding=\"async\" class=\"size-full wp-image-6109 alignleft\" src=\"https:\/\/tavapy.gov.py\/biblioteca\/wp-content\/uploads\/2023\/01\/icono-PDF-copia-2-2.png\" alt=\"\" width=\"121\" height=\"140\" \/><\/a><\/p>\n","protected":false},"featured_media":6084,"comment_status":"open","ping_status":"closed","template":"","meta":{"spay_email":""},"product_cat":[57],"product_tag":[],"class_list":{"0":"post-6241","1":"product","2":"type-product","3":"status-publish","4":"has-post-thumbnail","6":"book_author-julio-verne","7":"product_cat-novela","8":"entry"},"_links":{"self":[{"href":"https:\/\/tavapy.gov.py\/biblioteca\/wp-json\/wp\/v2\/product\/6241","targetHints":{"allow":["GET"]}}],"collection":[{"href":"https:\/\/tavapy.gov.py\/biblioteca\/wp-json\/wp\/v2\/product"}],"about":[{"href":"https:\/\/tavapy.gov.py\/biblioteca\/wp-json\/wp\/v2\/types\/product"}],"replies":[{"embeddable":true,"href":"https:\/\/tavapy.gov.py\/biblioteca\/wp-json\/wp\/v2\/comments?post=6241"}],"wp:featuredmedia":[{"embeddable":true,"href":"https:\/\/tavapy.gov.py\/biblioteca\/wp-json\/wp\/v2\/media\/6084"}],"wp:attachment":[{"href":"https:\/\/tavapy.gov.py\/biblioteca\/wp-json\/wp\/v2\/media?parent=6241"}],"wp:term":[{"taxonomy":"product_cat","embeddable":true,"href":"https:\/\/tavapy.gov.py\/biblioteca\/wp-json\/wp\/v2\/product_cat?post=6241"},{"taxonomy":"product_tag","embeddable":true,"href":"https:\/\/tavapy.gov.py\/biblioteca\/wp-json\/wp\/v2\/product_tag?post=6241"}],"curies":[{"name":"wp","href":"https:\/\/api.w.org\/{rel}","templated":true}]}}