{"id":6242,"date":"2023-01-19T23:20:05","date_gmt":"2023-01-19T23:20:05","guid":{"rendered":"https:\/\/tavapy.gov.py\/biblioteca\/?post_type=product&#038;p=6242"},"modified":"2023-01-19T23:20:05","modified_gmt":"2023-01-19T23:20:05","slug":"economia-y-sociedad","status":"publish","type":"product","link":"https:\/\/tavapy.gov.py\/biblioteca\/product\/economia-y-sociedad\/","title":{"rendered":"ECONOM\u00cdA Y SOCIEDAD."},"content":{"rendered":"","protected":false},"excerpt":{"rendered":"<p>Max Weber estudia en su obra publicada en 1.922, desde los conceptos fundamentales de la sociolog\u00eda y la econom\u00eda hasta los diversos tipos de dominaci\u00f3n, desde la evoluci\u00f3n del derecho hasta los fundamentos sociol\u00f3gicos de la m\u00fasica, amplio ap\u00e9ndice que orienta a los estudiosos por una senda que el mismo autor no pudo ya recorrer.<\/p>\n<p>Uno de los m\u00e9ritos mayores de esta obra reside en la amplitud de una perspectiva capaz de dar cuenta del modo m\u00e1s \u00abcomprensivo\u00bb -para emplear el t\u00e9rmino de Weber- de la evoluci\u00f3n social, pol\u00edtica y cultural de la humanidad. Econom\u00eda y sociedad tambi\u00e9n adelanta una ruptura que s\u00f3lo habr\u00eda de generalizarse a\u00f1os despu\u00e9s.<\/p>\n<p>Weber se abstuvo de reducir el juego de tensiones y distensiones de la historia humana al horizonte occidental, como sucede en tantos otros autores; su obra dedica tambi\u00e9n amplia atenci\u00f3n a las culturas orientales -china e india-, con lo cual proporciona s\u00f3lido fundamento al examen justo de una de las situaciones cr\u00edticas de nuestros d\u00edas: la tensi\u00f3n Oriente-Occidente.<\/p>\n<p><a href=\"https:\/\/tavapy.gov.py\/biblioteca\/wp-content\/uploads\/2023\/01\/WeberM-Economia-y-sociedad.pdf\" target=\"_blank\" rel=\"attachment noopener wp-att-6109\"><img loading=\"lazy\" decoding=\"async\" class=\"size-full wp-image-6109 alignleft\" src=\"https:\/\/tavapy.gov.py\/biblioteca\/wp-content\/uploads\/2023\/01\/icono-PDF-copia-2-2.png\" alt=\"\" width=\"121\" height=\"140\" \/><\/a><\/p>\n","protected":false},"featured_media":6086,"comment_status":"open","ping_status":"closed","template":"","meta":{"spay_email":""},"product_cat":[758],"product_tag":[],"class_list":{"0":"post-6242","1":"product","2":"type-product","3":"status-publish","4":"has-post-thumbnail","6":"book_author-max-weber","7":"product_cat-ciencias-politicas-y-sociales-sociologia","8":"entry"},"_links":{"self":[{"href":"https:\/\/tavapy.gov.py\/biblioteca\/wp-json\/wp\/v2\/product\/6242","targetHints":{"allow":["GET"]}}],"collection":[{"href":"https:\/\/tavapy.gov.py\/biblioteca\/wp-json\/wp\/v2\/product"}],"about":[{"href":"https:\/\/tavapy.gov.py\/biblioteca\/wp-json\/wp\/v2\/types\/product"}],"replies":[{"embeddable":true,"href":"https:\/\/tavapy.gov.py\/biblioteca\/wp-json\/wp\/v2\/comments?post=6242"}],"wp:featuredmedia":[{"embeddable":true,"href":"https:\/\/tavapy.gov.py\/biblioteca\/wp-json\/wp\/v2\/media\/6086"}],"wp:attachment":[{"href":"https:\/\/tavapy.gov.py\/biblioteca\/wp-json\/wp\/v2\/media?parent=6242"}],"wp:term":[{"taxonomy":"product_cat","embeddable":true,"href":"https:\/\/tavapy.gov.py\/biblioteca\/wp-json\/wp\/v2\/product_cat?post=6242"},{"taxonomy":"product_tag","embeddable":true,"href":"https:\/\/tavapy.gov.py\/biblioteca\/wp-json\/wp\/v2\/product_tag?post=6242"}],"curies":[{"name":"wp","href":"https:\/\/api.w.org\/{rel}","templated":true}]}}