{"id":6244,"date":"2023-01-19T23:28:52","date_gmt":"2023-01-19T23:28:52","guid":{"rendered":"https:\/\/tavapy.gov.py\/biblioteca\/?post_type=product&#038;p=6244"},"modified":"2023-01-19T23:28:52","modified_gmt":"2023-01-19T23:28:52","slug":"explicar-el-mundo","status":"publish","type":"product","link":"https:\/\/tavapy.gov.py\/biblioteca\/product\/explicar-el-mundo\/","title":{"rendered":"EXPLICAR EL MUNDO."},"content":{"rendered":"","protected":false},"excerpt":{"rendered":"<p>En esta historia de la ciencia, tan irreverente como ambiciosa, Steven Weinberg nos conduce a trav\u00e9s de los siglos desde la antigua Mileto hasta el Bagdad medieval y Oxford, desde la Academia de Plat\u00f3n y el Museo de Alejandr\u00eda hasta la escuela de la Catedral de Chartres y la Sociedad Real de Londres.<\/p>\n<p>El autor nos traslada a la mente de los cient\u00edficos de la Antig\u00fcedad y la Edad Media para mostrarnos c\u00f3mo ellos no solo no entend\u00edan lo que nosotros ya entendemos del mundo; en realidad, tampoco sab\u00edan qu\u00e9 era lo que hab\u00eda que entender, ni por supuesto c\u00f3mo entenderlo.<\/p>\n<p>Sin embargo, a ra\u00edz de la lucha por resolver misterios tales como el curioso movimiento de los planetas y la subida y bajada de las mareas, finalmente emergi\u00f3 la disciplina de la ciencia moderna, con sus objetivos y sus m\u00e9todos. Weinberg examina los enfrentamientos y las colaboraciones que, a lo largo de ese tortuoso pero fascinante camino, se dieron entre la ciencia hist\u00f3rica y esferas competencia de la religi\u00f3n, la tecnolog\u00eda, las matem\u00e1ticas, la filosof\u00eda y la poes\u00eda.<\/p>\n<p>La obra \u201cExplicar el mundo\u201d fue publicada en el 2.015.<\/p>\n<p><a href=\"https:\/\/tavapy.gov.py\/biblioteca\/wp-content\/uploads\/2023\/01\/WeinbergS-Explicar-el-mundo.pdf\" target=\"_blank\" rel=\"attachment noopener wp-att-6109\"><img loading=\"lazy\" decoding=\"async\" class=\"size-full wp-image-6109 alignleft\" src=\"https:\/\/tavapy.gov.py\/biblioteca\/wp-content\/uploads\/2023\/01\/icono-PDF-copia-2-2.png\" alt=\"\" width=\"121\" height=\"140\" \/><\/a><\/p>\n","protected":false},"featured_media":6090,"comment_status":"open","ping_status":"closed","template":"","meta":{"spay_email":""},"product_cat":[227],"product_tag":[],"class_list":{"0":"post-6244","1":"product","2":"type-product","3":"status-publish","4":"has-post-thumbnail","6":"book_author-steven-weinberg","7":"product_cat-ciencia-divulgacion-cientifica","8":"entry"},"_links":{"self":[{"href":"https:\/\/tavapy.gov.py\/biblioteca\/wp-json\/wp\/v2\/product\/6244","targetHints":{"allow":["GET"]}}],"collection":[{"href":"https:\/\/tavapy.gov.py\/biblioteca\/wp-json\/wp\/v2\/product"}],"about":[{"href":"https:\/\/tavapy.gov.py\/biblioteca\/wp-json\/wp\/v2\/types\/product"}],"replies":[{"embeddable":true,"href":"https:\/\/tavapy.gov.py\/biblioteca\/wp-json\/wp\/v2\/comments?post=6244"}],"wp:featuredmedia":[{"embeddable":true,"href":"https:\/\/tavapy.gov.py\/biblioteca\/wp-json\/wp\/v2\/media\/6090"}],"wp:attachment":[{"href":"https:\/\/tavapy.gov.py\/biblioteca\/wp-json\/wp\/v2\/media?parent=6244"}],"wp:term":[{"taxonomy":"product_cat","embeddable":true,"href":"https:\/\/tavapy.gov.py\/biblioteca\/wp-json\/wp\/v2\/product_cat?post=6244"},{"taxonomy":"product_tag","embeddable":true,"href":"https:\/\/tavapy.gov.py\/biblioteca\/wp-json\/wp\/v2\/product_tag?post=6244"}],"curies":[{"name":"wp","href":"https:\/\/api.w.org\/{rel}","templated":true}]}}