{"id":6246,"date":"2023-01-20T00:02:40","date_gmt":"2023-01-20T00:02:40","guid":{"rendered":"https:\/\/tavapy.gov.py\/biblioteca\/?post_type=product&#038;p=6246"},"modified":"2023-01-20T00:02:40","modified_gmt":"2023-01-20T00:02:40","slug":"el-sentido-de-la-existencia-humana","status":"publish","type":"product","link":"https:\/\/tavapy.gov.py\/biblioteca\/product\/el-sentido-de-la-existencia-humana\/","title":{"rendered":"EL SENTIDO DE LA EXISTENCIA HUMANA."},"content":{"rendered":"","protected":false},"excerpt":{"rendered":"<p>\u00bfCu\u00e1l es el origen de la humanidad? \u00bfPor qu\u00e9 existe una especie como la nuestra en el planeta Tierra? \u00bfGozamos de una posici\u00f3n privilegiada, cu\u00e1l es nuestro destino en el universo? \u00bfAd\u00f3nde nos dirigimos? Y quiz\u00e1s la pregunta m\u00e1s dif\u00edcil de todas: \u00bfPor qu\u00e9?<\/p>\n<p>En El sentido de la existencia humana, publicado en el 2.014, su obra m\u00e1s filos\u00f3fica hasta la fecha, el bi\u00f3logo Edward O. Wilson se lleva a sus lectores de viaje para disfrutar qu\u00e9 es lo que nos hace tan especiales del resto de especies, pero tambi\u00e9n nos invita a un ejercicio de humildad que nos capacite para apreciar la fascinaci\u00f3n que ocultan el resto de especies y el mundo natural.<\/p>\n<p>Autor de inmenso prestigio \u2014es ganador de dos premios Pulitzer y ha acu\u00f1ado conceptos como \u00abbiodiversidad\u00bb\u2014, a la par que pol\u00e9mico expone en este \u00faltimo libro sus teor\u00edas m\u00e1s acabadas sobre nuestra existencia, y tiende un valioso puente entre las ciencias y las humanidades para crear un tratado sobre la existencia humana propio del siglo XXI, desde nuestros or\u00edgenes m\u00e1s lejanos hasta una mirada sugestiva sobre lo que nos depara el futuro.<\/p>\n<p><a href=\"https:\/\/tavapy.gov.py\/biblioteca\/wp-content\/uploads\/2023\/01\/WilsonE-El-sentido-de-la-existencia-humana.pdf\" target=\"_blank\" rel=\"attachment noopener wp-att-6109\"><img loading=\"lazy\" decoding=\"async\" class=\"size-full wp-image-6109 alignleft\" src=\"https:\/\/tavapy.gov.py\/biblioteca\/wp-content\/uploads\/2023\/01\/icono-PDF-copia-2-2.png\" alt=\"\" width=\"121\" height=\"140\" \/><\/a><\/p>\n","protected":false},"featured_media":6094,"comment_status":"open","ping_status":"closed","template":"","meta":{"spay_email":""},"product_cat":[759],"product_tag":[],"class_list":{"0":"post-6246","1":"product","2":"type-product","3":"status-publish","4":"has-post-thumbnail","6":"book_author-edward-wilson","7":"product_cat-filosofia-ciencias","8":"entry"},"_links":{"self":[{"href":"https:\/\/tavapy.gov.py\/biblioteca\/wp-json\/wp\/v2\/product\/6246","targetHints":{"allow":["GET"]}}],"collection":[{"href":"https:\/\/tavapy.gov.py\/biblioteca\/wp-json\/wp\/v2\/product"}],"about":[{"href":"https:\/\/tavapy.gov.py\/biblioteca\/wp-json\/wp\/v2\/types\/product"}],"replies":[{"embeddable":true,"href":"https:\/\/tavapy.gov.py\/biblioteca\/wp-json\/wp\/v2\/comments?post=6246"}],"wp:featuredmedia":[{"embeddable":true,"href":"https:\/\/tavapy.gov.py\/biblioteca\/wp-json\/wp\/v2\/media\/6094"}],"wp:attachment":[{"href":"https:\/\/tavapy.gov.py\/biblioteca\/wp-json\/wp\/v2\/media?parent=6246"}],"wp:term":[{"taxonomy":"product_cat","embeddable":true,"href":"https:\/\/tavapy.gov.py\/biblioteca\/wp-json\/wp\/v2\/product_cat?post=6246"},{"taxonomy":"product_tag","embeddable":true,"href":"https:\/\/tavapy.gov.py\/biblioteca\/wp-json\/wp\/v2\/product_tag?post=6246"}],"curies":[{"name":"wp","href":"https:\/\/api.w.org\/{rel}","templated":true}]}}