{"id":6247,"date":"2023-01-20T01:37:37","date_gmt":"2023-01-20T01:37:37","guid":{"rendered":"https:\/\/tavapy.gov.py\/biblioteca\/?post_type=product&#038;p=6247"},"modified":"2023-01-20T01:37:38","modified_gmt":"2023-01-20T01:37:38","slug":"genesis-el-origen-de-las-sociedades","status":"publish","type":"product","link":"https:\/\/tavapy.gov.py\/biblioteca\/product\/genesis-el-origen-de-las-sociedades\/","title":{"rendered":"G\u00c9NESIS: EL ORIGEN DE LAS SOCIEDADES."},"content":{"rendered":"","protected":false},"excerpt":{"rendered":"<p>Una descripci\u00f3n reveladora de los profundos or\u00edgenes de la sociedad.<\/p>\n<p>Durante eones, las mentes m\u00e1s grandes de la humanidad han carecido de respuestas confirmables a las preguntas que definen y explican el significado de la existencia humana: qu\u00e9 somos y qu\u00e9 nos cre\u00f3. En G\u00e9nesis, el c\u00e9lebre bi\u00f3logo Edward O. Wilson examina la historia evolutiva y nos ofrece una descripci\u00f3n reveladora de los profundos or\u00edgenes de la sociedad.<\/p>\n<p>Al afirmar que las creencias religiosas y las cuestiones filos\u00f3ficas se pueden reducir a componentes puramente gen\u00e9ticos y evolutivos, y que tanto el cuerpo como la mente humanos poseen una base f\u00edsica que obedece a las leyes de la f\u00edsica y la qu\u00edmica, G\u00e9nesis demuestra que el \u00fanico modo que tenemos para comprender el comportamiento humano es estudiar las diversas historias evolutivas de las especies no humanas. Wilson demuestra que se han observado al menos diecisiete (entre ellas la rata topo desnuda africana y el camar\u00f3n que deja sus huevos en una esponja) que han desarrollado sociedades avanzadas basadas en niveles de altruismo y la cooperaci\u00f3n parecidos a los humanos.<\/p>\n<p>Ya sea escribiendo sobre d\u00edpteros que \u00abbailan como acr\u00f3batas\u00bb o bancos de anchoas que se api\u00f1an como medida de protecci\u00f3n para parecer \u00abun pez gigantesco\u00bb, Edward O. Wilson elabora una obra innovadora sobre la teor\u00eda evolutiva con las observaciones biol\u00f3gicas y human\u00edsticas por las que es conocido y admirado.<\/p>\n<p>La obra \u201cG\u00e9nesis. El origen de las sociedades\u201d fue publicada en el 2.019.<\/p>\n<p><a href=\"https:\/\/tavapy.gov.py\/biblioteca\/wp-content\/uploads\/2023\/01\/WilsonE-Genesis-el-origen-de-las-sociedades.pdf\" target=\"_blank\" rel=\"attachment noopener wp-att-6109\"><img loading=\"lazy\" decoding=\"async\" class=\"size-full wp-image-6109 alignleft\" src=\"https:\/\/tavapy.gov.py\/biblioteca\/wp-content\/uploads\/2023\/01\/icono-PDF-copia-2-2.png\" alt=\"\" width=\"121\" height=\"140\" \/><\/a><\/p>\n","protected":false},"featured_media":6096,"comment_status":"open","ping_status":"closed","template":"","meta":{"spay_email":""},"product_cat":[760],"product_tag":[],"class_list":{"0":"post-6247","1":"product","2":"type-product","3":"status-publish","4":"has-post-thumbnail","6":"book_author-edward-wilson","7":"product_cat-ciencia-biologia-divulgacion-cientifica","8":"entry"},"_links":{"self":[{"href":"https:\/\/tavapy.gov.py\/biblioteca\/wp-json\/wp\/v2\/product\/6247","targetHints":{"allow":["GET"]}}],"collection":[{"href":"https:\/\/tavapy.gov.py\/biblioteca\/wp-json\/wp\/v2\/product"}],"about":[{"href":"https:\/\/tavapy.gov.py\/biblioteca\/wp-json\/wp\/v2\/types\/product"}],"replies":[{"embeddable":true,"href":"https:\/\/tavapy.gov.py\/biblioteca\/wp-json\/wp\/v2\/comments?post=6247"}],"wp:featuredmedia":[{"embeddable":true,"href":"https:\/\/tavapy.gov.py\/biblioteca\/wp-json\/wp\/v2\/media\/6096"}],"wp:attachment":[{"href":"https:\/\/tavapy.gov.py\/biblioteca\/wp-json\/wp\/v2\/media?parent=6247"}],"wp:term":[{"taxonomy":"product_cat","embeddable":true,"href":"https:\/\/tavapy.gov.py\/biblioteca\/wp-json\/wp\/v2\/product_cat?post=6247"},{"taxonomy":"product_tag","embeddable":true,"href":"https:\/\/tavapy.gov.py\/biblioteca\/wp-json\/wp\/v2\/product_tag?post=6247"}],"curies":[{"name":"wp","href":"https:\/\/api.w.org\/{rel}","templated":true}]}}