{"id":6248,"date":"2023-01-20T01:42:30","date_gmt":"2023-01-20T01:42:30","guid":{"rendered":"https:\/\/tavapy.gov.py\/biblioteca\/?post_type=product&#038;p=6248"},"modified":"2023-01-20T01:42:30","modified_gmt":"2023-01-20T01:42:30","slug":"sobre-la-naturaleza-humana","status":"publish","type":"product","link":"https:\/\/tavapy.gov.py\/biblioteca\/product\/sobre-la-naturaleza-humana\/","title":{"rendered":"SOBRE LA NATURALEZA HUMANA."},"content":{"rendered":"","protected":false},"excerpt":{"rendered":"<p>\u00bfLa conducta humana est\u00e1 dominada por la herencia biol\u00f3gica? Con su agudeza y claridad caracter\u00edsticas, Edward O. Wilson muestra como la evoluci\u00f3n ha dejado huellas en las actividades y actitudes m\u00e1s caracter\u00edsticamente humanas.<\/p>\n<p>As\u00ed, el prop\u00f3sito de este libro es completar la revoluci\u00f3n darwiniana llevando el pensamiento biol\u00f3gico al centro de las ciencias sociales y de las humanidades.<\/p>\n<p>La obra \u201cSobre la naturaleza humana\u201d fue publicada en 1.978.<\/p>\n<p><a href=\"https:\/\/tavapy.gov.py\/biblioteca\/wp-content\/uploads\/2023\/01\/WilsonE-Sobre-la-naturaleza-humana.pdf\" target=\"_blank\" rel=\"attachment noopener wp-att-6109\"><img loading=\"lazy\" decoding=\"async\" class=\"size-full wp-image-6109 alignleft\" src=\"https:\/\/tavapy.gov.py\/biblioteca\/wp-content\/uploads\/2023\/01\/icono-PDF-copia-2-2.png\" alt=\"\" width=\"121\" height=\"140\" \/><\/a><\/p>\n","protected":false},"featured_media":6098,"comment_status":"open","ping_status":"closed","template":"","meta":{"spay_email":""},"product_cat":[513],"product_tag":[],"class_list":{"0":"post-6248","1":"product","2":"type-product","3":"status-publish","4":"has-post-thumbnail","6":"book_author-edward-wilson","7":"product_cat-biologia-evolucion","8":"entry"},"_links":{"self":[{"href":"https:\/\/tavapy.gov.py\/biblioteca\/wp-json\/wp\/v2\/product\/6248","targetHints":{"allow":["GET"]}}],"collection":[{"href":"https:\/\/tavapy.gov.py\/biblioteca\/wp-json\/wp\/v2\/product"}],"about":[{"href":"https:\/\/tavapy.gov.py\/biblioteca\/wp-json\/wp\/v2\/types\/product"}],"replies":[{"embeddable":true,"href":"https:\/\/tavapy.gov.py\/biblioteca\/wp-json\/wp\/v2\/comments?post=6248"}],"wp:featuredmedia":[{"embeddable":true,"href":"https:\/\/tavapy.gov.py\/biblioteca\/wp-json\/wp\/v2\/media\/6098"}],"wp:attachment":[{"href":"https:\/\/tavapy.gov.py\/biblioteca\/wp-json\/wp\/v2\/media?parent=6248"}],"wp:term":[{"taxonomy":"product_cat","embeddable":true,"href":"https:\/\/tavapy.gov.py\/biblioteca\/wp-json\/wp\/v2\/product_cat?post=6248"},{"taxonomy":"product_tag","embeddable":true,"href":"https:\/\/tavapy.gov.py\/biblioteca\/wp-json\/wp\/v2\/product_tag?post=6248"}],"curies":[{"name":"wp","href":"https:\/\/api.w.org\/{rel}","templated":true}]}}