{"id":6251,"date":"2023-01-20T01:59:26","date_gmt":"2023-01-20T01:59:26","guid":{"rendered":"https:\/\/tavapy.gov.py\/biblioteca\/?post_type=product&#038;p=6251"},"modified":"2023-01-20T01:59:27","modified_gmt":"2023-01-20T01:59:27","slug":"peregrina-y-extranjera","status":"publish","type":"product","link":"https:\/\/tavapy.gov.py\/biblioteca\/product\/peregrina-y-extranjera\/","title":{"rendered":"PEREGRINA Y EXTRANJERA."},"content":{"rendered":"","protected":false},"excerpt":{"rendered":"<p>Peregrina y extranjera es una recopilaci\u00f3n p\u00f3stuma de ensayos en los que Marguerite Yourcenar ciudadana del pa\u00eds de la inteligencia, de gira por el mundo trata, desde su particular punto de vista, los m\u00e1s diversos temas relacionados con la cultura.<\/p>\n<p>Los escritos reunidos aqu\u00ed son el fiel reflejo de un recorrido intelectual que va desde los a\u00f1os 30 hasta los \u00faltimos hasta los \u00faltimos d\u00edas de 1987. Las m\u00fasica del joven Mozart; sus pintores favoritos Rembrandt, Poussin, Ruysdael&#8230; ; su admiraci\u00f3n por la obra de Virginia Wolf, Henry James, Oscar Wilde, Jorge Luis Borges; sus opiniones sobre el mundo de la Grecia antigua, en relaci\u00f3n con la \u00e9poca actual, y hasta su discurso de ingreso en la Academia Francesa, configuran un libro de m\u00faltiples, cambiantes y profundos atractivos.<\/p>\n<p>La obra \u201cPeregrina y extranjera\u201d fue publicada en 1.989.<\/p>\n<p><a href=\"https:\/\/tavapy.gov.py\/biblioteca\/wp-content\/uploads\/2023\/01\/YourcenarM-Peregrina-y-extranjera.pdf\" target=\"_blank\" rel=\"attachment noopener wp-att-6109\"><img loading=\"lazy\" decoding=\"async\" class=\"size-full wp-image-6109 alignleft\" src=\"https:\/\/tavapy.gov.py\/biblioteca\/wp-content\/uploads\/2023\/01\/icono-PDF-copia-2-2.png\" alt=\"\" width=\"121\" height=\"140\" \/><\/a><\/p>\n","protected":false},"featured_media":6104,"comment_status":"open","ping_status":"closed","template":"","meta":{"spay_email":""},"product_cat":[761],"product_tag":[],"class_list":{"0":"post-6251","1":"product","2":"type-product","3":"status-publish","4":"has-post-thumbnail","6":"book_author-marguerite-yourcenar","7":"product_cat-narrativa-autobiografica","8":"entry"},"_links":{"self":[{"href":"https:\/\/tavapy.gov.py\/biblioteca\/wp-json\/wp\/v2\/product\/6251","targetHints":{"allow":["GET"]}}],"collection":[{"href":"https:\/\/tavapy.gov.py\/biblioteca\/wp-json\/wp\/v2\/product"}],"about":[{"href":"https:\/\/tavapy.gov.py\/biblioteca\/wp-json\/wp\/v2\/types\/product"}],"replies":[{"embeddable":true,"href":"https:\/\/tavapy.gov.py\/biblioteca\/wp-json\/wp\/v2\/comments?post=6251"}],"wp:featuredmedia":[{"embeddable":true,"href":"https:\/\/tavapy.gov.py\/biblioteca\/wp-json\/wp\/v2\/media\/6104"}],"wp:attachment":[{"href":"https:\/\/tavapy.gov.py\/biblioteca\/wp-json\/wp\/v2\/media?parent=6251"}],"wp:term":[{"taxonomy":"product_cat","embeddable":true,"href":"https:\/\/tavapy.gov.py\/biblioteca\/wp-json\/wp\/v2\/product_cat?post=6251"},{"taxonomy":"product_tag","embeddable":true,"href":"https:\/\/tavapy.gov.py\/biblioteca\/wp-json\/wp\/v2\/product_tag?post=6251"}],"curies":[{"name":"wp","href":"https:\/\/api.w.org\/{rel}","templated":true}]}}