{"id":6252,"date":"2023-01-20T23:25:24","date_gmt":"2023-01-20T23:25:24","guid":{"rendered":"https:\/\/tavapy.gov.py\/biblioteca\/?post_type=product&#038;p=6252"},"modified":"2023-01-20T23:25:24","modified_gmt":"2023-01-20T23:25:24","slug":"pensar-la-democracia-norberto-bobbio","status":"publish","type":"product","link":"https:\/\/tavapy.gov.py\/biblioteca\/product\/pensar-la-democracia-norberto-bobbio\/","title":{"rendered":"PENSAR LA DEMOCRACIA: NORBERTO BOBBIO."},"content":{"rendered":"","protected":false},"excerpt":{"rendered":"<p>Este libro publicado en el 2.001 ofrece una reconstrucci\u00f3n global de los ejes te\u00f3ricos centrales y de las articulaciones conceptuales de la teor\u00eda de la democracia de Norberto Bobbio.<\/p>\n<p>El estudio de esta teor\u00eda se mueve en el \u00e1mbito conceptual, analizando las numerosas cuestiones en las que se articula el problema de la democracia en el planteamiento de Bobbio: la filosof\u00eda pol\u00edtica, la relaci\u00f3n entre moral y pol\u00edtica, la comparaci\u00f3n entre la democracia de los antiguos y la de los modernos, los derechos del hombre, el papel de la violencia en la historia&#8230;<\/p>\n<p><a href=\"https:\/\/tavapy.gov.py\/biblioteca\/wp-content\/uploads\/2023\/01\/YturbeCN-Pensar_la_democracia-Norberto-Bobbio.pdf\" target=\"_blank\" rel=\"attachment noopener wp-att-6109\"><img loading=\"lazy\" decoding=\"async\" class=\"size-full wp-image-6109 alignleft\" src=\"https:\/\/tavapy.gov.py\/biblioteca\/wp-content\/uploads\/2023\/01\/icono-PDF-copia-2-2.png\" alt=\"\" width=\"121\" height=\"140\" \/><\/a><\/p>\n","protected":false},"featured_media":6106,"comment_status":"open","ping_status":"closed","template":"","meta":{"spay_email":""},"product_cat":[369],"product_tag":[],"class_list":{"0":"post-6252","1":"product","2":"type-product","3":"status-publish","4":"has-post-thumbnail","6":"book_author-corina-de-yturbe","7":"product_cat-ciencia-politica","8":"entry"},"_links":{"self":[{"href":"https:\/\/tavapy.gov.py\/biblioteca\/wp-json\/wp\/v2\/product\/6252","targetHints":{"allow":["GET"]}}],"collection":[{"href":"https:\/\/tavapy.gov.py\/biblioteca\/wp-json\/wp\/v2\/product"}],"about":[{"href":"https:\/\/tavapy.gov.py\/biblioteca\/wp-json\/wp\/v2\/types\/product"}],"replies":[{"embeddable":true,"href":"https:\/\/tavapy.gov.py\/biblioteca\/wp-json\/wp\/v2\/comments?post=6252"}],"wp:featuredmedia":[{"embeddable":true,"href":"https:\/\/tavapy.gov.py\/biblioteca\/wp-json\/wp\/v2\/media\/6106"}],"wp:attachment":[{"href":"https:\/\/tavapy.gov.py\/biblioteca\/wp-json\/wp\/v2\/media?parent=6252"}],"wp:term":[{"taxonomy":"product_cat","embeddable":true,"href":"https:\/\/tavapy.gov.py\/biblioteca\/wp-json\/wp\/v2\/product_cat?post=6252"},{"taxonomy":"product_tag","embeddable":true,"href":"https:\/\/tavapy.gov.py\/biblioteca\/wp-json\/wp\/v2\/product_tag?post=6252"}],"curies":[{"name":"wp","href":"https:\/\/api.w.org\/{rel}","templated":true}]}}