{"id":6422,"date":"2023-01-27T18:09:42","date_gmt":"2023-01-27T18:09:42","guid":{"rendered":"https:\/\/tavapy.gov.py\/biblioteca\/?post_type=product&#038;p=6422"},"modified":"2023-01-27T18:09:42","modified_gmt":"2023-01-27T18:09:42","slug":"el-nacimiento-del-terrorismo-en-occidente","status":"publish","type":"product","link":"https:\/\/tavapy.gov.py\/biblioteca\/product\/el-nacimiento-del-terrorismo-en-occidente\/","title":{"rendered":"EL NACIMIENTO DEL TERRORISMO EN OCCIDENTE."},"content":{"rendered":"","protected":false},"excerpt":{"rendered":"<p>El terrorismo anarquista no hab\u00eda sido estudiado hasta ahora desde una perspectiva global, como se hace en este libro, publicado en el 2.008 que ofrece una visi\u00f3n de conjunto de la violencia terrorista en Europa occidental y en los Estados Unidos durante la llamada belle \u00e9poque.<\/p>\n<p>A fines del siglo XIX el terrorismo preocupaba ya a los gobiernos occidentales, y en 1898 se celebr\u00f3 en Roma una conferencia internacional para combatirlo. Por entonces, anarquismo y terrorismo eran t\u00e9rminos que muchos confund\u00edan, pues, a pesar de toda la variedad de elementos que constitu\u00edan la cultura libertaria, la imagen del hombre envuelto en una capa negra que escond\u00eda la bomba, la pistola o la daga, fue la que se difundi\u00f3 en la imaginaci\u00f3n popular.<\/p>\n<p>Fue un fen\u00f3meno internacional, pues en diversos pa\u00edses un mismo ideal revolucionario empujaba hacia la violencia a los anarquistas, que le\u00edan a los mismos autores, se carteaban entre s\u00ed y se desplazaban a trav\u00e9s de las fronteras. En aras de la revoluci\u00f3n mundial hab\u00eda incluso militantes dispuestos a matar y morir fuera de su pa\u00eds, como lo hicieron los italianos Caserio y Angiolillo, que asesinaron al presidente franc\u00e9s Carnot y al jefe de Gobierno espa\u00f1ol C\u00e1novas del Castillo.<\/p>\n<p>Se impon\u00eda pues un an\u00e1lisis conjunto del desarrollo que tuvo el terrorismo anarquista en Francia y en Italia, en Alemania y en Estados Unidos, y por supuesto en Espa\u00f1a, y tal es el prop\u00f3sito de este libro, resultado de la colaboraci\u00f3n de siete estudiosos de la materia.<\/p>\n<p><a href=\"https:\/\/tavapy.gov.py\/biblioteca\/wp-content\/uploads\/2023\/01\/AvilesJ-El-nacimiento-del-terrorismo-en-Occidente.pdf\" target=\"_blank\" rel=\"noopener\"><img loading=\"lazy\" decoding=\"async\" class=\"size-full wp-image-6421 alignleft\" src=\"https:\/\/tavapy.gov.py\/biblioteca\/wp-content\/uploads\/2023\/01\/icono-PDF-copia-2-3.png\" alt=\"\" width=\"121\" height=\"140\" \/><\/a><\/p>\n","protected":false},"featured_media":6255,"comment_status":"open","ping_status":"closed","template":"","meta":{"spay_email":""},"product_cat":[764],"product_tag":[],"class_list":{"0":"post-6422","1":"product","2":"type-product","3":"status-publish","4":"has-post-thumbnail","6":"book_author-juan-aviles","7":"product_cat-historia-moderna-anarquia-y-terrorismo","8":"entry"},"_links":{"self":[{"href":"https:\/\/tavapy.gov.py\/biblioteca\/wp-json\/wp\/v2\/product\/6422","targetHints":{"allow":["GET"]}}],"collection":[{"href":"https:\/\/tavapy.gov.py\/biblioteca\/wp-json\/wp\/v2\/product"}],"about":[{"href":"https:\/\/tavapy.gov.py\/biblioteca\/wp-json\/wp\/v2\/types\/product"}],"replies":[{"embeddable":true,"href":"https:\/\/tavapy.gov.py\/biblioteca\/wp-json\/wp\/v2\/comments?post=6422"}],"wp:featuredmedia":[{"embeddable":true,"href":"https:\/\/tavapy.gov.py\/biblioteca\/wp-json\/wp\/v2\/media\/6255"}],"wp:attachment":[{"href":"https:\/\/tavapy.gov.py\/biblioteca\/wp-json\/wp\/v2\/media?parent=6422"}],"wp:term":[{"taxonomy":"product_cat","embeddable":true,"href":"https:\/\/tavapy.gov.py\/biblioteca\/wp-json\/wp\/v2\/product_cat?post=6422"},{"taxonomy":"product_tag","embeddable":true,"href":"https:\/\/tavapy.gov.py\/biblioteca\/wp-json\/wp\/v2\/product_tag?post=6422"}],"curies":[{"name":"wp","href":"https:\/\/api.w.org\/{rel}","templated":true}]}}