{"id":6423,"date":"2023-01-27T18:17:04","date_gmt":"2023-01-27T18:17:04","guid":{"rendered":"https:\/\/tavapy.gov.py\/biblioteca\/?post_type=product&#038;p=6423"},"modified":"2023-01-27T18:17:04","modified_gmt":"2023-01-27T18:17:04","slug":"el-amor-no-duele","status":"publish","type":"product","link":"https:\/\/tavapy.gov.py\/biblioteca\/product\/el-amor-no-duele\/","title":{"rendered":"EL AMOR NO DUELE."},"content":{"rendered":"","protected":false},"excerpt":{"rendered":"<p>Dirigido a todas las mujeres que quieran superar y dejar atr\u00e1s un amor t\u00f3xico.\u00a0 Se centra en la idea de que un mal amor puede ser una oportunidad para comenzar una nueva vida y crecer como individuos.<\/p>\n<p>La autora aborda el tema desde una perspectiva muy pr\u00e1ctica: el libro incluye apuntes, indicaciones y ejercicios para construir una nueva vida. El primer manual para darle un sentido a la vida m\u00e1s all\u00e1 del amor, dirigido a mujeres atrapadas en una relaci\u00f3n sin sentido.<\/p>\n<p>Este libro est\u00e1 dirigido a todas aquellas mujeres que est\u00e1n apegadas a una relaci\u00f3n que no las hace felices. Que est\u00e1n enamoradas de alguien que no les corresponde y que dedican buena parte de su tiempo y energ\u00edas en conseguir que su pareja las quiera. A diferencia de otros libros, no trata esta dependencia t\u00f3xica como un trastorno afectivo ni como una enfermedad. Porque amar y ser amada, igual que amar sin ser correspondida, depende en gran medida de la suerte, pero una mala relaci\u00f3n puede transformarse en algo positivo si aprendemos a canalizar toda esa pasi\u00f3n y ansias de vivir. en una misma.<\/p>\n<p>De eso trata este libro publicado en el 2.016, de construir una vida interesante, relevante y satisfactoria con el fin de superar relaciones que no est\u00e1n a nuestra altura. De conquistar la libertad necesaria para conocer otras formas de amor, empezando por el amor propio. La autora nos ofrece tanto un enfoque te\u00f3rico como pr\u00e1ctico de una materia que, por desgracia, no est\u00e1 en los centros educativos: una buena educaci\u00f3n afectiva y algunas de las claves del arte de vivir.<\/p>\n<p><a href=\"https:\/\/tavapy.gov.py\/biblioteca\/wp-content\/uploads\/2023\/01\/BarderiM-El-amor-no-duele.-Todo-lo-que-debes-saber-sobre-el-amor-verdadero.pdf\" target=\"_blank\" rel=\"attachment noopener wp-att-6421\"><img loading=\"lazy\" decoding=\"async\" class=\"size-full wp-image-6421 alignleft\" src=\"https:\/\/tavapy.gov.py\/biblioteca\/wp-content\/uploads\/2023\/01\/icono-PDF-copia-2-3.png\" alt=\"\" width=\"121\" height=\"140\" \/><\/a><\/p>\n","protected":false},"featured_media":6258,"comment_status":"open","ping_status":"closed","template":"","meta":{"spay_email":""},"product_cat":[522],"product_tag":[],"class_list":{"0":"post-6423","1":"product","2":"type-product","3":"status-publish","4":"has-post-thumbnail","6":"book_author-montse-barderi-palau","7":"product_cat-autoayuda-espiritualidad","8":"entry"},"_links":{"self":[{"href":"https:\/\/tavapy.gov.py\/biblioteca\/wp-json\/wp\/v2\/product\/6423","targetHints":{"allow":["GET"]}}],"collection":[{"href":"https:\/\/tavapy.gov.py\/biblioteca\/wp-json\/wp\/v2\/product"}],"about":[{"href":"https:\/\/tavapy.gov.py\/biblioteca\/wp-json\/wp\/v2\/types\/product"}],"replies":[{"embeddable":true,"href":"https:\/\/tavapy.gov.py\/biblioteca\/wp-json\/wp\/v2\/comments?post=6423"}],"wp:featuredmedia":[{"embeddable":true,"href":"https:\/\/tavapy.gov.py\/biblioteca\/wp-json\/wp\/v2\/media\/6258"}],"wp:attachment":[{"href":"https:\/\/tavapy.gov.py\/biblioteca\/wp-json\/wp\/v2\/media?parent=6423"}],"wp:term":[{"taxonomy":"product_cat","embeddable":true,"href":"https:\/\/tavapy.gov.py\/biblioteca\/wp-json\/wp\/v2\/product_cat?post=6423"},{"taxonomy":"product_tag","embeddable":true,"href":"https:\/\/tavapy.gov.py\/biblioteca\/wp-json\/wp\/v2\/product_tag?post=6423"}],"curies":[{"name":"wp","href":"https:\/\/api.w.org\/{rel}","templated":true}]}}