{"id":6424,"date":"2023-01-27T18:42:47","date_gmt":"2023-01-27T18:42:47","guid":{"rendered":"https:\/\/tavapy.gov.py\/biblioteca\/?post_type=product&#038;p=6424"},"modified":"2023-01-27T18:42:47","modified_gmt":"2023-01-27T18:42:47","slug":"toda-la-historia-del-mundo","status":"publish","type":"product","link":"https:\/\/tavapy.gov.py\/biblioteca\/product\/toda-la-historia-del-mundo\/","title":{"rendered":"TODA LA HISTORIA DEL MUNDO."},"content":{"rendered":"","protected":false},"excerpt":{"rendered":"<p>Desde los antecedentes del homo sapiens hasta los atentados del 11-S. Una historia de la humanidad concentrada y de f\u00e1cil lectura, \u00e1gil y accesible, que resume de modo cronol\u00f3gico los principales acontecimientos de la civilizaci\u00f3n humana.<\/p>\n<p>Un acercamiento a veces desmitificador, pero siempre riguroso, que profundiza en los aspectos culturales y pol\u00edticos para explicar los hechos presentes a partir de los pasados.<\/p>\n<p>Este libro publicado en el 2.006 se detiene en lo esencial y al modo cl\u00e1sico, instruye deleitando.<\/p>\n<p><a href=\"https:\/\/tavapy.gov.py\/biblioteca\/wp-content\/uploads\/2023\/01\/BarreauJC-Toda-La-Historia-Del-Mundo.pdf\" target=\"_blank\" rel=\"attachment noopener wp-att-6421\"><img loading=\"lazy\" decoding=\"async\" class=\"size-full wp-image-6421 alignleft\" src=\"https:\/\/tavapy.gov.py\/biblioteca\/wp-content\/uploads\/2023\/01\/icono-PDF-copia-2-3.png\" alt=\"\" width=\"121\" height=\"140\" \/><\/a><\/p>\n","protected":false},"featured_media":6261,"comment_status":"open","ping_status":"closed","template":"","meta":{"spay_email":""},"product_cat":[519],"product_tag":[],"class_list":{"0":"post-6424","1":"product","2":"type-product","3":"status-publish","4":"has-post-thumbnail","6":"book_author-jean-claude-barreau","7":"product_cat-historia-universal","8":"entry"},"_links":{"self":[{"href":"https:\/\/tavapy.gov.py\/biblioteca\/wp-json\/wp\/v2\/product\/6424","targetHints":{"allow":["GET"]}}],"collection":[{"href":"https:\/\/tavapy.gov.py\/biblioteca\/wp-json\/wp\/v2\/product"}],"about":[{"href":"https:\/\/tavapy.gov.py\/biblioteca\/wp-json\/wp\/v2\/types\/product"}],"replies":[{"embeddable":true,"href":"https:\/\/tavapy.gov.py\/biblioteca\/wp-json\/wp\/v2\/comments?post=6424"}],"wp:featuredmedia":[{"embeddable":true,"href":"https:\/\/tavapy.gov.py\/biblioteca\/wp-json\/wp\/v2\/media\/6261"}],"wp:attachment":[{"href":"https:\/\/tavapy.gov.py\/biblioteca\/wp-json\/wp\/v2\/media?parent=6424"}],"wp:term":[{"taxonomy":"product_cat","embeddable":true,"href":"https:\/\/tavapy.gov.py\/biblioteca\/wp-json\/wp\/v2\/product_cat?post=6424"},{"taxonomy":"product_tag","embeddable":true,"href":"https:\/\/tavapy.gov.py\/biblioteca\/wp-json\/wp\/v2\/product_tag?post=6424"}],"curies":[{"name":"wp","href":"https:\/\/api.w.org\/{rel}","templated":true}]}}