{"id":6425,"date":"2023-01-27T18:52:11","date_gmt":"2023-01-27T18:52:11","guid":{"rendered":"https:\/\/tavapy.gov.py\/biblioteca\/?post_type=product&#038;p=6425"},"modified":"2023-01-27T18:52:11","modified_gmt":"2023-01-27T18:52:11","slug":"el-pacto-de-lucidez-o-la-inteligencia-del-mal","status":"publish","type":"product","link":"https:\/\/tavapy.gov.py\/biblioteca\/product\/el-pacto-de-lucidez-o-la-inteligencia-del-mal\/","title":{"rendered":"EL PACTO DE LUCIDEZ O LA INTELIGENCIA DEL MAL."},"content":{"rendered":"","protected":false},"excerpt":{"rendered":"<p>La desaparici\u00f3n de Dios nos ha dejado frente a la realidad. \u00bfQu\u00e9 ocurrir\u00e1 con la desaparici\u00f3n de la realidad? Cabe preguntarse si es este un destino negativo o simplemente una ausencia de destino, es decir, el surgimiento de una banalidad implacable ligada al c\u00e1lculo integral de la realidad.<\/p>\n<p>El destino no ha dicho su \u00faltima palabra. Se lo puede sentir en el coraz\u00f3n mismo de esa realizaci\u00f3n integral, en el coraz\u00f3n del poder, en esa convulsi\u00f3n interna que sigue su l\u00f3gica y precipita sus efectos, en ese vuelco mal\u00e9fico de la estructura que transforma una destinaci\u00f3n positiva en una finalidad asesina: aqu\u00ed se encuentra el principio del Mal y aqu\u00ed debe intervenir la inteligencia del Mal.<\/p>\n<p>O sea, dos movimientos antag\u00f3nicos: Realidad Integral: movimiento irreversible de totalizaci\u00f3n del mundo. Forma Dual: reversibilidad interna al movimiento irreversible de lo real. Parecer\u00eda que la evoluci\u00f3n (o la involuci\u00f3n) hacia un universo integral es irresistible. Pero al mismo tiempo parecer\u00eda que la forma dual es indestructible. Nada permite especular sobre el desenlace de este doble movimiento contradictorio.<\/p>\n<p>Asistimos a la confrontaci\u00f3n insoluble de una forma dual y una integraci\u00f3n total. Mas esta \u00faltima s\u00f3lo lo es en apariencia, siempre presa como est\u00e1 de una desintegraci\u00f3n secreta, de un disenso que la trabaja por dentro. Se trata de la violencia mundial inmanente al sistema-mundo y que le opone, desde dentro, la forma simb\u00f3lica m\u00e1s pura del desaf\u00edo.<\/p>\n<p>Esta obra fue publicada en el 2.004.<\/p>\n<p><a href=\"https:\/\/tavapy.gov.py\/biblioteca\/wp-content\/uploads\/2023\/01\/BaudrillardJ-El-pacto-de-lucidez-o-La-inteligencia-del-mal.pdf\" target=\"_blank\" rel=\"attachment noopener wp-att-6421\"><img loading=\"lazy\" decoding=\"async\" class=\"size-full wp-image-6421 alignleft\" src=\"https:\/\/tavapy.gov.py\/biblioteca\/wp-content\/uploads\/2023\/01\/icono-PDF-copia-2-3.png\" alt=\"\" width=\"121\" height=\"140\" \/><\/a><\/p>\n","protected":false},"featured_media":6264,"comment_status":"open","ping_status":"closed","template":"","meta":{"spay_email":""},"product_cat":[767],"product_tag":[],"class_list":{"0":"post-6425","1":"product","2":"type-product","3":"status-publish","4":"has-post-thumbnail","6":"book_author-jean-baudrillard","7":"product_cat-filosofia-contemporanea","8":"entry"},"_links":{"self":[{"href":"https:\/\/tavapy.gov.py\/biblioteca\/wp-json\/wp\/v2\/product\/6425","targetHints":{"allow":["GET"]}}],"collection":[{"href":"https:\/\/tavapy.gov.py\/biblioteca\/wp-json\/wp\/v2\/product"}],"about":[{"href":"https:\/\/tavapy.gov.py\/biblioteca\/wp-json\/wp\/v2\/types\/product"}],"replies":[{"embeddable":true,"href":"https:\/\/tavapy.gov.py\/biblioteca\/wp-json\/wp\/v2\/comments?post=6425"}],"wp:featuredmedia":[{"embeddable":true,"href":"https:\/\/tavapy.gov.py\/biblioteca\/wp-json\/wp\/v2\/media\/6264"}],"wp:attachment":[{"href":"https:\/\/tavapy.gov.py\/biblioteca\/wp-json\/wp\/v2\/media?parent=6425"}],"wp:term":[{"taxonomy":"product_cat","embeddable":true,"href":"https:\/\/tavapy.gov.py\/biblioteca\/wp-json\/wp\/v2\/product_cat?post=6425"},{"taxonomy":"product_tag","embeddable":true,"href":"https:\/\/tavapy.gov.py\/biblioteca\/wp-json\/wp\/v2\/product_tag?post=6425"}],"curies":[{"name":"wp","href":"https:\/\/api.w.org\/{rel}","templated":true}]}}