{"id":6426,"date":"2023-01-27T18:59:22","date_gmt":"2023-01-27T18:59:22","guid":{"rendered":"https:\/\/tavapy.gov.py\/biblioteca\/?post_type=product&#038;p=6426"},"modified":"2023-01-27T18:59:23","modified_gmt":"2023-01-27T18:59:23","slug":"bajo-la-sombra-del-amor","status":"publish","type":"product","link":"https:\/\/tavapy.gov.py\/biblioteca\/product\/bajo-la-sombra-del-amor\/","title":{"rendered":"BAJO LA SOMBRA DEL AMOR."},"content":{"rendered":"","protected":false},"excerpt":{"rendered":"<p>Cuando dos personas est\u00e1n destinadas a estar juntas, no importa el tiempo que pase; siempre se reencontrar\u00e1n.<\/p>\n<p>A sus veintiocho a\u00f1os, Iris no aspira a mucho m\u00e1s que mantener un trabajo estable como dama de compa\u00f1\u00eda y casar a su hermana con alguien respetable. Las esperanzas de casarse se fueron con el hombre que le rob\u00f3 el coraz\u00f3n, pero el destino es cruel y lo vuelve a poner en su camino&#8230; Solo que ya no parece ser el mismo.<\/p>\n<p>Con un pasado tr\u00e1gico del que prefiere no acordarse, Calvin Blake es esa pieza que no encaja en ning\u00fan lado. Cree ser feliz con un pie en cada estrato de Londres hasta que tropieza con el alma pura y dulce que una vez le brind\u00f3 apoyo.<\/p>\n<p>Durante la aventura para ayudarla, tendr\u00e1 que usar sus contactos, enfrentarse a sus or\u00edgenes y correr el riesgo de arriesgar de nuevo su alma.<\/p>\n<p>\u00bfPodr\u00e1n vivir su amor en paz, o el destino los separar\u00e1 de nuevo?<\/p>\n<p>La obra Bajo la sombra del amor fue publicada en el 2.021.<\/p>\n<p><a href=\"https:\/\/tavapy.gov.py\/biblioteca\/wp-content\/uploads\/2023\/01\/BrookC-Bajo-la-somba-del-amor.pdf\" target=\"_blank\" rel=\"attachment noopener wp-att-6421\"><img loading=\"lazy\" decoding=\"async\" class=\"alignnone size-full wp-image-6421\" src=\"https:\/\/tavapy.gov.py\/biblioteca\/wp-content\/uploads\/2023\/01\/icono-PDF-copia-2-3.png\" alt=\"\" width=\"121\" height=\"140\" \/><\/a><\/p>\n","protected":false},"featured_media":6266,"comment_status":"open","ping_status":"closed","template":"","meta":{"spay_email":""},"product_cat":[57],"product_tag":[],"class_list":{"0":"post-6426","1":"product","2":"type-product","3":"status-publish","4":"has-post-thumbnail","6":"book_author-catherine-brook","7":"product_cat-novela","8":"entry"},"_links":{"self":[{"href":"https:\/\/tavapy.gov.py\/biblioteca\/wp-json\/wp\/v2\/product\/6426","targetHints":{"allow":["GET"]}}],"collection":[{"href":"https:\/\/tavapy.gov.py\/biblioteca\/wp-json\/wp\/v2\/product"}],"about":[{"href":"https:\/\/tavapy.gov.py\/biblioteca\/wp-json\/wp\/v2\/types\/product"}],"replies":[{"embeddable":true,"href":"https:\/\/tavapy.gov.py\/biblioteca\/wp-json\/wp\/v2\/comments?post=6426"}],"wp:featuredmedia":[{"embeddable":true,"href":"https:\/\/tavapy.gov.py\/biblioteca\/wp-json\/wp\/v2\/media\/6266"}],"wp:attachment":[{"href":"https:\/\/tavapy.gov.py\/biblioteca\/wp-json\/wp\/v2\/media?parent=6426"}],"wp:term":[{"taxonomy":"product_cat","embeddable":true,"href":"https:\/\/tavapy.gov.py\/biblioteca\/wp-json\/wp\/v2\/product_cat?post=6426"},{"taxonomy":"product_tag","embeddable":true,"href":"https:\/\/tavapy.gov.py\/biblioteca\/wp-json\/wp\/v2\/product_tag?post=6426"}],"curies":[{"name":"wp","href":"https:\/\/api.w.org\/{rel}","templated":true}]}}