{"id":6427,"date":"2023-01-27T19:07:51","date_gmt":"2023-01-27T19:07:51","guid":{"rendered":"https:\/\/tavapy.gov.py\/biblioteca\/?post_type=product&#038;p=6427"},"modified":"2023-01-27T19:07:51","modified_gmt":"2023-01-27T19:07:51","slug":"el-mundo-de-la-antiguedad-tardia-de-marco-aurelio-a-mahoma","status":"publish","type":"product","link":"https:\/\/tavapy.gov.py\/biblioteca\/product\/el-mundo-de-la-antiguedad-tardia-de-marco-aurelio-a-mahoma\/","title":{"rendered":"EL MUNDO DE LA ANTIG\u00dcEDAD TARD\u00cdA. DE MARCO AURELIO A MAHOMA."},"content":{"rendered":"","protected":false},"excerpt":{"rendered":"<p>Con este extraordinario libro, publicado en 1.991, Peter Brown acu\u00f1\u00f3 para la posteridad el concepto de Antig\u00fcedad tard\u00eda, indispensable para entender la historia europea, al arrojar una mirada nueva sobre los cambios culturales, religiosos y sociales entre el 200 y el 700 d. C.<\/p>\n<p>Su visi\u00f3n, rica, colorida y alejada de la tan reiterada idea del declive y ca\u00edda del imperio, muestra hasta qu\u00e9 punto este periodo crucial marc\u00f3 profundamente la evoluci\u00f3n divergente de Occidente y Oriente Pr\u00f3ximo. Todav\u00eda vivimos los resultados de este profundo contraste.<\/p>\n<p><a href=\"https:\/\/tavapy.gov.py\/biblioteca\/wp-content\/uploads\/2023\/01\/BrownP-El-mundo-de-la-antiguedad-tardia.pdf\" target=\"_blank\" rel=\"attachment noopener wp-att-6421\"><img loading=\"lazy\" decoding=\"async\" class=\"size-full wp-image-6421 alignleft\" src=\"https:\/\/tavapy.gov.py\/biblioteca\/wp-content\/uploads\/2023\/01\/icono-PDF-copia-2-3.png\" alt=\"\" width=\"121\" height=\"140\" \/><\/a><\/p>\n","protected":false},"featured_media":6269,"comment_status":"open","ping_status":"closed","template":"","meta":{"spay_email":""},"product_cat":[519],"product_tag":[],"class_list":{"0":"post-6427","1":"product","2":"type-product","3":"status-publish","4":"has-post-thumbnail","6":"book_author-peter-brown","7":"product_cat-historia-universal","8":"entry"},"_links":{"self":[{"href":"https:\/\/tavapy.gov.py\/biblioteca\/wp-json\/wp\/v2\/product\/6427","targetHints":{"allow":["GET"]}}],"collection":[{"href":"https:\/\/tavapy.gov.py\/biblioteca\/wp-json\/wp\/v2\/product"}],"about":[{"href":"https:\/\/tavapy.gov.py\/biblioteca\/wp-json\/wp\/v2\/types\/product"}],"replies":[{"embeddable":true,"href":"https:\/\/tavapy.gov.py\/biblioteca\/wp-json\/wp\/v2\/comments?post=6427"}],"wp:featuredmedia":[{"embeddable":true,"href":"https:\/\/tavapy.gov.py\/biblioteca\/wp-json\/wp\/v2\/media\/6269"}],"wp:attachment":[{"href":"https:\/\/tavapy.gov.py\/biblioteca\/wp-json\/wp\/v2\/media?parent=6427"}],"wp:term":[{"taxonomy":"product_cat","embeddable":true,"href":"https:\/\/tavapy.gov.py\/biblioteca\/wp-json\/wp\/v2\/product_cat?post=6427"},{"taxonomy":"product_tag","embeddable":true,"href":"https:\/\/tavapy.gov.py\/biblioteca\/wp-json\/wp\/v2\/product_tag?post=6427"}],"curies":[{"name":"wp","href":"https:\/\/api.w.org\/{rel}","templated":true}]}}