{"id":6428,"date":"2023-01-27T19:17:27","date_gmt":"2023-01-27T19:17:27","guid":{"rendered":"https:\/\/tavapy.gov.py\/biblioteca\/?post_type=product&#038;p=6428"},"modified":"2023-01-27T19:17:27","modified_gmt":"2023-01-27T19:17:27","slug":"biografia-de-agustin-de-hipona","status":"publish","type":"product","link":"https:\/\/tavapy.gov.py\/biblioteca\/product\/biografia-de-agustin-de-hipona\/","title":{"rendered":"BIOGRAF\u00cdA DE AGUST\u00cdN DE HIPONA."},"content":{"rendered":"","protected":false},"excerpt":{"rendered":"<p>Peter Brown reconstruye la vida, obra y circunstancias de Agust\u00edn de Hipona a partir de su obra y de otros testimonios que poseemos. No se conform\u00f3 Brown con hacer una adaptaci\u00f3n de la Confesiones, sino que construy\u00f3 una biograf\u00eda casi desde cero.<\/p>\n<p>Toda la obra es excelente. Tanto los periodos formativos de Agust\u00edn de Hipona, como sus periodos intelectuales, as\u00ed como su participaci\u00f3n en la postrema resistencia del paganismo a la hegemon\u00eda cristiana. Tambi\u00e9n se ubica al pensador dentro de los marcos pol\u00edticos y sociales de la \u00e9poca, especialmente interesante ya que su vida transcurre durante la hecatombe del Imperio Romano de Occidente.<\/p>\n<p>Mezcla vida y obra, sin dedicar unos cap\u00edtulos a la y otros a la obra. Se pasa de un aspecto al otro, lo m\u00e1s complicado en la biograf\u00eda filos\u00f3fica, de una forma \u201cnatural\u201d, esto es, la propia estructura narrativa lo pide.<\/p>\n<p>La obra de Brown sobre Agust\u00edn de Hipona fue publicada en 1.967.<\/p>\n<p><a href=\"https:\/\/tavapy.gov.py\/biblioteca\/wp-content\/uploads\/2023\/01\/BrownP-Biografia-de-Agustin-de-Hipona.pdf\" target=\"_blank\" rel=\"attachment noopener wp-att-6421\"><img loading=\"lazy\" decoding=\"async\" class=\"size-full wp-image-6421 alignleft\" src=\"https:\/\/tavapy.gov.py\/biblioteca\/wp-content\/uploads\/2023\/01\/icono-PDF-copia-2-3.png\" alt=\"\" width=\"121\" height=\"140\" \/><\/a><\/p>\n","protected":false},"featured_media":6272,"comment_status":"open","ping_status":"closed","template":"","meta":{"spay_email":""},"product_cat":[770],"product_tag":[],"class_list":{"0":"post-6428","1":"product","2":"type-product","3":"status-publish","4":"has-post-thumbnail","6":"book_author-peter-brown","7":"product_cat-historia-biografia","8":"entry"},"_links":{"self":[{"href":"https:\/\/tavapy.gov.py\/biblioteca\/wp-json\/wp\/v2\/product\/6428","targetHints":{"allow":["GET"]}}],"collection":[{"href":"https:\/\/tavapy.gov.py\/biblioteca\/wp-json\/wp\/v2\/product"}],"about":[{"href":"https:\/\/tavapy.gov.py\/biblioteca\/wp-json\/wp\/v2\/types\/product"}],"replies":[{"embeddable":true,"href":"https:\/\/tavapy.gov.py\/biblioteca\/wp-json\/wp\/v2\/comments?post=6428"}],"wp:featuredmedia":[{"embeddable":true,"href":"https:\/\/tavapy.gov.py\/biblioteca\/wp-json\/wp\/v2\/media\/6272"}],"wp:attachment":[{"href":"https:\/\/tavapy.gov.py\/biblioteca\/wp-json\/wp\/v2\/media?parent=6428"}],"wp:term":[{"taxonomy":"product_cat","embeddable":true,"href":"https:\/\/tavapy.gov.py\/biblioteca\/wp-json\/wp\/v2\/product_cat?post=6428"},{"taxonomy":"product_tag","embeddable":true,"href":"https:\/\/tavapy.gov.py\/biblioteca\/wp-json\/wp\/v2\/product_tag?post=6428"}],"curies":[{"name":"wp","href":"https:\/\/api.w.org\/{rel}","templated":true}]}}