{"id":6429,"date":"2023-01-27T19:26:20","date_gmt":"2023-01-27T19:26:20","guid":{"rendered":"https:\/\/tavapy.gov.py\/biblioteca\/?post_type=product&#038;p=6429"},"modified":"2023-01-27T19:26:20","modified_gmt":"2023-01-27T19:26:20","slug":"el-cuerpo-y-la-sociedad-los-hombres-las-mujeres-y-la-renuncia-sexual-en-el-cristianismo-primitivo","status":"publish","type":"product","link":"https:\/\/tavapy.gov.py\/biblioteca\/product\/el-cuerpo-y-la-sociedad-los-hombres-las-mujeres-y-la-renuncia-sexual-en-el-cristianismo-primitivo\/","title":{"rendered":"EL CUERPO Y LA SOCIEDAD. LOS HOMBRES, LAS MUJERES Y LA RENUNCIA SEXUAL EN EL CRISTIANISMO PRIMITIVO."},"content":{"rendered":"","protected":false},"excerpt":{"rendered":"<p>En este ensayo monumental, publicado en 1.988, Peter Brown estudia la instituci\u00f3n de la renuncia sexual permanente -la abstinencia, el celibato, la virginidad perpetua- tal como se desarroll\u00f3 en los c\u00edrculos cristianos entre el siglo I y el V. Con conmovedora simpat\u00eda por los protagonistas de este drama, describe a los primeros cristianos en lucha con sus extra\u00f1as y perturbadoras preocupaciones.<\/p>\n<p>Desde la dualidad cuerpo-alma expresada por San Pablo hasta el turbulento siglo que vio el auge del ascetismo y la muerte de San Agust\u00edn, Brown hace una exposici\u00f3n detallada de las reflexiones y las controversias que las naciones de continencia generaron entre los escritores cristianos, y las contrasta con los t\u00f3picos paralelos del mundo romano y del juda\u00edsmo.<\/p>\n<p><a href=\"https:\/\/tavapy.gov.py\/biblioteca\/wp-content\/uploads\/2023\/01\/BrownP-El-cuerpo-y-la-sociedad.pdf\" target=\"_blank\" rel=\"attachment noopener wp-att-6421\"><img loading=\"lazy\" decoding=\"async\" class=\"size-full wp-image-6421 alignleft\" src=\"https:\/\/tavapy.gov.py\/biblioteca\/wp-content\/uploads\/2023\/01\/icono-PDF-copia-2-3.png\" alt=\"\" width=\"121\" height=\"140\" \/><\/a><\/p>\n","protected":false},"featured_media":6274,"comment_status":"open","ping_status":"closed","template":"","meta":{"spay_email":""},"product_cat":[549],"product_tag":[],"class_list":{"0":"post-6429","1":"product","2":"type-product","3":"status-publish","4":"has-post-thumbnail","6":"book_author-peter-brown","7":"product_cat-ciencias-politicas-y-sociales","8":"entry"},"_links":{"self":[{"href":"https:\/\/tavapy.gov.py\/biblioteca\/wp-json\/wp\/v2\/product\/6429","targetHints":{"allow":["GET"]}}],"collection":[{"href":"https:\/\/tavapy.gov.py\/biblioteca\/wp-json\/wp\/v2\/product"}],"about":[{"href":"https:\/\/tavapy.gov.py\/biblioteca\/wp-json\/wp\/v2\/types\/product"}],"replies":[{"embeddable":true,"href":"https:\/\/tavapy.gov.py\/biblioteca\/wp-json\/wp\/v2\/comments?post=6429"}],"wp:featuredmedia":[{"embeddable":true,"href":"https:\/\/tavapy.gov.py\/biblioteca\/wp-json\/wp\/v2\/media\/6274"}],"wp:attachment":[{"href":"https:\/\/tavapy.gov.py\/biblioteca\/wp-json\/wp\/v2\/media?parent=6429"}],"wp:term":[{"taxonomy":"product_cat","embeddable":true,"href":"https:\/\/tavapy.gov.py\/biblioteca\/wp-json\/wp\/v2\/product_cat?post=6429"},{"taxonomy":"product_tag","embeddable":true,"href":"https:\/\/tavapy.gov.py\/biblioteca\/wp-json\/wp\/v2\/product_tag?post=6429"}],"curies":[{"name":"wp","href":"https:\/\/api.w.org\/{rel}","templated":true}]}}