{"id":6432,"date":"2023-01-27T19:43:31","date_gmt":"2023-01-27T19:43:31","guid":{"rendered":"https:\/\/tavapy.gov.py\/biblioteca\/?post_type=product&#038;p=6432"},"modified":"2023-01-27T19:43:31","modified_gmt":"2023-01-27T19:43:31","slug":"la-receta-del-amor-en-pareja","status":"publish","type":"product","link":"https:\/\/tavapy.gov.py\/biblioteca\/product\/la-receta-del-amor-en-pareja\/","title":{"rendered":"LA RECETA DEL AMOR EN PAREJA."},"content":{"rendered":"","protected":false},"excerpt":{"rendered":"<p>\u00bfC\u00f3mo animar y revitalizar el amor para que perdure una uni\u00f3n profunda, la correspondencia de sentimientos y as\u00ed alcanzar la felicidad? Las claves para un amor en pareja que perdure las encontramos en las demostraciones de cari\u00f1o, la entrega total con ternura y pasi\u00f3n, el respeto por la autonom\u00eda y promoci\u00f3n de la personalidad del c\u00f3nyuge, la comunicaci\u00f3n sincera y el buen humor ante les dificultades.<\/p>\n<p>Este libro publicado en el 2.018 nos sumerge en las distintas fases del amor. Nos da las herramientas necesarias para gestionar las emociones, evitar el desamor, ejercer la libertad y activar habilidades sociales para una convivencia atractiva. Encontramos pautas para saber c\u00f3mo actuar con la llegada de los hijos y en cada etapa de la vida, para vivirla con esperanza y ser felices.<\/p>\n<p><a href=\"https:\/\/tavapy.gov.py\/biblioteca\/wp-content\/uploads\/2023\/01\/CardonaV-La-receta-del-amor-en-pareja.pdf\" target=\"_blank\" rel=\"attachment noopener wp-att-6421\"><img loading=\"lazy\" decoding=\"async\" class=\"size-full wp-image-6421 alignleft\" src=\"https:\/\/tavapy.gov.py\/biblioteca\/wp-content\/uploads\/2023\/01\/icono-PDF-copia-2-3.png\" alt=\"\" width=\"121\" height=\"140\" \/><\/a><\/p>\n","protected":false},"featured_media":6280,"comment_status":"open","ping_status":"closed","template":"","meta":{"spay_email":""},"product_cat":[631],"product_tag":[],"class_list":{"0":"post-6432","1":"product","2":"type-product","3":"status-publish","4":"has-post-thumbnail","6":"book_author-victoria-cardona","7":"product_cat-autoayuda-psicologia","8":"entry"},"_links":{"self":[{"href":"https:\/\/tavapy.gov.py\/biblioteca\/wp-json\/wp\/v2\/product\/6432","targetHints":{"allow":["GET"]}}],"collection":[{"href":"https:\/\/tavapy.gov.py\/biblioteca\/wp-json\/wp\/v2\/product"}],"about":[{"href":"https:\/\/tavapy.gov.py\/biblioteca\/wp-json\/wp\/v2\/types\/product"}],"replies":[{"embeddable":true,"href":"https:\/\/tavapy.gov.py\/biblioteca\/wp-json\/wp\/v2\/comments?post=6432"}],"wp:featuredmedia":[{"embeddable":true,"href":"https:\/\/tavapy.gov.py\/biblioteca\/wp-json\/wp\/v2\/media\/6280"}],"wp:attachment":[{"href":"https:\/\/tavapy.gov.py\/biblioteca\/wp-json\/wp\/v2\/media?parent=6432"}],"wp:term":[{"taxonomy":"product_cat","embeddable":true,"href":"https:\/\/tavapy.gov.py\/biblioteca\/wp-json\/wp\/v2\/product_cat?post=6432"},{"taxonomy":"product_tag","embeddable":true,"href":"https:\/\/tavapy.gov.py\/biblioteca\/wp-json\/wp\/v2\/product_tag?post=6432"}],"curies":[{"name":"wp","href":"https:\/\/api.w.org\/{rel}","templated":true}]}}