{"id":6436,"date":"2023-01-27T20:19:13","date_gmt":"2023-01-27T20:19:13","guid":{"rendered":"https:\/\/tavapy.gov.py\/biblioteca\/?post_type=product&#038;p=6436"},"modified":"2023-01-27T20:19:14","modified_gmt":"2023-01-27T20:19:14","slug":"el-amor-no-es-como-nos-contaron-ni-como-lo-inventamos","status":"publish","type":"product","link":"https:\/\/tavapy.gov.py\/biblioteca\/product\/el-amor-no-es-como-nos-contaron-ni-como-lo-inventamos\/","title":{"rendered":"EL AMOR NO ES COMO NOS CONTARON&#8230; NI COMO LO INVENTAMOS."},"content":{"rendered":"","protected":false},"excerpt":{"rendered":"<p>Todav\u00eda hoy muchas mujeres piensan que el amor es entrega absoluta e incondicional y se mantienen en un segundo plano, confundiendo amor con renuncia. Estas creencias forman parte de la mentalidad de muchas mujeres sin que apenas se den cuenta, que las consideran como algo natural y socialmente aceptable. Pero esa concepci\u00f3n del amor de pareja, que confunde amor con cuidado excesivo, est\u00e1 construida a imagen y semejanza del amor maternal.<\/p>\n<p>Muchas mujeres cuidan a los hombres como si fueran madres y esperan de ellos que, a su vez, se comporten como padres con ellas. Tomar conciencia de estos \u00abmalentendidos\u00bb es el primer paso para desterrar actitudes que, lejos de consolidar los v\u00ednculos amorosos, provocan decepci\u00f3n y desamor.<\/p>\n<p>A partir de los testimonios de diversas mujeres, este libro publicado en el 2.001 nos muestra los mitos amorosos m\u00e1s comunes con la intenci\u00f3n de ense\u00f1arnos el camino hacia una nueva concepci\u00f3n del amor, que no es precisamente ni como nos contaron ni como lo inventamos.<\/p>\n<p><a href=\"https:\/\/tavapy.gov.py\/biblioteca\/wp-content\/uploads\/2023\/01\/Coria-C-El-amor-no-es-como-nos-contaron.pdf\" target=\"_blank\" rel=\"attachment noopener wp-att-6421\"><img loading=\"lazy\" decoding=\"async\" class=\"size-full wp-image-6421 alignleft\" src=\"https:\/\/tavapy.gov.py\/biblioteca\/wp-content\/uploads\/2023\/01\/icono-PDF-copia-2-3.png\" alt=\"\" width=\"121\" height=\"140\" \/><\/a><\/p>\n","protected":false},"featured_media":6285,"comment_status":"open","ping_status":"closed","template":"","meta":{"spay_email":""},"product_cat":[625],"product_tag":[],"class_list":{"0":"post-6436","1":"product","2":"type-product","3":"status-publish","4":"has-post-thumbnail","6":"book_author-clara-coria","7":"product_cat-autoayuda-psicologia-relacion-de-pareja","8":"entry"},"_links":{"self":[{"href":"https:\/\/tavapy.gov.py\/biblioteca\/wp-json\/wp\/v2\/product\/6436","targetHints":{"allow":["GET"]}}],"collection":[{"href":"https:\/\/tavapy.gov.py\/biblioteca\/wp-json\/wp\/v2\/product"}],"about":[{"href":"https:\/\/tavapy.gov.py\/biblioteca\/wp-json\/wp\/v2\/types\/product"}],"replies":[{"embeddable":true,"href":"https:\/\/tavapy.gov.py\/biblioteca\/wp-json\/wp\/v2\/comments?post=6436"}],"wp:featuredmedia":[{"embeddable":true,"href":"https:\/\/tavapy.gov.py\/biblioteca\/wp-json\/wp\/v2\/media\/6285"}],"wp:attachment":[{"href":"https:\/\/tavapy.gov.py\/biblioteca\/wp-json\/wp\/v2\/media?parent=6436"}],"wp:term":[{"taxonomy":"product_cat","embeddable":true,"href":"https:\/\/tavapy.gov.py\/biblioteca\/wp-json\/wp\/v2\/product_cat?post=6436"},{"taxonomy":"product_tag","embeddable":true,"href":"https:\/\/tavapy.gov.py\/biblioteca\/wp-json\/wp\/v2\/product_tag?post=6436"}],"curies":[{"name":"wp","href":"https:\/\/api.w.org\/{rel}","templated":true}]}}