{"id":6437,"date":"2023-01-27T20:30:54","date_gmt":"2023-01-27T20:30:54","guid":{"rendered":"https:\/\/tavapy.gov.py\/biblioteca\/?post_type=product&#038;p=6437"},"modified":"2023-01-27T20:30:55","modified_gmt":"2023-01-27T20:30:55","slug":"apologetica-en-10-respuestas","status":"publish","type":"product","link":"https:\/\/tavapy.gov.py\/biblioteca\/product\/apologetica-en-10-respuestas\/","title":{"rendered":"APOLOG\u00c9TICA EN 10 RESPUESTAS."},"content":{"rendered":"","protected":false},"excerpt":{"rendered":"<p>Con Apolog\u00e9tica en Diez Respuestas, los que creen tendr\u00e1n m\u00e1s razones para hacerlo y los que no creen encontrar\u00e1n respuestas a las preguntas que todos se hacen. La apolog\u00e9tica se condensa en la defensa de la fe cristiana con argumentos y es una irrenunciable manifestaci\u00f3n de la misi\u00f3n de la iglesia.<\/p>\n<p>En este libro publicado en el 2.020, encontrar\u00e1 una compilaci\u00f3n de los diez temas apolog\u00e9ticos m\u00e1s importantes como la existencia de Dios, el origen del hombre, la posibilidad de los milagros, la resurrecci\u00f3n de Cristo y otros temas m\u00e1s importantes. En una palabra, el postmodernismo, exige una apolog\u00e9tica para el nuevo siglo, y una apolog\u00e9tica b\u00edblica para derribar los argumentos y cualquier pretensi\u00f3n que se oponga al conocimiento de Dios.<\/p>\n<p>Este libro le ayudar\u00e1 a: Defender su fe cristiana con argumentos racionales. Derribar los argumentos y cualquier pretensi\u00f3n que se oponga al conocimiento de Dios. Enfrentar los desaf\u00edos del pluralismo, relativismo, etnicidad, ideolog\u00eda de g\u00e9nero, entre otros.<\/p>\n<p><a href=\"https:\/\/tavapy.gov.py\/biblioteca\/wp-content\/uploads\/2023\/01\/CruzA-Apologetica-en-10-respuestas.pdf\" target=\"_blank\" rel=\"attachment noopener wp-att-6421\"><img loading=\"lazy\" decoding=\"async\" class=\"size-full wp-image-6421 alignleft\" src=\"https:\/\/tavapy.gov.py\/biblioteca\/wp-content\/uploads\/2023\/01\/icono-PDF-copia-2-3.png\" alt=\"\" width=\"121\" height=\"140\" \/><\/a><\/p>\n","protected":false},"featured_media":6288,"comment_status":"open","ping_status":"closed","template":"","meta":{"spay_email":""},"product_cat":[774],"product_tag":[],"class_list":{"0":"post-6437","1":"product","2":"type-product","3":"status-publish","4":"has-post-thumbnail","6":"book_author-antonio-cruz","7":"product_cat-teologia-apologetica-ciencias","8":"entry"},"_links":{"self":[{"href":"https:\/\/tavapy.gov.py\/biblioteca\/wp-json\/wp\/v2\/product\/6437","targetHints":{"allow":["GET"]}}],"collection":[{"href":"https:\/\/tavapy.gov.py\/biblioteca\/wp-json\/wp\/v2\/product"}],"about":[{"href":"https:\/\/tavapy.gov.py\/biblioteca\/wp-json\/wp\/v2\/types\/product"}],"replies":[{"embeddable":true,"href":"https:\/\/tavapy.gov.py\/biblioteca\/wp-json\/wp\/v2\/comments?post=6437"}],"wp:featuredmedia":[{"embeddable":true,"href":"https:\/\/tavapy.gov.py\/biblioteca\/wp-json\/wp\/v2\/media\/6288"}],"wp:attachment":[{"href":"https:\/\/tavapy.gov.py\/biblioteca\/wp-json\/wp\/v2\/media?parent=6437"}],"wp:term":[{"taxonomy":"product_cat","embeddable":true,"href":"https:\/\/tavapy.gov.py\/biblioteca\/wp-json\/wp\/v2\/product_cat?post=6437"},{"taxonomy":"product_tag","embeddable":true,"href":"https:\/\/tavapy.gov.py\/biblioteca\/wp-json\/wp\/v2\/product_tag?post=6437"}],"curies":[{"name":"wp","href":"https:\/\/api.w.org\/{rel}","templated":true}]}}