{"id":6438,"date":"2023-01-27T20:40:33","date_gmt":"2023-01-27T20:40:33","guid":{"rendered":"https:\/\/tavapy.gov.py\/biblioteca\/?post_type=product&#038;p=6438"},"modified":"2023-01-27T20:40:34","modified_gmt":"2023-01-27T20:40:34","slug":"sociologia-una-desmitificacion","status":"publish","type":"product","link":"https:\/\/tavapy.gov.py\/biblioteca\/product\/sociologia-una-desmitificacion\/","title":{"rendered":"SOCIOLOG\u00cdA: UNA DESMITIFICACI\u00d3N."},"content":{"rendered":"","protected":false},"excerpt":{"rendered":"<p>A veces, en este mundo mareado con tantas ideas, nos parece como cristianos que estamos nadando en contra de la corriente. Las ideas postmodernas en la televisi\u00f3n, las pel\u00edculas y las canciones f\u00e1cilmente nos influyen, sin que nos demos cuenta.<\/p>\n<p>Tambi\u00e9n ejercen un dominio fuerte sobre nuestros hijos y seres queridos. Para no ser arrastrados por esta corriente, y para dar la mano a otros que est\u00e1n ahog\u00e1ndose en busca de respuestas apropiadas, es imprescindible conocer las ra\u00edces del pensamiento actual, y buscar respuestas correctas centradas en la Biblia.<\/p>\n<p>El Dr. Cruz hace un an\u00e1lisis profundo y acertado en este libro publicado en el 2.002, de algunos de los pensadores m\u00e1s destacados de los \u00faltimos siglos, explicando su filosof\u00eda, y comparando sus ideas con las ense\u00f1anzas b\u00edblicas.<\/p>\n<p><a href=\"https:\/\/tavapy.gov.py\/biblioteca\/wp-content\/uploads\/2023\/01\/CruzA-Sociologia-una-desmitificacion.pdf\" target=\"_blank\" rel=\"attachment noopener wp-att-6421\"><img loading=\"lazy\" decoding=\"async\" class=\"size-full wp-image-6421 alignleft\" src=\"https:\/\/tavapy.gov.py\/biblioteca\/wp-content\/uploads\/2023\/01\/icono-PDF-copia-2-3.png\" alt=\"\" width=\"121\" height=\"140\" \/><\/a><\/p>\n","protected":false},"featured_media":6290,"comment_status":"open","ping_status":"closed","template":"","meta":{"spay_email":""},"product_cat":[775],"product_tag":[],"class_list":{"0":"post-6438","1":"product","2":"type-product","3":"status-publish","4":"has-post-thumbnail","6":"book_author-antonio-cruz","7":"product_cat-teologia-sociologia","8":"entry"},"_links":{"self":[{"href":"https:\/\/tavapy.gov.py\/biblioteca\/wp-json\/wp\/v2\/product\/6438","targetHints":{"allow":["GET"]}}],"collection":[{"href":"https:\/\/tavapy.gov.py\/biblioteca\/wp-json\/wp\/v2\/product"}],"about":[{"href":"https:\/\/tavapy.gov.py\/biblioteca\/wp-json\/wp\/v2\/types\/product"}],"replies":[{"embeddable":true,"href":"https:\/\/tavapy.gov.py\/biblioteca\/wp-json\/wp\/v2\/comments?post=6438"}],"wp:featuredmedia":[{"embeddable":true,"href":"https:\/\/tavapy.gov.py\/biblioteca\/wp-json\/wp\/v2\/media\/6290"}],"wp:attachment":[{"href":"https:\/\/tavapy.gov.py\/biblioteca\/wp-json\/wp\/v2\/media?parent=6438"}],"wp:term":[{"taxonomy":"product_cat","embeddable":true,"href":"https:\/\/tavapy.gov.py\/biblioteca\/wp-json\/wp\/v2\/product_cat?post=6438"},{"taxonomy":"product_tag","embeddable":true,"href":"https:\/\/tavapy.gov.py\/biblioteca\/wp-json\/wp\/v2\/product_tag?post=6438"}],"curies":[{"name":"wp","href":"https:\/\/api.w.org\/{rel}","templated":true}]}}