{"id":6440,"date":"2023-01-27T20:46:45","date_gmt":"2023-01-27T20:46:45","guid":{"rendered":"https:\/\/tavapy.gov.py\/biblioteca\/?post_type=product&#038;p=6440"},"modified":"2023-01-27T20:46:45","modified_gmt":"2023-01-27T20:46:45","slug":"el-poder-de-la-presencia","status":"publish","type":"product","link":"https:\/\/tavapy.gov.py\/biblioteca\/product\/el-poder-de-la-presencia\/","title":{"rendered":"EL PODER DE LA PRESENCIA."},"content":{"rendered":"","protected":false},"excerpt":{"rendered":"<p>Cuando ejercemos nuestro poder personal, adquirimos presencia, entendida como la capacidad de expresar los propios pensamientos, sentimientos, valor y potencial de manera que resuenen y conecten con los dem\u00e1s.<\/p>\n<p>Amy Cuddy, reconocida psic\u00f3loga social y profesora de Harvard, afirma que no es necesario experimentar una epifan\u00eda espiritual o esforzarse por alcanzar una profunda transformaci\u00f3n interior para dominar la presencia. En cambio, nos ofrece estrategias muy sencillas para dejar atr\u00e1s las aprensiones y estar psicol\u00f3gicamente presentes en los desaf\u00edos cotidianos una entrevista de trabajo, una conversaci\u00f3n dif\u00edcil, una charla en p\u00fablico, una cita, una actuaci\u00f3n recurriendo a nuestro mejor aliado: el cuerpo.<\/p>\n<p>Impecablemente documentada, apoyada con pruebas cient\u00edficas y repleta de apasionantes historias personales que avalan sus argumentos, Presencia nos releva que el lenguaje corporal no solo influye en c\u00f3mo nos ven los dem\u00e1s, sino que tambi\u00e9n puede cambiar nuestra percepci\u00f3n de nosotros mismos. Una herramienta indispensable para salir airoso de cualquier desaf\u00edo a base de pasi\u00f3n y autenticidad, que son las garant\u00edas del \u00e9xito.<\/p>\n<p>Esta obra de Amy Cuddy fue publicada en el 2.016.<\/p>\n<p><a href=\"https:\/\/tavapy.gov.py\/biblioteca\/wp-content\/uploads\/2023\/01\/CuddyA-El-poder-de-la-presencia.pdf\" target=\"_blank\" rel=\"attachment noopener wp-att-6421\"><img loading=\"lazy\" decoding=\"async\" class=\"size-full wp-image-6421 alignleft\" src=\"https:\/\/tavapy.gov.py\/biblioteca\/wp-content\/uploads\/2023\/01\/icono-PDF-copia-2-3.png\" alt=\"\" width=\"121\" height=\"140\" \/><\/a><\/p>\n","protected":false},"featured_media":6292,"comment_status":"open","ping_status":"closed","template":"","meta":{"spay_email":""},"product_cat":[631],"product_tag":[],"class_list":{"0":"post-6440","1":"product","2":"type-product","3":"status-publish","4":"has-post-thumbnail","6":"book_author-amy-cuddy","7":"product_cat-autoayuda-psicologia","8":"entry"},"_links":{"self":[{"href":"https:\/\/tavapy.gov.py\/biblioteca\/wp-json\/wp\/v2\/product\/6440","targetHints":{"allow":["GET"]}}],"collection":[{"href":"https:\/\/tavapy.gov.py\/biblioteca\/wp-json\/wp\/v2\/product"}],"about":[{"href":"https:\/\/tavapy.gov.py\/biblioteca\/wp-json\/wp\/v2\/types\/product"}],"replies":[{"embeddable":true,"href":"https:\/\/tavapy.gov.py\/biblioteca\/wp-json\/wp\/v2\/comments?post=6440"}],"wp:featuredmedia":[{"embeddable":true,"href":"https:\/\/tavapy.gov.py\/biblioteca\/wp-json\/wp\/v2\/media\/6292"}],"wp:attachment":[{"href":"https:\/\/tavapy.gov.py\/biblioteca\/wp-json\/wp\/v2\/media?parent=6440"}],"wp:term":[{"taxonomy":"product_cat","embeddable":true,"href":"https:\/\/tavapy.gov.py\/biblioteca\/wp-json\/wp\/v2\/product_cat?post=6440"},{"taxonomy":"product_tag","embeddable":true,"href":"https:\/\/tavapy.gov.py\/biblioteca\/wp-json\/wp\/v2\/product_tag?post=6440"}],"curies":[{"name":"wp","href":"https:\/\/api.w.org\/{rel}","templated":true}]}}