{"id":6443,"date":"2023-01-27T21:06:16","date_gmt":"2023-01-27T21:06:16","guid":{"rendered":"https:\/\/tavapy.gov.py\/biblioteca\/?post_type=product&#038;p=6443"},"modified":"2023-01-27T21:08:02","modified_gmt":"2023-01-27T21:08:02","slug":"el-coleccionista-de-lagrimas","status":"publish","type":"product","link":"https:\/\/tavapy.gov.py\/biblioteca\/product\/el-coleccionista-de-lagrimas\/","title":{"rendered":"EL COLECCIONISTA DE L\u00c1GRIMAS."},"content":{"rendered":"","protected":false},"excerpt":{"rendered":"<p>Una novela sobre el Holocausto que nos recuerda que el pueblo que no conoce su historia est\u00e1 condenado a repetirla.<\/p>\n<p>Julio Verne, un profesor universitario de historia, decide dar un curso dedicado al nazismo y la segunda guerra mundial. Conforme avanzan las clases, comienza a sufrir insomnio y a tener pesadillas que reproducen las atrocidades cometidas durante aquella terrible \u00e9poca.<\/p>\n<p>Julio es reconocido por su labor de concienciar a la sociedad de los peligros del autoritarismo, y su incuestionable fama lo sit\u00faa en el punto de mira. A\u00fan m\u00e1s cuando se descubre la existencia de un extra\u00f1o complot nazi para perseguirlo\u2026<\/p>\n<p>El coleccionista de l\u00e1grimas, obra publicada en el 2.012 narra los aspectos sociales y psicol\u00f3gicos de Hitler, el hombre que conmocion\u00f3 al mundo con su crueldad.<\/p>\n<p><a href=\"https:\/\/tavapy.gov.py\/biblioteca\/wp-content\/uploads\/2023\/01\/CuryA-El-coleccionista-de-lagrimas.pdf\" target=\"_blank\" rel=\"attachment noopener wp-att-6421\"><img loading=\"lazy\" decoding=\"async\" class=\"size-full wp-image-6421 alignleft\" src=\"https:\/\/tavapy.gov.py\/biblioteca\/wp-content\/uploads\/2023\/01\/icono-PDF-copia-2-3.png\" alt=\"\" width=\"121\" height=\"140\" \/><\/a><\/p>\n","protected":false},"featured_media":6297,"comment_status":"open","ping_status":"closed","template":"","meta":{"spay_email":""},"product_cat":[777],"product_tag":[],"class_list":{"0":"post-6443","1":"product","2":"type-product","3":"status-publish","4":"has-post-thumbnail","6":"book_author-augusto-cury","7":"product_cat-novela-contemporanea","8":"entry"},"_links":{"self":[{"href":"https:\/\/tavapy.gov.py\/biblioteca\/wp-json\/wp\/v2\/product\/6443","targetHints":{"allow":["GET"]}}],"collection":[{"href":"https:\/\/tavapy.gov.py\/biblioteca\/wp-json\/wp\/v2\/product"}],"about":[{"href":"https:\/\/tavapy.gov.py\/biblioteca\/wp-json\/wp\/v2\/types\/product"}],"replies":[{"embeddable":true,"href":"https:\/\/tavapy.gov.py\/biblioteca\/wp-json\/wp\/v2\/comments?post=6443"}],"wp:featuredmedia":[{"embeddable":true,"href":"https:\/\/tavapy.gov.py\/biblioteca\/wp-json\/wp\/v2\/media\/6297"}],"wp:attachment":[{"href":"https:\/\/tavapy.gov.py\/biblioteca\/wp-json\/wp\/v2\/media?parent=6443"}],"wp:term":[{"taxonomy":"product_cat","embeddable":true,"href":"https:\/\/tavapy.gov.py\/biblioteca\/wp-json\/wp\/v2\/product_cat?post=6443"},{"taxonomy":"product_tag","embeddable":true,"href":"https:\/\/tavapy.gov.py\/biblioteca\/wp-json\/wp\/v2\/product_tag?post=6443"}],"curies":[{"name":"wp","href":"https:\/\/api.w.org\/{rel}","templated":true}]}}