{"id":6444,"date":"2023-01-27T21:15:16","date_gmt":"2023-01-27T21:15:16","guid":{"rendered":"https:\/\/tavapy.gov.py\/biblioteca\/?post_type=product&#038;p=6444"},"modified":"2023-01-27T21:15:16","modified_gmt":"2023-01-27T21:15:16","slug":"el-maestro-del-amor","status":"publish","type":"product","link":"https:\/\/tavapy.gov.py\/biblioteca\/product\/el-maestro-del-amor\/","title":{"rendered":"EL MAESTRO DEL AMOR."},"content":{"rendered":"","protected":false},"excerpt":{"rendered":"<p>Deje que el Maestro de amor siembre sus bellas semillas en el suelo de su alma.<\/p>\n<p>En El Maestro del amor, libro publicado en el 2.009, Augusto Cury investiga la pasi\u00f3n que Jes\u00fas ten\u00eda por el ser humano. Con un abordaje po\u00e9tico, aunque basado en la ciencia, en la historia y en la psicolog\u00eda, el autor hace un estudio de los emocionantes mensajes que Jes\u00fas dej\u00f3 antes de morir en la cruz.<\/p>\n<p>Jesucristo sufri\u00f3, llor\u00f3 y vivi\u00f3 momentos de extrema ansiedad. A pesar de eso, fue perfecto en la capacidad de perdonar, respetar, comprender y tener misericordia. Sobre todo, fue brillante en el arte de amar, de ser el l\u00edder de su propio mundo y de sus emociones. Nos ense\u00f1\u00f3 c\u00f3mo romper las cadenas del miedo y vivir en el poder del amor.<\/p>\n<p><a href=\"https:\/\/tavapy.gov.py\/biblioteca\/wp-content\/uploads\/2023\/01\/CuryA-El-maestro-del-amor.pdf\" target=\"_blank\" rel=\"attachment noopener wp-att-6421\"><img loading=\"lazy\" decoding=\"async\" class=\"size-full wp-image-6421 alignleft\" src=\"https:\/\/tavapy.gov.py\/biblioteca\/wp-content\/uploads\/2023\/01\/icono-PDF-copia-2-3.png\" alt=\"\" width=\"121\" height=\"140\" \/><\/a><\/p>\n","protected":false},"featured_media":6299,"comment_status":"open","ping_status":"closed","template":"","meta":{"spay_email":""},"product_cat":[408],"product_tag":[],"class_list":{"0":"post-6444","1":"product","2":"type-product","3":"status-publish","4":"has-post-thumbnail","6":"book_author-augusto-cury","7":"product_cat-autoayuda-psicologia-espiritualidad","8":"entry"},"_links":{"self":[{"href":"https:\/\/tavapy.gov.py\/biblioteca\/wp-json\/wp\/v2\/product\/6444","targetHints":{"allow":["GET"]}}],"collection":[{"href":"https:\/\/tavapy.gov.py\/biblioteca\/wp-json\/wp\/v2\/product"}],"about":[{"href":"https:\/\/tavapy.gov.py\/biblioteca\/wp-json\/wp\/v2\/types\/product"}],"replies":[{"embeddable":true,"href":"https:\/\/tavapy.gov.py\/biblioteca\/wp-json\/wp\/v2\/comments?post=6444"}],"wp:featuredmedia":[{"embeddable":true,"href":"https:\/\/tavapy.gov.py\/biblioteca\/wp-json\/wp\/v2\/media\/6299"}],"wp:attachment":[{"href":"https:\/\/tavapy.gov.py\/biblioteca\/wp-json\/wp\/v2\/media?parent=6444"}],"wp:term":[{"taxonomy":"product_cat","embeddable":true,"href":"https:\/\/tavapy.gov.py\/biblioteca\/wp-json\/wp\/v2\/product_cat?post=6444"},{"taxonomy":"product_tag","embeddable":true,"href":"https:\/\/tavapy.gov.py\/biblioteca\/wp-json\/wp\/v2\/product_tag?post=6444"}],"curies":[{"name":"wp","href":"https:\/\/api.w.org\/{rel}","templated":true}]}}