{"id":6446,"date":"2023-01-27T21:35:56","date_gmt":"2023-01-27T21:35:56","guid":{"rendered":"https:\/\/tavapy.gov.py\/biblioteca\/?post_type=product&#038;p=6446"},"modified":"2023-04-12T23:05:54","modified_gmt":"2023-04-12T23:05:54","slug":"el-arte-de-negociar-el-negociador-a-tiempo-completo","status":"publish","type":"product","link":"https:\/\/tavapy.gov.py\/biblioteca\/product\/el-arte-de-negociar-el-negociador-a-tiempo-completo\/","title":{"rendered":"EL ARTE DE NEGOCIAR: EL NEGOCIADOR A TIEMPO COMPLETO."},"content":{"rendered":"","protected":false},"excerpt":{"rendered":"<p>Establecer acuerdos \u2013es decir, negociar\u2013 constituye un quehacer ineludible, que implica a todos y cada uno de los seres humanos, y la importancia de los intereses en juego es pr\u00e1cticamente inconmensurable, si se tiene en cuenta que afecta a casi todas nuestras actividades. Ciertamente \u201cAparte del sexo, las negociaciones constituyen la implicaci\u00f3n m\u00e1s com\u00fan y problem\u00e1tica de una persona con otra, y las dos actividades no son independientes\u201d.<\/p>\n<p>Hasta tal punto es la convivencia la que marca la esencia del ser humano que \u00e9ste ha sido considerado desde la antig\u00fcedad.<\/p>\n<p>Cada movimiento durante las negociaciones y cada cl\u00e1usula de un contrato deben tener un prop\u00f3sito y pueden encerrar una trampa o un artilugio defensivo, que el concurso de la ley se encargar\u00e1 de hacer efectivo en el momento oportuno. Este enfoque es el que presidir\u00e1 el presente ensayo, en el que nos ocuparemos de los aspectos m\u00e1s vivos, din\u00e1micos, creativos y desconocidos del desarrollo de una negociaci\u00f3n, sin adentrarnos en el terreno legal, que queda fuera de los l\u00edmites que nos hemos fijado y que constituye en s\u00ed una especialidad profesional distinta de la practicada por el autor.<\/p>\n<p>La obra El arte de negociar: el negociador a tiempo completo fue publicada en el 2.014.<\/p>\n<p><a href=\"https:\/\/tavapy.gov.py\/biblioteca\/wp-content\/uploads\/2023\/01\/De-las-AlasE-El-arte-de-negociar.pdf\" target=\"_blank\" rel=\"attachment noopener wp-att-7418\"><img loading=\"lazy\" decoding=\"async\" class=\"size-full wp-image-7418 alignleft\" src=\"https:\/\/tavapy.gov.py\/biblioteca\/wp-content\/uploads\/2023\/03\/icono-PDF-copia-2.png\" alt=\"\" width=\"121\" height=\"140\" \/><\/a><\/p>\n","protected":false},"featured_media":6303,"comment_status":"open","ping_status":"closed","template":"","meta":{"spay_email":""},"product_cat":[234],"product_tag":[],"class_list":{"0":"post-6446","1":"product","2":"type-product","3":"status-publish","4":"has-post-thumbnail","6":"book_author-enrique-de-las-alas-pumarino-miranda","7":"product_cat-comunicacion-negociacion","8":"entry"},"_links":{"self":[{"href":"https:\/\/tavapy.gov.py\/biblioteca\/wp-json\/wp\/v2\/product\/6446","targetHints":{"allow":["GET"]}}],"collection":[{"href":"https:\/\/tavapy.gov.py\/biblioteca\/wp-json\/wp\/v2\/product"}],"about":[{"href":"https:\/\/tavapy.gov.py\/biblioteca\/wp-json\/wp\/v2\/types\/product"}],"replies":[{"embeddable":true,"href":"https:\/\/tavapy.gov.py\/biblioteca\/wp-json\/wp\/v2\/comments?post=6446"}],"wp:featuredmedia":[{"embeddable":true,"href":"https:\/\/tavapy.gov.py\/biblioteca\/wp-json\/wp\/v2\/media\/6303"}],"wp:attachment":[{"href":"https:\/\/tavapy.gov.py\/biblioteca\/wp-json\/wp\/v2\/media?parent=6446"}],"wp:term":[{"taxonomy":"product_cat","embeddable":true,"href":"https:\/\/tavapy.gov.py\/biblioteca\/wp-json\/wp\/v2\/product_cat?post=6446"},{"taxonomy":"product_tag","embeddable":true,"href":"https:\/\/tavapy.gov.py\/biblioteca\/wp-json\/wp\/v2\/product_tag?post=6446"}],"curies":[{"name":"wp","href":"https:\/\/api.w.org\/{rel}","templated":true}]}}