{"id":6447,"date":"2023-01-28T02:24:41","date_gmt":"2023-01-28T02:24:41","guid":{"rendered":"https:\/\/tavapy.gov.py\/biblioteca\/?post_type=product&#038;p=6447"},"modified":"2023-01-28T02:26:19","modified_gmt":"2023-01-28T02:26:19","slug":"el-libro-que-tu-cerebro-no-quiere-leer","status":"publish","type":"product","link":"https:\/\/tavapy.gov.py\/biblioteca\/product\/el-libro-que-tu-cerebro-no-quiere-leer\/","title":{"rendered":"EL LIBRO QUE TU CEREBRO NO QUIERE LEER."},"content":{"rendered":"","protected":false},"excerpt":{"rendered":"<p>Este libro publicado en el 2.019 es una propuesta original, \u00fatil y amena a medio camino entre gu\u00eda de inspiraci\u00f3n, divulgaci\u00f3n cient\u00edfica y filosof\u00eda pr\u00e1ctica. Una obra que nos muestra que nuestra percepci\u00f3n de la realidad es limitada, explica el funcionamiento del cerebro y propone un camino para cambiar nuestra perspectiva y encontrar la felicidad.<\/p>\n<p>El autor entrelaza an\u00e9cdotas de su propia vida, experimentos cient\u00edficos y referencias a personajes conocidos y a la cultura popular. \u00bfPodemos reeducar el cerebro para ser m\u00e1s felices y vivir con plenitud? La respuesta es un rotundo s\u00ed. Hoy, gracias a los avances en neurociencia, podemos entender mejor c\u00f3mo funcionan la mente y el organismo, y utilizar ese conocimiento para mejorar nuestra realidad.<\/p>\n<p>Vivimos rodeados de una cantidad descomunal de informaci\u00f3n y solo una peque\u00f1a parte (alrededor de un 5%) alcanza nuestra consciencia. Cuando entendemos c\u00f3mo el organismo genera los pensamientos y la realidad, podemos influir en el sistema para sustituir el miedo, las im\u00e1genes mentales m\u00e1s arraigadas y los mecanismos de respuesta autom\u00e1ticos por el pensamiento no lineal, la felicidad y la confianza en la vida, que siempre est\u00e1 ah\u00ed para proporcionarnos aquello que necesitamos.<\/p>\n<p>Desde una perspectiva tan did\u00e1ctica como divertida, David del Rosario, investigador y divulgador cient\u00edfico, convierte la neurociencia en una herramienta de transformaci\u00f3n, cien por cien aplicable en el d\u00eda a d\u00eda. Un viaje fascinante, del \u00e1tomo a las estrellas, que revolucionar\u00e1 tu forma de vivir y de entender el mundo.<\/p>\n<p><a href=\"https:\/\/tavapy.gov.py\/biblioteca\/wp-content\/uploads\/2023\/01\/Del-RosarioD-El-libro-que-tu-cerebro-no-quiere-leer.pdf\" target=\"_blank\" rel=\"attachment noopener wp-att-6421\"><img loading=\"lazy\" decoding=\"async\" class=\"size-full wp-image-6421 alignleft\" src=\"https:\/\/tavapy.gov.py\/biblioteca\/wp-content\/uploads\/2023\/01\/icono-PDF-copia-2-3.png\" alt=\"\" width=\"121\" height=\"140\" \/><\/a><\/p>\n","protected":false},"featured_media":6306,"comment_status":"open","ping_status":"closed","template":"","meta":{"spay_email":""},"product_cat":[361],"product_tag":[],"class_list":{"0":"post-6447","1":"product","2":"type-product","3":"status-publish","4":"has-post-thumbnail","6":"book_author-david-del-rosario","7":"product_cat-neurociencia-psicologia","8":"entry"},"_links":{"self":[{"href":"https:\/\/tavapy.gov.py\/biblioteca\/wp-json\/wp\/v2\/product\/6447","targetHints":{"allow":["GET"]}}],"collection":[{"href":"https:\/\/tavapy.gov.py\/biblioteca\/wp-json\/wp\/v2\/product"}],"about":[{"href":"https:\/\/tavapy.gov.py\/biblioteca\/wp-json\/wp\/v2\/types\/product"}],"replies":[{"embeddable":true,"href":"https:\/\/tavapy.gov.py\/biblioteca\/wp-json\/wp\/v2\/comments?post=6447"}],"wp:featuredmedia":[{"embeddable":true,"href":"https:\/\/tavapy.gov.py\/biblioteca\/wp-json\/wp\/v2\/media\/6306"}],"wp:attachment":[{"href":"https:\/\/tavapy.gov.py\/biblioteca\/wp-json\/wp\/v2\/media?parent=6447"}],"wp:term":[{"taxonomy":"product_cat","embeddable":true,"href":"https:\/\/tavapy.gov.py\/biblioteca\/wp-json\/wp\/v2\/product_cat?post=6447"},{"taxonomy":"product_tag","embeddable":true,"href":"https:\/\/tavapy.gov.py\/biblioteca\/wp-json\/wp\/v2\/product_tag?post=6447"}],"curies":[{"name":"wp","href":"https:\/\/api.w.org\/{rel}","templated":true}]}}