{"id":6449,"date":"2023-01-28T02:38:00","date_gmt":"2023-01-28T02:38:00","guid":{"rendered":"https:\/\/tavapy.gov.py\/biblioteca\/?post_type=product&#038;p=6449"},"modified":"2023-01-28T02:38:00","modified_gmt":"2023-01-28T02:38:00","slug":"contra-el-odio-un-alegato-en-defensa-de-la-pluralidad-de-pensamiento-la-tolerancia-y-la-libertad","status":"publish","type":"product","link":"https:\/\/tavapy.gov.py\/biblioteca\/product\/contra-el-odio-un-alegato-en-defensa-de-la-pluralidad-de-pensamiento-la-tolerancia-y-la-libertad\/","title":{"rendered":"CONTRA EL ODIO: UN ALEGATO EN DEFENSA DE LA PLURALIDAD DE PENSAMIENTO, LA TOLERANCIA Y LA LIBERTAD."},"content":{"rendered":"","protected":false},"excerpt":{"rendered":"<p>En este contundente y brillante ensayo, publicado en el 2.016, la intelectual Carolin Emcke reflexiona acerca de las grandes cuestiones de la actualidad: el fanatismo, el racismo y la creciente desconfianza, por no decir hostilidad, hacia la democracia. Un alegato en defensa de la pluralidad de pensamiento, la tolerancia y la libertad.<\/p>\n<p>\u00abEl odio solo se combate rechazando su invitaci\u00f3n al contagio. Es necesario activar lo que escapa a quienes odian: la observaci\u00f3n atenta, la diferenciaci\u00f3n constante y el cuestionamiento de uno mismo\u00bb.<\/p>\n<p>Racismo, fanatismo, antidemocracia&#8230; en un espacio p\u00fablico cada vez m\u00e1s polarizado se impone un pensamiento que solo permite dudar de las opiniones ajenas, nunca de las propias.<\/p>\n<p>A este planteamiento dogm\u00e1tico, Carolin Emcke una de las intelectuales europeas m\u00e1s interesantes de su generaci\u00f3n- contrapone un elogio comprometido de lo diverso, de lo \u00abimpuro\u00bb. La respuesta a nuestros problemas actuales no puede quedar relegada sencillamente a los pol\u00edticos, ya que todos somos responsables de luchar contra todas las formas cotidianas de desprecio y denigraci\u00f3n. La democracia solo es posible si tenemos el valor de enfrentarnos al odio.<\/p>\n<p><a href=\"https:\/\/tavapy.gov.py\/biblioteca\/wp-content\/uploads\/2023\/01\/EmckeC-Contra-el-odio.pdf\" target=\"_blank\" rel=\"attachment noopener wp-att-6421\"><img loading=\"lazy\" decoding=\"async\" class=\"size-full wp-image-6421 alignleft\" src=\"https:\/\/tavapy.gov.py\/biblioteca\/wp-content\/uploads\/2023\/01\/icono-PDF-copia-2-3.png\" alt=\"\" width=\"121\" height=\"140\" \/><\/a><\/p>\n","protected":false},"featured_media":6311,"comment_status":"open","ping_status":"closed","template":"","meta":{"spay_email":""},"product_cat":[524],"product_tag":[],"class_list":{"0":"post-6449","1":"product","2":"type-product","3":"status-publish","4":"has-post-thumbnail","6":"book_author-carolin-emcke","7":"product_cat-etica-filosofia-contemporanea","8":"entry"},"_links":{"self":[{"href":"https:\/\/tavapy.gov.py\/biblioteca\/wp-json\/wp\/v2\/product\/6449","targetHints":{"allow":["GET"]}}],"collection":[{"href":"https:\/\/tavapy.gov.py\/biblioteca\/wp-json\/wp\/v2\/product"}],"about":[{"href":"https:\/\/tavapy.gov.py\/biblioteca\/wp-json\/wp\/v2\/types\/product"}],"replies":[{"embeddable":true,"href":"https:\/\/tavapy.gov.py\/biblioteca\/wp-json\/wp\/v2\/comments?post=6449"}],"wp:featuredmedia":[{"embeddable":true,"href":"https:\/\/tavapy.gov.py\/biblioteca\/wp-json\/wp\/v2\/media\/6311"}],"wp:attachment":[{"href":"https:\/\/tavapy.gov.py\/biblioteca\/wp-json\/wp\/v2\/media?parent=6449"}],"wp:term":[{"taxonomy":"product_cat","embeddable":true,"href":"https:\/\/tavapy.gov.py\/biblioteca\/wp-json\/wp\/v2\/product_cat?post=6449"},{"taxonomy":"product_tag","embeddable":true,"href":"https:\/\/tavapy.gov.py\/biblioteca\/wp-json\/wp\/v2\/product_tag?post=6449"}],"curies":[{"name":"wp","href":"https:\/\/api.w.org\/{rel}","templated":true}]}}