{"id":6450,"date":"2023-01-28T15:10:37","date_gmt":"2023-01-28T15:10:37","guid":{"rendered":"https:\/\/tavapy.gov.py\/biblioteca\/?post_type=product&#038;p=6450"},"modified":"2023-01-28T15:10:38","modified_gmt":"2023-01-28T15:10:38","slug":"tu-eres-lo-que-deseo","status":"publish","type":"product","link":"https:\/\/tavapy.gov.py\/biblioteca\/product\/tu-eres-lo-que-deseo\/","title":{"rendered":"T\u00da ERES LO QUE DESEO."},"content":{"rendered":"","protected":false},"excerpt":{"rendered":"<p>Kennan y Bell han sido amigos desde la infancia. Su amistad fue siempre prohibida, marcada por una diferencia de clases sociales. Pero aquello no impidi\u00f3 que cayeran presos de un amor adolescente que no pudieron confesarse antes de que la vida los separara.<\/p>\n<p>A\u00f1os m\u00e1s tarde, en el momento en el que Bell descubre que su marido la enga\u00f1a con otra, Kennan regresa. La vida de Bell se trastocar\u00e1 por completo: el recuerdo de su amor de juventud vuelve con fuerza, aunque al mirar a los ojos a Kennan no vea reflejado al dulce chico que la enamor\u00f3. Ella necesitar\u00e1 averiguar qu\u00e9 le pas\u00f3, por qu\u00e9 ha cambiado tanto.<\/p>\n<p>La obra T\u00fa eres lo que deseo fue publicada en el 2.017.<\/p>\n<p><a href=\"https:\/\/tavapy.gov.py\/biblioteca\/wp-content\/uploads\/2023\/01\/EstringanaM-Tu-eres-lo-que-deseo.pdf\" target=\"_blank\" rel=\"attachment noopener wp-att-6421\"><img loading=\"lazy\" decoding=\"async\" class=\"size-full wp-image-6421 alignleft\" src=\"https:\/\/tavapy.gov.py\/biblioteca\/wp-content\/uploads\/2023\/01\/icono-PDF-copia-2-3.png\" alt=\"\" width=\"121\" height=\"140\" \/><\/a><\/p>\n","protected":false},"featured_media":6314,"comment_status":"open","ping_status":"closed","template":"","meta":{"spay_email":""},"product_cat":[783],"product_tag":[],"class_list":{"0":"post-6450","1":"product","2":"type-product","3":"status-publish","4":"has-post-thumbnail","6":"book_author-moruena-estringana","7":"product_cat-novela-romantica","8":"entry"},"_links":{"self":[{"href":"https:\/\/tavapy.gov.py\/biblioteca\/wp-json\/wp\/v2\/product\/6450","targetHints":{"allow":["GET"]}}],"collection":[{"href":"https:\/\/tavapy.gov.py\/biblioteca\/wp-json\/wp\/v2\/product"}],"about":[{"href":"https:\/\/tavapy.gov.py\/biblioteca\/wp-json\/wp\/v2\/types\/product"}],"replies":[{"embeddable":true,"href":"https:\/\/tavapy.gov.py\/biblioteca\/wp-json\/wp\/v2\/comments?post=6450"}],"wp:featuredmedia":[{"embeddable":true,"href":"https:\/\/tavapy.gov.py\/biblioteca\/wp-json\/wp\/v2\/media\/6314"}],"wp:attachment":[{"href":"https:\/\/tavapy.gov.py\/biblioteca\/wp-json\/wp\/v2\/media?parent=6450"}],"wp:term":[{"taxonomy":"product_cat","embeddable":true,"href":"https:\/\/tavapy.gov.py\/biblioteca\/wp-json\/wp\/v2\/product_cat?post=6450"},{"taxonomy":"product_tag","embeddable":true,"href":"https:\/\/tavapy.gov.py\/biblioteca\/wp-json\/wp\/v2\/product_tag?post=6450"}],"curies":[{"name":"wp","href":"https:\/\/api.w.org\/{rel}","templated":true}]}}