{"id":6451,"date":"2023-01-28T17:37:13","date_gmt":"2023-01-28T17:37:13","guid":{"rendered":"https:\/\/tavapy.gov.py\/biblioteca\/?post_type=product&#038;p=6451"},"modified":"2023-01-28T17:37:13","modified_gmt":"2023-01-28T17:37:13","slug":"filosofia-y-nacion-estudios-sobre-el-pensamiento-argentino","status":"publish","type":"product","link":"https:\/\/tavapy.gov.py\/biblioteca\/product\/filosofia-y-nacion-estudios-sobre-el-pensamiento-argentino\/","title":{"rendered":"FILOSOF\u00cdA Y NACI\u00d3N. ESTUDIOS SOBRE EL PENSAMIENTO ARGENTINO."},"content":{"rendered":"","protected":false},"excerpt":{"rendered":"<p>Ensayos escritos entre 1970 y 1976, que fueron publicados en 1982. Son siete estudios que debaten las l\u00edneas fundamentales del desarrollo cultural argentino durante el siglo pasado y analizan cr\u00edticamente los principales hitos en laformaci\u00f3n del pensamiento nacional.<\/p>\n<p>Ellos son: La raz\u00f3n iluminista y la Revoluci\u00f3n de Mayo. La raz\u00f3n historicista y la generaci\u00f3n rom\u00e1ntica. La filosof\u00eda de Alberdi. El pensamiento del imperio. Racionalidad e irracionalidad en \u00abFacundo\u00bb. El pensamiento del interior mediterr\u00e1neo. El pensamiento de la Confederaci\u00f3n Argentina.<\/p>\n<p><a href=\"https:\/\/tavapy.gov.py\/biblioteca\/wp-content\/uploads\/2023\/01\/Feinmann-JP-Filosofia-y-Nacion.pdf\" target=\"_blank\" rel=\"attachment noopener wp-att-6421\"><img loading=\"lazy\" decoding=\"async\" class=\"size-full wp-image-6421 alignleft\" src=\"https:\/\/tavapy.gov.py\/biblioteca\/wp-content\/uploads\/2023\/01\/icono-PDF-copia-2-3.png\" alt=\"\" width=\"121\" height=\"140\" \/><\/a><\/p>\n","protected":false},"featured_media":6317,"comment_status":"open","ping_status":"closed","template":"","meta":{"spay_email":""},"product_cat":[785],"product_tag":[],"class_list":{"0":"post-6451","1":"product","2":"type-product","3":"status-publish","4":"has-post-thumbnail","6":"book_author-jose-pablo-feinmann","7":"product_cat-filosofia-pensamiento-argentino","8":"entry"},"_links":{"self":[{"href":"https:\/\/tavapy.gov.py\/biblioteca\/wp-json\/wp\/v2\/product\/6451","targetHints":{"allow":["GET"]}}],"collection":[{"href":"https:\/\/tavapy.gov.py\/biblioteca\/wp-json\/wp\/v2\/product"}],"about":[{"href":"https:\/\/tavapy.gov.py\/biblioteca\/wp-json\/wp\/v2\/types\/product"}],"replies":[{"embeddable":true,"href":"https:\/\/tavapy.gov.py\/biblioteca\/wp-json\/wp\/v2\/comments?post=6451"}],"wp:featuredmedia":[{"embeddable":true,"href":"https:\/\/tavapy.gov.py\/biblioteca\/wp-json\/wp\/v2\/media\/6317"}],"wp:attachment":[{"href":"https:\/\/tavapy.gov.py\/biblioteca\/wp-json\/wp\/v2\/media?parent=6451"}],"wp:term":[{"taxonomy":"product_cat","embeddable":true,"href":"https:\/\/tavapy.gov.py\/biblioteca\/wp-json\/wp\/v2\/product_cat?post=6451"},{"taxonomy":"product_tag","embeddable":true,"href":"https:\/\/tavapy.gov.py\/biblioteca\/wp-json\/wp\/v2\/product_tag?post=6451"}],"curies":[{"name":"wp","href":"https:\/\/api.w.org\/{rel}","templated":true}]}}