{"id":6452,"date":"2023-01-28T17:54:23","date_gmt":"2023-01-28T17:54:23","guid":{"rendered":"https:\/\/tavapy.gov.py\/biblioteca\/?post_type=product&#038;p=6452"},"modified":"2023-01-28T17:54:23","modified_gmt":"2023-01-28T17:54:23","slug":"la-filosofia-y-el-barro-de-la-historia","status":"publish","type":"product","link":"https:\/\/tavapy.gov.py\/biblioteca\/product\/la-filosofia-y-el-barro-de-la-historia\/","title":{"rendered":"LA FILOSOF\u00cdA Y EL BARRO DE LA HISTORIA."},"content":{"rendered":"","protected":false},"excerpt":{"rendered":"<p>En este libro esencial Jos\u00e9 Pablo Feinmann aborda los grandes nombres de la filosof\u00eda occidental Descartes, Hegel Marx, Nietzsche, Heidegger, Sartre, Foucault, Adorno y Horkheimer, Derrida no como cristalizados h\u00e9roes del pensamiento sino como representantes de cada \u00e9poca en la que les toco vivir.<\/p>\n<p>La convicci\u00f3n que ha motivado este trabajo es que la filosof\u00eda tiene que ayudar a comprender la historia ya que cada filosof\u00eda es hija de una \u00e9poca que a la vez expresa refleja e ilumina. La de Feinmann es una mirada critica y reclama que la filosof\u00eda vuelva a pensar en el sujeto en la historia y en la pol\u00edtica que salga a la calle al riesgo a participar activamente en los tumultuosos problemas del ser humano.<\/p>\n<p>Lo que encontramos en estas p\u00e1ginas apasionantes es un inagotable tanque de ideas un formidable gimnasio para pensar un ejercicio de lucidez e inteligencia cr\u00edtica. Dialogar con los fil\u00f3sofos que Feinmann presenta nos entrena a pensar a plantear problemas a poner en cuesti\u00f3n y a averiguar la consistencia de las convicciones seg\u00fan las cuales vivimos.<\/p>\n<p>Nos ensena a vigilar a luchar contra la resistencia tenaz de los prejuicios a liberarnos de la tiran\u00eda de lo obvio y de lo habitual. Dialogar con los grandes fil\u00f3sofos que Feinmann nos presenta entrar en sus teor\u00edas seguir sus argumentaciones es una excelente escuela de pensamiento pues nos obliga a enfrentarnos con lo que nosotros mismos no hab\u00edamos pensado.<\/p>\n<p>Son los mejores maestros con los que podemos aprender los mejores interlocutores con los que podemos dialogar los libros que debemos leer.<\/p>\n<p>En suma, un patrimonio inestimable de sabidur\u00eda. Por eso estas p\u00e1ginas del libro publicado en el 2.008 no son neutrales: nos dejan m\u00e1s fuertes o m\u00e1s d\u00e9biles m\u00e1s felices o m\u00e1s tristes m\u00e1s seguros o m\u00e1s inciertos nunca como antes. Desde sus primeras p\u00e1ginas La filosof\u00eda y el barro de la historia nos interpela: en estos tiempos de reinado del sujeto.<\/p>\n<p><a href=\"https:\/\/tavapy.gov.py\/biblioteca\/wp-content\/uploads\/2023\/01\/FeinmannJP-La-Filosofia-y-el-Barro-de-la-Historia.pdf\" target=\"_blank\" rel=\"attachment noopener wp-att-6421\"><img loading=\"lazy\" decoding=\"async\" class=\"size-full wp-image-6421 alignleft\" src=\"https:\/\/tavapy.gov.py\/biblioteca\/wp-content\/uploads\/2023\/01\/icono-PDF-copia-2-3.png\" alt=\"\" width=\"121\" height=\"140\" \/><\/a><\/p>\n","protected":false},"featured_media":6320,"comment_status":"open","ping_status":"closed","template":"","meta":{"spay_email":""},"product_cat":[59],"product_tag":[],"class_list":{"0":"post-6452","1":"product","2":"type-product","3":"status-publish","4":"has-post-thumbnail","6":"book_author-jose-pablo-feinmann","7":"product_cat-filosofia","8":"entry"},"_links":{"self":[{"href":"https:\/\/tavapy.gov.py\/biblioteca\/wp-json\/wp\/v2\/product\/6452","targetHints":{"allow":["GET"]}}],"collection":[{"href":"https:\/\/tavapy.gov.py\/biblioteca\/wp-json\/wp\/v2\/product"}],"about":[{"href":"https:\/\/tavapy.gov.py\/biblioteca\/wp-json\/wp\/v2\/types\/product"}],"replies":[{"embeddable":true,"href":"https:\/\/tavapy.gov.py\/biblioteca\/wp-json\/wp\/v2\/comments?post=6452"}],"wp:featuredmedia":[{"embeddable":true,"href":"https:\/\/tavapy.gov.py\/biblioteca\/wp-json\/wp\/v2\/media\/6320"}],"wp:attachment":[{"href":"https:\/\/tavapy.gov.py\/biblioteca\/wp-json\/wp\/v2\/media?parent=6452"}],"wp:term":[{"taxonomy":"product_cat","embeddable":true,"href":"https:\/\/tavapy.gov.py\/biblioteca\/wp-json\/wp\/v2\/product_cat?post=6452"},{"taxonomy":"product_tag","embeddable":true,"href":"https:\/\/tavapy.gov.py\/biblioteca\/wp-json\/wp\/v2\/product_tag?post=6452"}],"curies":[{"name":"wp","href":"https:\/\/api.w.org\/{rel}","templated":true}]}}