{"id":6453,"date":"2023-01-28T18:03:53","date_gmt":"2023-01-28T18:03:53","guid":{"rendered":"https:\/\/tavapy.gov.py\/biblioteca\/?post_type=product&#038;p=6453"},"modified":"2023-01-28T18:03:53","modified_gmt":"2023-01-28T18:03:53","slug":"el-exito-es-una-decision","status":"publish","type":"product","link":"https:\/\/tavapy.gov.py\/biblioteca\/product\/el-exito-es-una-decision\/","title":{"rendered":"EL \u00c9XITO ES UNA DECISI\u00d3N."},"content":{"rendered":"","protected":false},"excerpt":{"rendered":"<p>\u00abEn El \u00e9xito es una decisi\u00f3n, David Fischman sugiere una serie de principios y estrategias para ser m\u00e1s exitoso; tambi\u00e9n precisa que es decisi\u00f3n de cada uno empezar a implementarla porque requiere de mucho trabajo y voluntad. Para presentar estas estrategias, se basa en investigaciones cient\u00edficas y en experiencias concretas de personas que perseveraron en su camino al \u00e9xito, a causa de lo cual se convirtieron en un ejemplo a seguir.<\/p>\n<p>En palabras de Fischman: \u00abEs nuestra decisi\u00f3n dar el paso y \u2018lanzarnos a la piscina\u2019. Es m\u00e1s f\u00e1cil, menos riesgoso, quedarnos en nuestra zona de confort y no saltar. Pero \u2018saltar a la piscina\u2019 \u2014como se demuestra en este libro publicado en el 2.012\u2014 es una estrategia que nos puede ayudar a cambiar nuestras creencias y alcanzar el \u00e9xito\u00bb.<\/p>\n<p><a href=\"https:\/\/tavapy.gov.py\/biblioteca\/wp-content\/uploads\/2023\/01\/FischmanD-El-exito-es-una-decision.pdf\" target=\"_blank\" rel=\"attachment noopener wp-att-6421\"><img loading=\"lazy\" decoding=\"async\" class=\"size-full wp-image-6421 alignleft\" src=\"https:\/\/tavapy.gov.py\/biblioteca\/wp-content\/uploads\/2023\/01\/icono-PDF-copia-2-3.png\" alt=\"\" width=\"121\" height=\"140\" \/><\/a><\/p>\n","protected":false},"featured_media":6322,"comment_status":"open","ping_status":"closed","template":"","meta":{"spay_email":""},"product_cat":[787],"product_tag":[],"class_list":{"0":"post-6453","1":"product","2":"type-product","3":"status-publish","4":"has-post-thumbnail","6":"book_author-david-fischman","7":"product_cat-empresas-emprendedores","8":"entry"},"_links":{"self":[{"href":"https:\/\/tavapy.gov.py\/biblioteca\/wp-json\/wp\/v2\/product\/6453","targetHints":{"allow":["GET"]}}],"collection":[{"href":"https:\/\/tavapy.gov.py\/biblioteca\/wp-json\/wp\/v2\/product"}],"about":[{"href":"https:\/\/tavapy.gov.py\/biblioteca\/wp-json\/wp\/v2\/types\/product"}],"replies":[{"embeddable":true,"href":"https:\/\/tavapy.gov.py\/biblioteca\/wp-json\/wp\/v2\/comments?post=6453"}],"wp:featuredmedia":[{"embeddable":true,"href":"https:\/\/tavapy.gov.py\/biblioteca\/wp-json\/wp\/v2\/media\/6322"}],"wp:attachment":[{"href":"https:\/\/tavapy.gov.py\/biblioteca\/wp-json\/wp\/v2\/media?parent=6453"}],"wp:term":[{"taxonomy":"product_cat","embeddable":true,"href":"https:\/\/tavapy.gov.py\/biblioteca\/wp-json\/wp\/v2\/product_cat?post=6453"},{"taxonomy":"product_tag","embeddable":true,"href":"https:\/\/tavapy.gov.py\/biblioteca\/wp-json\/wp\/v2\/product_tag?post=6453"}],"curies":[{"name":"wp","href":"https:\/\/api.w.org\/{rel}","templated":true}]}}