{"id":6454,"date":"2023-01-28T20:01:29","date_gmt":"2023-01-28T20:01:29","guid":{"rendered":"https:\/\/tavapy.gov.py\/biblioteca\/?post_type=product&#038;p=6454"},"modified":"2023-01-28T20:01:30","modified_gmt":"2023-01-28T20:01:30","slug":"cuando-el-amor-es-odio","status":"publish","type":"product","link":"https:\/\/tavapy.gov.py\/biblioteca\/product\/cuando-el-amor-es-odio\/","title":{"rendered":"CUANDO EL AMOR ES ODIO."},"content":{"rendered":"","protected":false},"excerpt":{"rendered":"<p>Hombres que odian a las mujeres y mujeres que siguen am\u00e1ndolos<\/p>\n<p>Aunque toda relaci\u00f3n entre un hombre y una mujer suele iniciarse con una oleada de pasi\u00f3n y entrega mutuas, en ocasiones, de una manera gradual, va apareciendo el lado oscuro, agresivo e inquietante de \u00e9l: se trata del mis\u00f3gino, un hombre que, aun amando a su compa\u00f1era, se comporta con ella como si la odiara; a veces el agravio es muy sutil, pero otras la critica abiertamente, la humilla, la responsabiliza de todo lo que va mal&#8230; Y, sin embargo, ella acepta sumisa todos los abusos.<\/p>\n<p>Mediante una serie de casos pr\u00e1cticos, este cl\u00e1sico de la autoayuda publicado en 1.986, muestra a todas las mujeres c\u00f3mo romper el c\u00edrculo vicioso del maltrato psicol\u00f3gico, recuperando el respeto y la confianza en s\u00ed mismas y aprendiendo a amar a hombres que las amen de verdad.<\/p>\n<p><a href=\"https:\/\/tavapy.gov.py\/biblioteca\/wp-content\/uploads\/2023\/01\/ForwardS-Cuando-el-Amor-es-Odio.pdf\" target=\"_blank\" rel=\"attachment noopener wp-att-6421\"><img loading=\"lazy\" decoding=\"async\" class=\"size-full wp-image-6421 alignleft\" src=\"https:\/\/tavapy.gov.py\/biblioteca\/wp-content\/uploads\/2023\/01\/icono-PDF-copia-2-3.png\" alt=\"\" width=\"121\" height=\"140\" \/><\/a><\/p>\n","protected":false},"featured_media":6325,"comment_status":"open","ping_status":"closed","template":"","meta":{"spay_email":""},"product_cat":[93],"product_tag":[],"class_list":{"0":"post-6454","1":"product","2":"type-product","3":"status-publish","4":"has-post-thumbnail","6":"book_author-susan-forward","7":"product_cat-psicologia-social","8":"entry"},"_links":{"self":[{"href":"https:\/\/tavapy.gov.py\/biblioteca\/wp-json\/wp\/v2\/product\/6454","targetHints":{"allow":["GET"]}}],"collection":[{"href":"https:\/\/tavapy.gov.py\/biblioteca\/wp-json\/wp\/v2\/product"}],"about":[{"href":"https:\/\/tavapy.gov.py\/biblioteca\/wp-json\/wp\/v2\/types\/product"}],"replies":[{"embeddable":true,"href":"https:\/\/tavapy.gov.py\/biblioteca\/wp-json\/wp\/v2\/comments?post=6454"}],"wp:featuredmedia":[{"embeddable":true,"href":"https:\/\/tavapy.gov.py\/biblioteca\/wp-json\/wp\/v2\/media\/6325"}],"wp:attachment":[{"href":"https:\/\/tavapy.gov.py\/biblioteca\/wp-json\/wp\/v2\/media?parent=6454"}],"wp:term":[{"taxonomy":"product_cat","embeddable":true,"href":"https:\/\/tavapy.gov.py\/biblioteca\/wp-json\/wp\/v2\/product_cat?post=6454"},{"taxonomy":"product_tag","embeddable":true,"href":"https:\/\/tavapy.gov.py\/biblioteca\/wp-json\/wp\/v2\/product_tag?post=6454"}],"curies":[{"name":"wp","href":"https:\/\/api.w.org\/{rel}","templated":true}]}}