{"id":6455,"date":"2023-01-28T20:09:27","date_gmt":"2023-01-28T20:09:27","guid":{"rendered":"https:\/\/tavapy.gov.py\/biblioteca\/?post_type=product&#038;p=6455"},"modified":"2023-01-28T20:09:27","modified_gmt":"2023-01-28T20:09:27","slug":"el-luchador","status":"publish","type":"product","link":"https:\/\/tavapy.gov.py\/biblioteca\/product\/el-luchador\/","title":{"rendered":"EL LUCHADOR."},"content":{"rendered":"<p>EL<\/p>\n","protected":false},"excerpt":{"rendered":"<p>Dean Hurac\u00e1n Conor regresa con sus hermanas a Kentucky, para evitar que una de ellas se case con un hombre tan perverso como rico.<\/p>\n<p>Dean une sus esfuerzos a los de la preciosa, inteligente y descarada Eve, una amiga de su hermana. \u00c9l se enamora de la joven, pero lo \u00faltimo que necesita Eve, que ya conoce la reputaci\u00f3n de Hurac\u00e1n, es que un tipo como aqu\u00e9l venga a destrozarle el coraz\u00f3n.<\/p>\n<p>La obra El luchador fue publicada en el 2.007.<\/p>\n<p><a href=\"https:\/\/tavapy.gov.py\/biblioteca\/wp-content\/uploads\/2023\/01\/FosterL-El-luchador.pdf\" target=\"_blank\" rel=\"attachment noopener wp-att-6421\"><img loading=\"lazy\" decoding=\"async\" class=\"alignnone size-full wp-image-6421\" src=\"https:\/\/tavapy.gov.py\/biblioteca\/wp-content\/uploads\/2023\/01\/icono-PDF-copia-2-3.png\" alt=\"\" width=\"121\" height=\"140\" \/><\/a><\/p>\n","protected":false},"featured_media":6328,"comment_status":"open","ping_status":"closed","template":"","meta":{"spay_email":""},"product_cat":[783],"product_tag":[],"class_list":{"0":"post-6455","1":"product","2":"type-product","3":"status-publish","4":"has-post-thumbnail","6":"book_author-lori-foster","7":"product_cat-novela-romantica","8":"entry"},"_links":{"self":[{"href":"https:\/\/tavapy.gov.py\/biblioteca\/wp-json\/wp\/v2\/product\/6455","targetHints":{"allow":["GET"]}}],"collection":[{"href":"https:\/\/tavapy.gov.py\/biblioteca\/wp-json\/wp\/v2\/product"}],"about":[{"href":"https:\/\/tavapy.gov.py\/biblioteca\/wp-json\/wp\/v2\/types\/product"}],"replies":[{"embeddable":true,"href":"https:\/\/tavapy.gov.py\/biblioteca\/wp-json\/wp\/v2\/comments?post=6455"}],"wp:featuredmedia":[{"embeddable":true,"href":"https:\/\/tavapy.gov.py\/biblioteca\/wp-json\/wp\/v2\/media\/6328"}],"wp:attachment":[{"href":"https:\/\/tavapy.gov.py\/biblioteca\/wp-json\/wp\/v2\/media?parent=6455"}],"wp:term":[{"taxonomy":"product_cat","embeddable":true,"href":"https:\/\/tavapy.gov.py\/biblioteca\/wp-json\/wp\/v2\/product_cat?post=6455"},{"taxonomy":"product_tag","embeddable":true,"href":"https:\/\/tavapy.gov.py\/biblioteca\/wp-json\/wp\/v2\/product_tag?post=6455"}],"curies":[{"name":"wp","href":"https:\/\/api.w.org\/{rel}","templated":true}]}}