{"id":6456,"date":"2023-01-28T20:14:55","date_gmt":"2023-01-28T20:14:55","guid":{"rendered":"https:\/\/tavapy.gov.py\/biblioteca\/?post_type=product&#038;p=6456"},"modified":"2023-01-28T20:14:55","modified_gmt":"2023-01-28T20:14:55","slug":"marcadas-por-el-odio","status":"publish","type":"product","link":"https:\/\/tavapy.gov.py\/biblioteca\/product\/marcadas-por-el-odio\/","title":{"rendered":"MARCADAS POR EL ODIO."},"content":{"rendered":"","protected":false},"excerpt":{"rendered":"<p>El deseo de un polic\u00eda de saber m\u00e1s sobre la vecina de al lado podr\u00eda resultar mortal<\/p>\n<p>Siendo responsable de la muerte de un p\u00e9rfido traficante de mujeres, Alice Appleton viv\u00eda permanentemente bajo el temor de las represalias. Por eso nadie sab\u00eda nada de su pasado, y as\u00ed le gustaba que fueran las cosas\u2026 hasta que el sexy polic\u00eda vecino suyo llam\u00f3 a su puerta.<\/p>\n<p>El detective Reese Bareden cre\u00eda saber c\u00f3mo atraer a una mujer, pero la evasiva vecina le hizo replantearse sus conocimientos. \u00bfDeber\u00eda ser su objetivo desenmascarar los secretos de Alice? \u00bfDeber\u00eda protegerla de una nueva y peligrosa amenaza?<\/p>\n<p>Lo \u00fanico seguro era que la qu\u00edmica entre ellos era una bomba de relojer\u00eda a punto de estallar. Sin nadie en quien poder confiar, excepto el uno en el otro, pronto Reese y Alice se vieron arrastrados a un mortal laberinto de corrupci\u00f3n, intriga y deseo. Todo en primera l\u00ednea de fuego\u2026<\/p>\n<p>La obra Marcada por el odio fue publicada en el 2.013.<\/p>\n<p><a href=\"https:\/\/tavapy.gov.py\/biblioteca\/wp-content\/uploads\/2023\/01\/FosterL-Marcadas-por-el-odio.pdf\" target=\"_blank\" rel=\"attachment noopener wp-att-6421\"><img loading=\"lazy\" decoding=\"async\" class=\"alignnone size-full wp-image-6421\" src=\"https:\/\/tavapy.gov.py\/biblioteca\/wp-content\/uploads\/2023\/01\/icono-PDF-copia-2-3.png\" alt=\"\" width=\"121\" height=\"140\" \/><\/a><\/p>\n","protected":false},"featured_media":6331,"comment_status":"open","ping_status":"closed","template":"","meta":{"spay_email":""},"product_cat":[783],"product_tag":[],"class_list":{"0":"post-6456","1":"product","2":"type-product","3":"status-publish","4":"has-post-thumbnail","6":"book_author-lori-foster","7":"product_cat-novela-romantica","8":"entry"},"_links":{"self":[{"href":"https:\/\/tavapy.gov.py\/biblioteca\/wp-json\/wp\/v2\/product\/6456","targetHints":{"allow":["GET"]}}],"collection":[{"href":"https:\/\/tavapy.gov.py\/biblioteca\/wp-json\/wp\/v2\/product"}],"about":[{"href":"https:\/\/tavapy.gov.py\/biblioteca\/wp-json\/wp\/v2\/types\/product"}],"replies":[{"embeddable":true,"href":"https:\/\/tavapy.gov.py\/biblioteca\/wp-json\/wp\/v2\/comments?post=6456"}],"wp:featuredmedia":[{"embeddable":true,"href":"https:\/\/tavapy.gov.py\/biblioteca\/wp-json\/wp\/v2\/media\/6331"}],"wp:attachment":[{"href":"https:\/\/tavapy.gov.py\/biblioteca\/wp-json\/wp\/v2\/media?parent=6456"}],"wp:term":[{"taxonomy":"product_cat","embeddable":true,"href":"https:\/\/tavapy.gov.py\/biblioteca\/wp-json\/wp\/v2\/product_cat?post=6456"},{"taxonomy":"product_tag","embeddable":true,"href":"https:\/\/tavapy.gov.py\/biblioteca\/wp-json\/wp\/v2\/product_tag?post=6456"}],"curies":[{"name":"wp","href":"https:\/\/api.w.org\/{rel}","templated":true}]}}