{"id":6457,"date":"2023-01-28T20:18:43","date_gmt":"2023-01-28T20:18:43","guid":{"rendered":"https:\/\/tavapy.gov.py\/biblioteca\/?post_type=product&#038;p=6457"},"modified":"2023-01-28T20:18:43","modified_gmt":"2023-01-28T20:18:43","slug":"a-pesar-de-todo-decir-si-a-la-vida","status":"publish","type":"product","link":"https:\/\/tavapy.gov.py\/biblioteca\/product\/a-pesar-de-todo-decir-si-a-la-vida\/","title":{"rendered":"A PESAR DE TODO, DECIR S\u00cd A LA VIDA."},"content":{"rendered":"","protected":false},"excerpt":{"rendered":"<p>Toda la obra de Viktor E. Frankl est\u00e1 impregnada del profundo conocimiento del ser humano que ten\u00eda su autor, y de una visi\u00f3n humanista que nunca lo abandon\u00f3 y que lo impel\u00eda a buscar a toda costa un sentido a la vida del individuo concreto y de la existencia humana.<\/p>\n<p>As\u00ed, a pesar de los a\u00f1os terribles marcados por su reclusi\u00f3n en campos de concentraci\u00f3n nazis, sus reflexiones sobre el sufrimiento y la libertad esencial del ser humano ponen de relieve en todo momento el valor de la vida y nuestra capacidad para sobreponernos a las peores adversidades.<\/p>\n<p>Este libro recoge tres conferencias y un esbozo autobiogr\u00e1fico hasta ahora in\u00e9ditos en castellano. Liberado en 1945 de su condici\u00f3n de prisionero jud\u00edo, Frankl regres\u00f3 a Viena donde se encargar\u00eda de dirigir la Policl\u00ednica Neurol\u00f3gica y retomar\u00eda la actividad acad\u00e9mica.<\/p>\n<p>En 1946 pronunci\u00f3 tres conferencias que poco despu\u00e9s ver\u00edan la luz en forma de libro y donde empezaba a dejar testimonio de su dolorosa experiencia en los campos. El esbozo autobiogr\u00e1fico que completa este volumen publicado en 1.946, constituye una aproximaci\u00f3n valiosa a su trayectoria vital e intelectual.<\/p>\n<p><a href=\"https:\/\/tavapy.gov.py\/biblioteca\/wp-content\/uploads\/2023\/01\/FrankV-A-pesar-de-todo-decir-si-a-la-vida.pdf\" target=\"_blank\" rel=\"attachment noopener wp-att-6421\"><img loading=\"lazy\" decoding=\"async\" class=\"size-full wp-image-6421 alignleft\" src=\"https:\/\/tavapy.gov.py\/biblioteca\/wp-content\/uploads\/2023\/01\/icono-PDF-copia-2-3.png\" alt=\"\" width=\"121\" height=\"140\" \/><\/a><\/p>\n","protected":false},"featured_media":6333,"comment_status":"open","ping_status":"closed","template":"","meta":{"spay_email":""},"product_cat":[522],"product_tag":[],"class_list":{"0":"post-6457","1":"product","2":"type-product","3":"status-publish","4":"has-post-thumbnail","6":"book_author-viktor-frankl","7":"product_cat-autoayuda-espiritualidad","8":"entry"},"_links":{"self":[{"href":"https:\/\/tavapy.gov.py\/biblioteca\/wp-json\/wp\/v2\/product\/6457","targetHints":{"allow":["GET"]}}],"collection":[{"href":"https:\/\/tavapy.gov.py\/biblioteca\/wp-json\/wp\/v2\/product"}],"about":[{"href":"https:\/\/tavapy.gov.py\/biblioteca\/wp-json\/wp\/v2\/types\/product"}],"replies":[{"embeddable":true,"href":"https:\/\/tavapy.gov.py\/biblioteca\/wp-json\/wp\/v2\/comments?post=6457"}],"wp:featuredmedia":[{"embeddable":true,"href":"https:\/\/tavapy.gov.py\/biblioteca\/wp-json\/wp\/v2\/media\/6333"}],"wp:attachment":[{"href":"https:\/\/tavapy.gov.py\/biblioteca\/wp-json\/wp\/v2\/media?parent=6457"}],"wp:term":[{"taxonomy":"product_cat","embeddable":true,"href":"https:\/\/tavapy.gov.py\/biblioteca\/wp-json\/wp\/v2\/product_cat?post=6457"},{"taxonomy":"product_tag","embeddable":true,"href":"https:\/\/tavapy.gov.py\/biblioteca\/wp-json\/wp\/v2\/product_tag?post=6457"}],"curies":[{"name":"wp","href":"https:\/\/api.w.org\/{rel}","templated":true}]}}